{"id":1898,"date":"2018-11-08T14:18:40","date_gmt":"2018-11-08T13:18:40","guid":{"rendered":"https:\/\/www.patterny.de\/?page_id=1898"},"modified":"2021-06-30T22:29:40","modified_gmt":"2021-06-30T20:29:40","slug":"impressum","status":"publish","type":"page","link":"https:\/\/www.handmadekultur.de\/schnittmuster\/impressum\/","title":{"rendered":"Impressum"},"content":{"rendered":"<p>Dieses Impressum gilt f\u00fcr patterny.de sowie f\u00fcr die Social Media Pr\u00e4senzen von patterny.de auf Facebook, Pinterest und Instagram.<\/p>\n<p>Patterny ist ein Angebot von: <a href=\"https:\/\/www.handmadekultur.de\">Handmade Kultur<\/a><\/p>\n<p>Diensteanbieter: Handmade Kultur, D\u00f6rte Brilling, Nieder Ochtenhausen, Im Dreieck 38, 27432 Bremerv\u00f6rde<br \/>\nUst.-IdNr.: 41\/030\/02325<br \/>\nE-Mail: dbrilling@handmadekultur.de<\/p>\n<p>Inhaltlich verantwortlich f\u00fcr Patterny.de im Sinne des \u00a7 18 Abs. 2 MStV ist D\u00f6rte Brilling, Nieder Ochtenhausen, Im Dreieck 38, 27432 Bremerv\u00f6rde<\/p>\n<p>Wir sind nicht bereit und nicht verpflichtet, an einem Streitbeilegungsverfahren vor einer Verbraucherschlichtungsstelle teilzunehmen.<\/p>\n<p>Die Europ\u00e4ische Kommission stellt eine Plattform zur Online-Streitbeilegung (OS) bereit. Die Plattform finden Sie unter: <a href=\"http:\/\/ec.europa.eu\/consumers\/odr\/\">http:\/\/ec.europa.eu\/consumers\/odr\/<\/a><\/p>\n<p>Unser Angebot enth\u00e4lt Links zu externen Webseiten Dritter, auf deren Inhalte wir keinen Einfluss haben. Deshalb k\u00f6nnen wir f\u00fcr diese fremden Inhalte auch keine abschlie\u00dfende Gew\u00e4hr \u00fcbernehmen. F\u00fcr die Inhalte der verlinkten Seiten ist stets der jeweilige Anbieter oder Betreiber der Seiten verantwortlich. Die verlinkten Seiten wurden zum Zeitpunkt der Verlinkung auf m\u00f6gliche Rechtsverst\u00f6\u00dfe \u00fcberpr\u00fcft. Rechtswidrige Inhalte waren zum Zeitpunkt der Verlinkung nicht erkennbar. Eine permanente inhaltliche Kontrolle der verlinkten Seiten ist jedoch ohne konkrete Anhaltspunkte einer Rechtsverletzung nicht zumutbar. Bei Bekanntwerden von Rechtsverletzungen werden wir derartige Links umgehend entfernen.<\/p>\n<p>&nbsp;<\/p>\n","protected":false},"excerpt":{"rendered":"<p>Dieses Impressum gilt f\u00fcr patterny.de sowie f\u00fcr die Social Media Pr\u00e4senzen von patterny.de auf Facebook, Pinterest und Instagram. Patterny ist ein Angebot von: Handmade Kultur Diensteanbieter: Handmade Kultur, D\u00f6rte Brilling, Nieder Ochtenhausen, Im Dreieck 38, 27432 Bremerv\u00f6rde Ust.-IdNr.: 41\/030\/02325 E-Mail: dbrilling@handmadekultur.de Inhaltlich verantwortlich f\u00fcr Patterny.de im Sinne des \u00a7 18 Abs. 2 MStV ist D\u00f6rte&hellip;<\/p>\n","protected":false},"author":18,"featured_media":0,"parent":0,"menu_order":0,"comment_status":"closed","ping_status":"closed","template":"","meta":{"footnotes":""},"class_list":["post-1898","page","type-page","status-publish","hentry"],"_links":{"self":[{"href":"https:\/\/www.handmadekultur.de\/schnittmuster\/wp-json\/wp\/v2\/pages\/1898","targetHints":{"allow":["GET"]}}],"collection":[{"href":"https:\/\/www.handmadekultur.de\/schnittmuster\/wp-json\/wp\/v2\/pages"}],"about":[{"href":"https:\/\/www.handmadekultur.de\/schnittmuster\/wp-json\/wp\/v2\/types\/page"}],"author":[{"embeddable":true,"href":"https:\/\/www.handmadekultur.de\/schnittmuster\/wp-json\/wp\/v2\/users\/18"}],"replies":[{"embeddable":true,"href":"https:\/\/www.handmadekultur.de\/schnittmuster\/wp-json\/wp\/v2\/comments?post=1898"}],"version-history":[{"count":11,"href":"https:\/\/www.handmadekultur.de\/schnittmuster\/wp-json\/wp\/v2\/pages\/1898\/revisions"}],"predecessor-version":[{"id":25624,"href":"https:\/\/www.handmadekultur.de\/schnittmuster\/wp-json\/wp\/v2\/pages\/1898\/revisions\/25624"}],"wp:attachment":[{"href":"https:\/\/www.handmadekultur.de\/schnittmuster\/wp-json\/wp\/v2\/media?parent=1898"}],"curies":[{"name":"wp","href":"https:\/\/api.w.org\/{rel}","templated":true}]}}