{"id":1495,"date":"2018-09-04T14:51:08","date_gmt":"2018-09-04T12:51:08","guid":{"rendered":"https:\/\/www.patterny.de\/?post_type=product&#038;p=1495"},"modified":"2018-11-11T21:23:05","modified_gmt":"2018-11-11T20:23:05","slug":"schluesselbrett-mit-schluesselanhaenger","status":"publish","type":"product","link":"https:\/\/www.handmadekultur.de\/schnittmuster\/produkt\/schluesselbrett-mit-schluesselanhaenger_1495\/","title":{"rendered":"Schl\u00fcsselbrett mit Schl\u00fcsselanh\u00e4nger"},"content":{"rendered":"<p><strong>Idee\u2009+\u2009Anleitung<\/strong>: <a href=\"http:\/\/www.gesehenundgesehenwerden.de\/\">gesehenundgesehenwerden.de<\/a> <strong>Fotos:<\/strong> Dirk Eisermann, HANDMADE Kultur<\/p>\n<p><strong>Werkzeuge:<\/strong><br \/>\nAkkuschrauber, Schere, Stift, Feuerzeug, N\u00e4hmaschine, Zollstock<br \/>\n<strong>Material:<\/strong><br \/>\nSchrauben, Unterlegscheiben, Anschnaller von Autor\u00fccksitzen und Gurte, eventuell Beize oder buntes Tape, Schl\u00fcssel- oder D-Ringe, 2 Winkelschlaufen f\u00fcr die Aufh\u00e4ngung<\/p>\n<p><strong>Und so wird&#8217;s gemacht:<\/strong><\/p>\n<p><strong>1\u2009|\u2009Klips + Gurte<\/strong><br \/>\nDie Anschnaller und Gurte findet ihr auf dem Autoschrottplatz. Sie kosten um die 5\u00a0Euro pro St\u00fcck und stammen von den R\u00fccksitzen. Einfach mit der Schere abschneiden \u2013 und den entsprechenden Klip mit etwas Gurtband dazu.<\/p>\n<p><strong>2\u2009|\u2009Holzbrett<\/strong><br \/>\nLasst das Holzbrett im Baumarkt zuschneiden oder sucht euch ein St\u00fcck Restholz. Auch Treibholz kann sehr sch\u00f6n aussehen. Kanten entgraten und je nach Geschmack mit Holzbeize behandeln, mit Tape bekleben oder \u00adeinfach nur anstreichen (Abb. 2).<\/p>\n<p><strong>3\u2009|\u2009Gurte versiegeln<\/strong><br \/>\nGurte mit Anschnaller zurechtschneiden und Kante mit Feuerzeug versiegeln. So\u00a0franst sp\u00e4ter nichts aus (Abb. 1).<\/p>\n<p><strong>4\u2009|\u2009Wie viele?<\/strong><br \/>\nSoll euer Schl\u00fcsselbrett ein Single-, P\u00e4rchen- oder Familienschl\u00fcsselbrett werden? Je nach Schl\u00fcsselanzahl Anschnaller gleichm\u00e4\u00dfig auf dem Holzbrett verteilen und die Bohrl\u00f6cher (jeweils zwei) mit Nagel und Hammer vorstechen. Der Anschnaller sollte so positio\u00adniert werden, dass er mit der unteren Kante des Bretts abschlie\u00dft (Abb. 4).<br \/>\n<img loading=\"lazy\" decoding=\"async\" class=\"size-large wp-image-1498 alignnone\" src=\"https:\/\/www.handmadekultur.de\/schnittmuster\/wp-content\/uploads\/2018\/09\/1-4-1024x492.png\" alt=\"\" width=\"1024\" height=\"492\" srcset=\"https:\/\/www.handmadekultur.de\/schnittmuster\/up\/2018\/09\/1-4-1024x492.png 1024w, https:\/\/www.handmadekultur.de\/schnittmuster\/up\/2018\/09\/1-4-300x144.png 300w, https:\/\/www.handmadekultur.de\/schnittmuster\/up\/2018\/09\/1-4-845x406.png 845w, https:\/\/www.handmadekultur.de\/schnittmuster\/up\/2018\/09\/1-4-600x288.png 600w, https:\/\/www.handmadekultur.de\/schnittmuster\/up\/2018\/09\/1-4.png 1948w\" sizes=\"auto, (max-width: 1024px) 100vw, 1024px\" \/><\/p>\n<p><strong>5\u2009|\u2009Befestigung<\/strong><br \/>\nJeweils mit zwei kurzen Schrauben und Unterlegscheiben festschrauben (Abb. 4).<\/p>\n<p><strong>6\u2009|\u2009Winkelschlaufen<\/strong><br \/>\nAn die R\u00fcckseite des Bretts kommen als Aufh\u00e4ngung zwei Winkelschlaufen. Haken in die Wand und einh\u00e4ngen!<\/p>\n<p><strong>7\u2009|\u2009Schl\u00fcsselanh\u00e4nger<\/strong><br \/>\nDamit ihr auch etwas zum Reinklicken habt, n\u00e4ht ihr nun an die Klips noch Gurtb\u00e4nder, in die entweder D-Ringe oder gro\u00dfe Schl\u00fcsselringe eingen\u00e4ht werden (Abb. 3).<\/p>\n<p><strong>Alle zu Hause?<\/strong><\/p>\n<p>&nbsp;<\/p>\n<p>&nbsp;<\/p>\n","protected":false},"excerpt":{"rendered":"<h4>Mit Schl\u00fcsselb\u00e4ndern lockt man nun wirklich keinen mehr hinterm Ofen hervor. Aber diese Anschnaller sind doch der Knaller. Oder?<\/h4>\n<p><em>Du willst wissen, wie du dir auch so ein cooles Schl\u00fcsselteil bauen kannst? Dann scrolle einfach etwas runter!<\/em><\/p>\n","protected":false},"featured_media":1499,"comment_status":"open","ping_status":"closed","template":"","meta":[],"product_brand":[],"product_cat":[218],"product_tag":[220,221,224,222,219,223],"class_list":{"0":"post-1495","1":"product","2":"type-product","3":"status-publish","4":"has-post-thumbnail","6":"product_cat-living-home","7":"product_tag-diy","8":"product_tag-handwerken","9":"product_tag-holzwerken","10":"product_tag-schluesselanhaenger","11":"product_tag-schluesselbrett","12":"product_tag-upcycling","14":"first","15":"instock","16":"virtual","17":"product-type-simple"},"_links":{"self":[{"href":"https:\/\/www.handmadekultur.de\/schnittmuster\/wp-json\/wp\/v2\/product\/1495","targetHints":{"allow":["GET"]}}],"collection":[{"href":"https:\/\/www.handmadekultur.de\/schnittmuster\/wp-json\/wp\/v2\/product"}],"about":[{"href":"https:\/\/www.handmadekultur.de\/schnittmuster\/wp-json\/wp\/v2\/types\/product"}],"replies":[{"embeddable":true,"href":"https:\/\/www.handmadekultur.de\/schnittmuster\/wp-json\/wp\/v2\/comments?post=1495"}],"wp:featuredmedia":[{"embeddable":true,"href":"https:\/\/www.handmadekultur.de\/schnittmuster\/wp-json\/wp\/v2\/media\/1499"}],"wp:attachment":[{"href":"https:\/\/www.handmadekultur.de\/schnittmuster\/wp-json\/wp\/v2\/media?parent=1495"}],"wp:term":[{"taxonomy":"product_brand","embeddable":true,"href":"https:\/\/www.handmadekultur.de\/schnittmuster\/wp-json\/wp\/v2\/product_brand?post=1495"},{"taxonomy":"product_cat","embeddable":true,"href":"https:\/\/www.handmadekultur.de\/schnittmuster\/wp-json\/wp\/v2\/product_cat?post=1495"},{"taxonomy":"product_tag","embeddable":true,"href":"https:\/\/www.handmadekultur.de\/schnittmuster\/wp-json\/wp\/v2\/product_tag?post=1495"}],"curies":[{"name":"wp","href":"https:\/\/api.w.org\/{rel}","templated":true}]}}