{"id":1500,"date":"2018-09-04T16:05:37","date_gmt":"2018-09-04T14:05:37","guid":{"rendered":"https:\/\/www.patterny.de\/?post_type=product&#038;p=1500"},"modified":"2025-04-29T19:50:26","modified_gmt":"2025-04-29T19:50:26","slug":"fingerringe-aus-aludraht-und-alten-tastaturen","status":"publish","type":"product","link":"https:\/\/www.handmadekultur.de\/schnittmuster\/produkt\/fingerringe-aus-aludraht-und-alten-tastaturen_1500\/","title":{"rendered":"Fingerringe aus Aludraht und alten Tastaturen"},"content":{"rendered":"<p><strong>Anleitung<\/strong>: Jutta Carla Hecker, <strong>Fotos<\/strong>: Tobias St\u00e4bler, HANDMADE Kultur<\/p>\n<p><strong><img loading=\"lazy\" decoding=\"async\" class=\"alignnone size-full wp-image-1505\" src=\"https:\/\/www.handmadekultur.de\/schnittmuster\/wp-content\/uploads\/2018\/09\/MaterialRing.jpg\" alt=\"\" width=\"600\" height=\"400\" srcset=\"https:\/\/www.handmadekultur.de\/schnittmuster\/up\/2018\/09\/MaterialRing.jpg 600w, https:\/\/www.handmadekultur.de\/schnittmuster\/up\/2018\/09\/MaterialRing-300x200.jpg 300w\" sizes=\"auto, (max-width: 600px) 100vw, 600px\" \/><\/strong><\/p>\n<p><strong>Werkzeug:<\/strong><br \/>\nBohrmaschine oder Akkubohrer, 3er Holzbohrer; b Seitenschneider, Rundfeile (Durchmesser ca.\u20093\u2009mm), gekr\u00fcmmte Flachzange, Rundzange<br \/>\n<strong>Material:<\/strong><br \/>\nAludraht, 2\u2009mm stark, farbig oder einfarbig; blanker oder farbiger Silberdraht, 0,25\u2009mm stark; Tasten und Kn\u00f6pfe; Rundh\u00f6lzer bzw. Stiftrollen (in Ringgr\u00f6\u00dfe); Holz- bzw. Stullenbrett als Unterlage<\/p>\n<p><strong>Hinweis:<\/strong><br \/>\nFarbiger Aludraht ist beschichtet. Beim Tragen und vor allem beim Biegen kann sich die Beschichtung l\u00f6sen. Mein Tipp: Wer unbedingt farbigen Draht verwenden m\u00f6chte, kann die Zange, mit der gebogen wird, mit einem Tuch sch\u00fctzen.<\/p>\n<p><strong>Und so geht&#8217;s:<br \/>\n<\/strong><br \/>\n<strong>A\u2009|\u2009Tastenvariante<\/strong><br \/>\n<strong>1.<\/strong> Ca. 35\u2009cm des 2\u2009mm starken Aludrahts abschneiden und mittig mehrmals (ein- bis dreimal) um das Rundholz bzw. die Stiftrolle\u00a0 wickeln. Nach max. drei Windungen einmal verzwirbeln und die \u00fcberh\u00e4ngenden Drahtenden zum \u00bbNest\u00ab legen. Beide Drahtenden mit Rundzange in 90-Grad-Winkel biegen und beiseitelegen.<br \/>\n<strong>Tipp:<\/strong> Als Vorlage f\u00fcr den Ringdurchmesser k\u00f6nnt ihr alles verwenden, was rund ist und dem Durchmesser des Ringfingers entspricht: Marker, Labello-H\u00fclsen usw.<\/p>\n<p><img loading=\"lazy\" decoding=\"async\" class=\"alignnone size-full wp-image-1518\" src=\"https:\/\/www.handmadekultur.de\/schnittmuster\/wp-content\/uploads\/2018\/09\/Ring11.jpg\" alt=\"\" width=\"600\" height=\"400\" srcset=\"https:\/\/www.handmadekultur.de\/schnittmuster\/up\/2018\/09\/Ring11.jpg 600w, https:\/\/www.handmadekultur.de\/schnittmuster\/up\/2018\/09\/Ring11-300x200.jpg 300w\" sizes=\"auto, (max-width: 600px) 100vw, 600px\" \/><\/p>\n<p><img loading=\"lazy\" decoding=\"async\" class=\"alignnone size-full wp-image-1517\" src=\"https:\/\/www.handmadekultur.de\/schnittmuster\/wp-content\/uploads\/2018\/09\/Ring22.jpg\" alt=\"\" width=\"600\" height=\"300\" srcset=\"https:\/\/www.handmadekultur.de\/schnittmuster\/up\/2018\/09\/Ring22.jpg 600w, https:\/\/www.handmadekultur.de\/schnittmuster\/up\/2018\/09\/Ring22-300x150.jpg 300w\" sizes=\"auto, (max-width: 600px) 100vw, 600px\" \/><\/p>\n<p><img loading=\"lazy\" decoding=\"async\" class=\"alignnone size-full wp-image-1520\" src=\"https:\/\/www.handmadekultur.de\/schnittmuster\/wp-content\/uploads\/2018\/09\/ringe-1.jpg\" alt=\"\" width=\"600\" height=\"400\" srcset=\"https:\/\/www.handmadekultur.de\/schnittmuster\/up\/2018\/09\/ringe-1.jpg 600w, https:\/\/www.handmadekultur.de\/schnittmuster\/up\/2018\/09\/ringe-1-300x200.jpg 300w\" sizes=\"auto, (max-width: 600px) 100vw, 600px\" \/><\/p>\n<p><strong>2.<\/strong> Ausgebaute Taste einer alten Tastatur auf eine Holzunterlage legen und auf zwei gegen\u00fcberliegenden Seiten mit dem 3er Bohrer\u00a0 durchbohren. Bohrl\u00f6cher mit Rundfeile entsch\u00e4rfen.<\/p>\n<p><img loading=\"lazy\" decoding=\"async\" class=\"alignnone size-full wp-image-1519\" src=\"https:\/\/www.handmadekultur.de\/schnittmuster\/wp-content\/uploads\/2018\/09\/Ring2.jpg\" alt=\"\" width=\"600\" height=\"300\" srcset=\"https:\/\/www.handmadekultur.de\/schnittmuster\/up\/2018\/09\/Ring2.jpg 600w, https:\/\/www.handmadekultur.de\/schnittmuster\/up\/2018\/09\/Ring2-300x150.jpg 300w\" sizes=\"auto, (max-width: 600px) 100vw, 600px\" \/><\/p>\n<p><strong>3.<\/strong> Gebogene Drahtenden von au\u00dfen in die Tastenl\u00f6cher stecken und randr\u00fccken.<\/p>\n<p><img loading=\"lazy\" decoding=\"async\" class=\"alignnone size-full wp-image-1516\" src=\"https:\/\/www.handmadekultur.de\/schnittmuster\/wp-content\/uploads\/2018\/09\/Ring4.jpg\" alt=\"\" width=\"600\" height=\"400\" srcset=\"https:\/\/www.handmadekultur.de\/schnittmuster\/up\/2018\/09\/Ring4.jpg 600w, https:\/\/www.handmadekultur.de\/schnittmuster\/up\/2018\/09\/Ring4-300x200.jpg 300w\" sizes=\"auto, (max-width: 600px) 100vw, 600px\" \/><\/p>\n<p><strong>B\u2009|\u2009Knopfvariante 1: \u00d6se<\/strong><br \/>\n<strong>1.<\/strong> Ca. 35\u2009cm des 2\u2009mm starken Aludrahts durch die Knopf-\u00d6se \u00adf\u00e4deln und Knopf mittig \u00adpositionieren. An dieser Stelle um Rundholz legen und zwei- bis dreimal zum Ring biegen. Drahtenden unterhalb des Knopfes um die \u00d6se legen, ggf. abkneifen und Drahtenden verstecken.<\/p>\n<p><img loading=\"lazy\" decoding=\"async\" class=\"alignnone size-full wp-image-1508\" src=\"https:\/\/www.handmadekultur.de\/schnittmuster\/wp-content\/uploads\/2018\/09\/Bild14.jpg\" alt=\"\" width=\"600\" height=\"300\" srcset=\"https:\/\/www.handmadekultur.de\/schnittmuster\/up\/2018\/09\/Bild14.jpg 600w, https:\/\/www.handmadekultur.de\/schnittmuster\/up\/2018\/09\/Bild14-300x150.jpg 300w\" sizes=\"auto, (max-width: 600px) 100vw, 600px\" \/><\/p>\n<p><img loading=\"lazy\" decoding=\"async\" class=\"alignnone size-full wp-image-1507\" src=\"https:\/\/www.handmadekultur.de\/schnittmuster\/wp-content\/uploads\/2018\/09\/Bild15.jpg\" alt=\"\" width=\"600\" height=\"300\" srcset=\"https:\/\/www.handmadekultur.de\/schnittmuster\/up\/2018\/09\/Bild15.jpg 600w, https:\/\/www.handmadekultur.de\/schnittmuster\/up\/2018\/09\/Bild15-300x150.jpg 300w\" sizes=\"auto, (max-width: 600px) 100vw, 600px\" \/><\/p>\n<p><img loading=\"lazy\" decoding=\"async\" class=\"alignnone size-full wp-image-1506\" src=\"https:\/\/www.handmadekultur.de\/schnittmuster\/wp-content\/uploads\/2018\/09\/Bild16.jpg\" alt=\"\" width=\"600\" height=\"300\" srcset=\"https:\/\/www.handmadekultur.de\/schnittmuster\/up\/2018\/09\/Bild16.jpg 600w, https:\/\/www.handmadekultur.de\/schnittmuster\/up\/2018\/09\/Bild16-300x150.jpg 300w\" sizes=\"auto, (max-width: 600px) 100vw, 600px\" \/><\/p>\n<p><strong>C\u2009|\u2009Knopfvariante 2: L\u00f6cher<\/strong><br \/>\n<strong>1<\/strong>. Draht wie in A\/1. um das Rundholz biegen, aber nicht verzwirbeln. Den Knopf auf Drahtenden aufstecken.<br \/>\n<strong>Hinweis:<\/strong> Die Knopfl\u00f6cher m\u00fcssen mind. so gro\u00df sein, dass man den Draht problemlos durchf\u00e4deln kann.<\/p>\n<p><img loading=\"lazy\" decoding=\"async\" class=\"alignnone size-full wp-image-1511\" src=\"https:\/\/www.handmadekultur.de\/schnittmuster\/wp-content\/uploads\/2018\/09\/Ring10.jpg\" alt=\"\" width=\"600\" height=\"300\" srcset=\"https:\/\/www.handmadekultur.de\/schnittmuster\/up\/2018\/09\/Ring10.jpg 600w, https:\/\/www.handmadekultur.de\/schnittmuster\/up\/2018\/09\/Ring10-300x150.jpg 300w\" sizes=\"auto, (max-width: 600px) 100vw, 600px\" \/><\/p>\n<p><img loading=\"lazy\" decoding=\"async\" class=\"alignnone size-full wp-image-1512\" src=\"https:\/\/www.handmadekultur.de\/schnittmuster\/wp-content\/uploads\/2018\/09\/Ring8.jpg\" alt=\"\" width=\"600\" height=\"300\" srcset=\"https:\/\/www.handmadekultur.de\/schnittmuster\/up\/2018\/09\/Ring8.jpg 600w, https:\/\/www.handmadekultur.de\/schnittmuster\/up\/2018\/09\/Ring8-300x150.jpg 300w\" sizes=\"auto, (max-width: 600px) 100vw, 600px\" \/><\/p>\n<p><img loading=\"lazy\" decoding=\"async\" class=\"alignnone size-full wp-image-1513\" src=\"https:\/\/www.handmadekultur.de\/schnittmuster\/wp-content\/uploads\/2018\/09\/Ring7.jpg\" alt=\"\" width=\"600\" height=\"300\" srcset=\"https:\/\/www.handmadekultur.de\/schnittmuster\/up\/2018\/09\/Ring7.jpg 600w, https:\/\/www.handmadekultur.de\/schnittmuster\/up\/2018\/09\/Ring7-300x150.jpg 300w\" sizes=\"auto, (max-width: 600px) 100vw, 600px\" \/><\/p>\n<p><img loading=\"lazy\" decoding=\"async\" class=\"alignnone size-full wp-image-1514\" src=\"https:\/\/www.handmadekultur.de\/schnittmuster\/wp-content\/uploads\/2018\/09\/Ring6.jpg\" alt=\"\" width=\"600\" height=\"300\" srcset=\"https:\/\/www.handmadekultur.de\/schnittmuster\/up\/2018\/09\/Ring6.jpg 600w, https:\/\/www.handmadekultur.de\/schnittmuster\/up\/2018\/09\/Ring6-300x150.jpg 300w\" sizes=\"auto, (max-width: 600px) 100vw, 600px\" \/><\/p>\n<p><strong>2.<\/strong> Ein Drahtende um das andere Ende zur Spirale legen. Anderes Drahtende ebenfalls in Spirale einarbeiten, ggf. k\u00fcrzen.<\/p>\n<p>&nbsp;<\/p>\n<p>&nbsp;<\/p>\n","protected":false},"excerpt":{"rendered":"<h4>Aus Aludraht, alten Tastaturen und Kn\u00f6pfen aus Omas Kiste basteln wir heute tolle Klunker. Macht ihr mit?<\/h4>\n<p><em>Du willst wissen, wie du dir auch so einen imposanten Schmuck basteln kannst? Scrolle einfach ein bisschen runter!<\/em><\/p>\n","protected":false},"featured_media":1501,"comment_status":"open","ping_status":"closed","template":"","meta":[],"product_brand":[],"product_cat":[225],"product_tag":[220,230,229,228,226,227],"class_list":{"0":"post-1500","1":"product","2":"type-product","3":"status-publish","4":"has-post-thumbnail","6":"product_cat-schmuck","7":"product_tag-diy","8":"product_tag-draht","9":"product_tag-fingerring-ringe","10":"product_tag-ring","11":"product_tag-schmuck","12":"product_tag-selbstgemacht","14":"first","15":"instock","16":"product-type-simple"},"_links":{"self":[{"href":"https:\/\/www.handmadekultur.de\/schnittmuster\/wp-json\/wp\/v2\/product\/1500","targetHints":{"allow":["GET"]}}],"collection":[{"href":"https:\/\/www.handmadekultur.de\/schnittmuster\/wp-json\/wp\/v2\/product"}],"about":[{"href":"https:\/\/www.handmadekultur.de\/schnittmuster\/wp-json\/wp\/v2\/types\/product"}],"replies":[{"embeddable":true,"href":"https:\/\/www.handmadekultur.de\/schnittmuster\/wp-json\/wp\/v2\/comments?post=1500"}],"wp:featuredmedia":[{"embeddable":true,"href":"https:\/\/www.handmadekultur.de\/schnittmuster\/wp-json\/wp\/v2\/media\/1501"}],"wp:attachment":[{"href":"https:\/\/www.handmadekultur.de\/schnittmuster\/wp-json\/wp\/v2\/media?parent=1500"}],"wp:term":[{"taxonomy":"product_brand","embeddable":true,"href":"https:\/\/www.handmadekultur.de\/schnittmuster\/wp-json\/wp\/v2\/product_brand?post=1500"},{"taxonomy":"product_cat","embeddable":true,"href":"https:\/\/www.handmadekultur.de\/schnittmuster\/wp-json\/wp\/v2\/product_cat?post=1500"},{"taxonomy":"product_tag","embeddable":true,"href":"https:\/\/www.handmadekultur.de\/schnittmuster\/wp-json\/wp\/v2\/product_tag?post=1500"}],"curies":[{"name":"wp","href":"https:\/\/api.w.org\/{rel}","templated":true}]}}