{"id":1531,"date":"2018-09-04T19:06:03","date_gmt":"2018-09-04T17:06:03","guid":{"rendered":"https:\/\/www.patterny.de\/?post_type=product&#038;p=1531"},"modified":"2025-04-29T19:48:09","modified_gmt":"2025-04-29T19:48:09","slug":"cooles-upcycling-eine-federtasche-aus-einem-bucheinband","status":"publish","type":"product","link":"https:\/\/www.handmadekultur.de\/schnittmuster\/produkt\/cooles-upcycling-eine-federtasche-aus-einem-bucheinband_1531\/","title":{"rendered":"Cooles Upcycling! Eine Federtasche aus einem Bucheinband"},"content":{"rendered":"<p><strong>Idee und Anleitung:<\/strong> HANDMADE Kultur, <strong>Fotos:<\/strong> Thordis R\u00fcggeberg, HANDMADE Kultur<\/p>\n<p><strong>Werkzeug:<br \/>\n<\/strong>Schere, N\u00e4hmaschine, Cutter, d Stift, Lineal, Schneidematte<strong><br \/>\n<\/strong><\/p>\n<p><strong>Material:<br \/>\n<\/strong>Garn, Dispersionskleber (z.\u2009B. von boesner), kleines Filzst\u00fcck, etwas Gummiband oder Stoffreste, Rei\u00dfverschluss, Bastelkleber, Klemmen, ein altes Buch<\/p>\n<p><strong>Und so geht&#8217;s:<\/strong><\/p>\n<p><strong>1\u2009|\u2009Entkernen<\/strong><br \/>\nZun\u00e4chst \u00bbentkernen\u00ab wir das Buch, indem wir mit dem \u00adCutter den Seitenblock vorsichtig he\u00adraus\u00adtrennen, so\u00addass nur noch der Leinen\u00adeinband \u00fcbrig bleibt.<\/p>\n<p><img loading=\"lazy\" decoding=\"async\" class=\"alignnone size-full wp-image-1533\" src=\"https:\/\/www.handmadekultur.de\/schnittmuster\/wp-content\/uploads\/2018\/09\/4V7B_1139.jpg\" alt=\"\" width=\"600\" height=\"300\" srcset=\"https:\/\/www.handmadekultur.de\/schnittmuster\/up\/2018\/09\/4V7B_1139.jpg 600w, https:\/\/www.handmadekultur.de\/schnittmuster\/up\/2018\/09\/4V7B_1139-300x150.jpg 300w\" sizes=\"auto, (max-width: 600px) 100vw, 600px\" \/><br \/>\n<img loading=\"lazy\" decoding=\"async\" class=\"alignnone size-full wp-image-1536\" src=\"https:\/\/www.handmadekultur.de\/schnittmuster\/wp-content\/uploads\/2018\/09\/4V7B_1151.jpg\" alt=\"\" width=\"600\" height=\"300\" srcset=\"https:\/\/www.handmadekultur.de\/schnittmuster\/up\/2018\/09\/4V7B_1151.jpg 600w, https:\/\/www.handmadekultur.de\/schnittmuster\/up\/2018\/09\/4V7B_1151-300x150.jpg 300w\" sizes=\"auto, (max-width: 600px) 100vw, 600px\" \/><\/p>\n<p><strong>2\u2009|\u2009Rei\u00dfverschluss<\/strong><br \/>\nAn dieser Stelle wird schon der Rei\u00dfverschluss eingen\u00e4ht. Stellt eure N\u00e4hmaschine auf die h\u00f6chste Fadenspannungsstufe ein und legt eine Stichbreite von 3,5 fest. Von au\u00dfen einn\u00e4hen und den Anfang verriegeln!<\/p>\n<p><img loading=\"lazy\" decoding=\"async\" class=\"alignnone size-full wp-image-1545\" src=\"https:\/\/www.handmadekultur.de\/schnittmuster\/wp-content\/uploads\/2018\/09\/RVeinnaehen.jpg\" alt=\"\" width=\"600\" height=\"400\" srcset=\"https:\/\/www.handmadekultur.de\/schnittmuster\/up\/2018\/09\/RVeinnaehen.jpg 600w, https:\/\/www.handmadekultur.de\/schnittmuster\/up\/2018\/09\/RVeinnaehen-300x200.jpg 300w\" sizes=\"auto, (max-width: 600px) 100vw, 600px\" \/><\/p>\n<p><strong>3\u2009|\u2009Ecken<\/strong><br \/>\nAn den Buchecken wird der Rei\u00dfverschluss zwei- bis dreimal etwa 4\u2009mm eingeschnitten, geschickt in den 90-Grad-Winkel gelegt und abgesteppt. Wer auf Nummer sicher gehen m\u00f6chte, spannt das Buchcover aus, schneidet den Rei\u00dfverschluss ein und fixiert die Rundung mit etwas Kleber. Dann einfach am Nahtende wieder ansetzen, Nadel versenken und die Ecke im 90-Grad-Winkel absteppen. An den Enden wie gewohnt verriegeln.<\/p>\n<p><img loading=\"lazy\" decoding=\"async\" class=\"alignnone size-full wp-image-1532\" src=\"https:\/\/www.handmadekultur.de\/schnittmuster\/wp-content\/uploads\/2018\/09\/4V7B_1127.jpg\" alt=\"\" width=\"600\" height=\"300\" srcset=\"https:\/\/www.handmadekultur.de\/schnittmuster\/up\/2018\/09\/4V7B_1127.jpg 600w, https:\/\/www.handmadekultur.de\/schnittmuster\/up\/2018\/09\/4V7B_1127-300x150.jpg 300w\" sizes=\"auto, (max-width: 600px) 100vw, 600px\" \/><br \/>\n<img loading=\"lazy\" decoding=\"async\" class=\"alignnone size-full wp-image-1534\" src=\"https:\/\/www.handmadekultur.de\/schnittmuster\/wp-content\/uploads\/2018\/09\/4V7B_1146.jpg\" alt=\"\" width=\"600\" height=\"300\" srcset=\"https:\/\/www.handmadekultur.de\/schnittmuster\/up\/2018\/09\/4V7B_1146.jpg 600w, https:\/\/www.handmadekultur.de\/schnittmuster\/up\/2018\/09\/4V7B_1146-300x150.jpg 300w\" sizes=\"auto, (max-width: 600px) 100vw, 600px\" \/><br \/>\n<img loading=\"lazy\" decoding=\"async\" class=\"alignnone size-full wp-image-1535\" src=\"https:\/\/www.handmadekultur.de\/schnittmuster\/wp-content\/uploads\/2018\/09\/4V7B_1149.jpg\" alt=\"\" width=\"600\" height=\"400\" srcset=\"https:\/\/www.handmadekultur.de\/schnittmuster\/up\/2018\/09\/4V7B_1149.jpg 600w, https:\/\/www.handmadekultur.de\/schnittmuster\/up\/2018\/09\/4V7B_1149-300x200.jpg 300w\" sizes=\"auto, (max-width: 600px) 100vw, 600px\" \/><\/p>\n<p><strong>4\u2009|\u2009RV-Ende<\/strong><br \/>\nSollte der Rei\u00dfverschluss zu lang sein, einfach k\u00fcrzen, und zwar so, dass der Rei\u00dfverschluss noch ein paar Zentimeter ins Buch\u00adinnere l\u00e4uft. RV-Z\u00e4hnchen nach dem Abschneiden verriegeln.<\/p>\n<p><img loading=\"lazy\" decoding=\"async\" class=\"alignnone size-full wp-image-1538\" src=\"https:\/\/www.handmadekultur.de\/schnittmuster\/wp-content\/uploads\/2018\/09\/RVschnitt.jpg\" alt=\"\" width=\"600\" height=\"300\" srcset=\"https:\/\/www.handmadekultur.de\/schnittmuster\/up\/2018\/09\/RVschnitt.jpg 600w, https:\/\/www.handmadekultur.de\/schnittmuster\/up\/2018\/09\/RVschnitt-300x150.jpg 300w\" sizes=\"auto, (max-width: 600px) 100vw, 600px\" \/><br \/>\n<img loading=\"lazy\" decoding=\"async\" class=\"alignnone size-full wp-image-1539\" src=\"https:\/\/www.handmadekultur.de\/schnittmuster\/wp-content\/uploads\/2018\/09\/BMoffenplan.jpg\" alt=\"\" width=\"600\" height=\"300\" srcset=\"https:\/\/www.handmadekultur.de\/schnittmuster\/up\/2018\/09\/BMoffenplan.jpg 600w, https:\/\/www.handmadekultur.de\/schnittmuster\/up\/2018\/09\/BMoffenplan-300x150.jpg 300w\" sizes=\"auto, (max-width: 600px) 100vw, 600px\" \/><br \/>\n<img loading=\"lazy\" decoding=\"async\" class=\"alignnone size-full wp-image-1537\" src=\"https:\/\/www.handmadekultur.de\/schnittmuster\/wp-content\/uploads\/2018\/09\/4V7B_1157.jpg\" alt=\"\" width=\"600\" height=\"300\" srcset=\"https:\/\/www.handmadekultur.de\/schnittmuster\/up\/2018\/09\/4V7B_1157.jpg 600w, https:\/\/www.handmadekultur.de\/schnittmuster\/up\/2018\/09\/4V7B_1157-300x150.jpg 300w\" sizes=\"auto, (max-width: 600px) 100vw, 600px\" \/><\/p>\n<p><strong>5\u2009|\u2009RV-Anfang<\/strong><br \/>\nDer RV-Anfang wird eingeknickt und mit Kleber fixiert. Mit einer Klammer einspannen und so trocknen lassen.<\/p>\n<p><strong>6\u2009|\u2009Filz F\u00fcttert!<\/strong><br \/>\nDas Innenfutter ist aus 2\u20133\u2009mm starkem Filz. Sicherlich kann man auch andere Materialien nutzen, z.\u2009B. Papier. Die Filzplatte wird exakt so gro\u00df zugeschnitten wie das Buchcover.<\/p>\n<p><img loading=\"lazy\" decoding=\"async\" class=\"alignnone size-full wp-image-1540\" src=\"https:\/\/www.handmadekultur.de\/schnittmuster\/wp-content\/uploads\/2018\/09\/MAterialFilz.jpg\" alt=\"\" width=\"600\" height=\"300\" srcset=\"https:\/\/www.handmadekultur.de\/schnittmuster\/up\/2018\/09\/MAterialFilz.jpg 600w, https:\/\/www.handmadekultur.de\/schnittmuster\/up\/2018\/09\/MAterialFilz-300x150.jpg 300w\" sizes=\"auto, (max-width: 600px) 100vw, 600px\" \/><\/p>\n<p><strong>7\u2009|\u2009Innentasche?<\/strong><br \/>\nJetzt m\u00fcsst ihr entscheiden, was eure Buchh\u00fclle sp\u00e4ter beherbergen soll: Stifte und Lineal, ein Notizbuch, wichtige Dokumente? Oder Tabak, Bl\u00e4ttchen und Filter? Wir haben uns f\u00fcr eine Dokumenten\u00adtasche entschieden. Deshalb schneidern wir kurzerhand ein paar Einsteckf\u00e4cher mit Stifthalter in der Mitte.<\/p>\n<p><img loading=\"lazy\" decoding=\"async\" class=\"alignnone size-full wp-image-1543\" src=\"https:\/\/www.handmadekultur.de\/schnittmuster\/wp-content\/uploads\/2018\/09\/BMoffen.jpg\" alt=\"\" width=\"600\" height=\"400\" srcset=\"https:\/\/www.handmadekultur.de\/schnittmuster\/up\/2018\/09\/BMoffen.jpg 600w, https:\/\/www.handmadekultur.de\/schnittmuster\/up\/2018\/09\/BMoffen-300x200.jpg 300w\" sizes=\"auto, (max-width: 600px) 100vw, 600px\" \/><\/p>\n<p><strong>8\u2009|\u2009Kleben<\/strong><br \/>\nJetzt werden sowohl das Cover (nicht der Buchr\u00fccken) als auch die Filzplatte (auch hier den Mittelstreifen aussparen) mit Dispersionskleber eingepinselt.<\/p>\n<p><img loading=\"lazy\" decoding=\"async\" class=\"alignnone size-full wp-image-1542\" src=\"https:\/\/www.handmadekultur.de\/schnittmuster\/wp-content\/uploads\/2018\/09\/BMKLebe.jpg\" alt=\"\" width=\"600\" height=\"300\" srcset=\"https:\/\/www.handmadekultur.de\/schnittmuster\/up\/2018\/09\/BMKLebe.jpg 600w, https:\/\/www.handmadekultur.de\/schnittmuster\/up\/2018\/09\/BMKLebe-300x150.jpg 300w\" sizes=\"auto, (max-width: 600px) 100vw, 600px\" \/><br \/>\n<img loading=\"lazy\" decoding=\"async\" class=\"alignnone size-full wp-image-1541\" src=\"https:\/\/www.handmadekultur.de\/schnittmuster\/wp-content\/uploads\/2018\/09\/BMoffenKlebe.jpg\" alt=\"\" width=\"600\" height=\"400\" srcset=\"https:\/\/www.handmadekultur.de\/schnittmuster\/up\/2018\/09\/BMoffenKlebe.jpg 600w, https:\/\/www.handmadekultur.de\/schnittmuster\/up\/2018\/09\/BMoffenKlebe-300x200.jpg 300w\" sizes=\"auto, (max-width: 600px) 100vw, 600px\" \/><\/p>\n<p><strong>9\u2009|\u2009Gewicht!<\/strong><br \/>\nFilz auf Buchh\u00fclle positionieren und beschweren. Auf diese Art mind. einen Tag trocknen lassen.<\/p>\n","protected":false},"excerpt":{"rendered":"<h5>Taschen aus B\u00fcchern? Ja, zum Beispiel: F\u00fcr Kosmetik, Schreibutensilien oder als Briefpost-Set zum Verschenken. Was liest du denn gerade?<\/h5>\n<p><em>Du willst wissen, wie das geht? Dann scrolle einfach ein bisschen runter!<br \/>\n<\/em><\/p>\n","protected":false},"featured_media":1546,"comment_status":"open","ping_status":"closed","template":"","meta":[],"product_brand":[],"product_cat":[206,207,231],"product_tag":[234,220,232,233,223],"class_list":{"0":"post-1531","1":"product","2":"type-product","3":"status-publish","4":"has-post-thumbnail","6":"product_cat-diy","7":"product_cat-mappen-huellen","8":"product_cat-upcycling","9":"product_tag-alte-buecher","10":"product_tag-diy","11":"product_tag-federtasche","12":"product_tag-kunst-aus-buechern","13":"product_tag-upcycling","15":"first","16":"instock","17":"virtual","18":"product-type-simple"},"_links":{"self":[{"href":"https:\/\/www.handmadekultur.de\/schnittmuster\/wp-json\/wp\/v2\/product\/1531","targetHints":{"allow":["GET"]}}],"collection":[{"href":"https:\/\/www.handmadekultur.de\/schnittmuster\/wp-json\/wp\/v2\/product"}],"about":[{"href":"https:\/\/www.handmadekultur.de\/schnittmuster\/wp-json\/wp\/v2\/types\/product"}],"replies":[{"embeddable":true,"href":"https:\/\/www.handmadekultur.de\/schnittmuster\/wp-json\/wp\/v2\/comments?post=1531"}],"wp:featuredmedia":[{"embeddable":true,"href":"https:\/\/www.handmadekultur.de\/schnittmuster\/wp-json\/wp\/v2\/media\/1546"}],"wp:attachment":[{"href":"https:\/\/www.handmadekultur.de\/schnittmuster\/wp-json\/wp\/v2\/media?parent=1531"}],"wp:term":[{"taxonomy":"product_brand","embeddable":true,"href":"https:\/\/www.handmadekultur.de\/schnittmuster\/wp-json\/wp\/v2\/product_brand?post=1531"},{"taxonomy":"product_cat","embeddable":true,"href":"https:\/\/www.handmadekultur.de\/schnittmuster\/wp-json\/wp\/v2\/product_cat?post=1531"},{"taxonomy":"product_tag","embeddable":true,"href":"https:\/\/www.handmadekultur.de\/schnittmuster\/wp-json\/wp\/v2\/product_tag?post=1531"}],"curies":[{"name":"wp","href":"https:\/\/api.w.org\/{rel}","templated":true}]}}