{"id":1585,"date":"2018-09-08T16:37:30","date_gmt":"2018-09-08T14:37:30","guid":{"rendered":"https:\/\/www.patterny.de\/?post_type=product&#038;p=1585"},"modified":"2025-04-29T19:38:48","modified_gmt":"2025-04-29T19:38:48","slug":"nichts-fuer-teetassen-oder-doch","status":"publish","type":"product","link":"https:\/\/www.handmadekultur.de\/schnittmuster\/produkt\/nichts-fuer-teetassen-oder-doch_1585\/","title":{"rendered":"Einladung zum Tee"},"content":{"rendered":"<p>IDEE, TEXT und FOTOS: Thordis R\u00fcggeberg<\/p>\n<p><strong>WERKZEUG:<\/strong><br \/>\nBleistift, Schere, Kleber<\/p>\n<p><strong>MATERIAL:<\/strong><br \/>\nDoppelseitig bedrucktes festes Bastelpapier (z.\u2009B. Scrapbooking-Paper), Teebeutel, <a href=\"https:\/\/www.handmadekultur.de\/schnittmuster\/wp-content\/uploads\/2018\/09\/tee-tasse-schablone-low.pdf\">Schablone (PDF)<\/a><\/p>\n<p><img loading=\"lazy\" decoding=\"async\" class=\"alignnone size-full wp-image-1586\" src=\"https:\/\/www.handmadekultur.de\/schnittmuster\/wp-content\/uploads\/2018\/09\/tee-karte_step01.jpg\" alt=\"\" width=\"600\" height=\"300\" srcset=\"https:\/\/www.handmadekultur.de\/schnittmuster\/up\/2018\/09\/tee-karte_step01.jpg 600w, https:\/\/www.handmadekultur.de\/schnittmuster\/up\/2018\/09\/tee-karte_step01-300x150.jpg 300w\" sizes=\"auto, (max-width: 600px) 100vw, 600px\" \/><br \/>\n<em><strong>Basteltasse<\/strong> Zwei Tassen, ein Unterteller: So wird das Ganze zusammengesetzt.<\/em><\/p>\n<p><strong>UND SO GEHT&#8217;S:<\/strong><\/p>\n<p><strong>1\u2009|\u2009Schablone<\/strong><br \/>\nFertigt euch zun\u00e4chst eine Scha\u00adblone an: Entweder ihr entwerft die Teetasse selbst oder paust unsere Vorlage ab.<br \/>\nTIPP: Wer die Einladung zum F\u00fcnf-Uhr-Tee verschicken m\u00f6chte, sollte darauf achten, dass die Karte in einen Standard-Briefumschlag passt.<\/p>\n<p><strong>2\u2009|\u2009Zweimal<\/strong><br \/>\nLegt die Schablone auf das Bastelpapier, \u00fcbertragt die Kontur und schneidet das Ganze aus. HINWEIS: F\u00fcr eine Karte werden zwei Tassen und ein Unterteller ben\u00f6tigt.<\/p>\n<p><strong>3\u2009|\u2009Schnitt<\/strong><br \/>\nSchneidet aus einer der beiden Tassen oben ein Oval heraus (gestrichelte Linie auf der Vorlage).<\/p>\n<p><strong>4\u2009|\u2009Oval(it\u00e4ten)<\/strong><br \/>\nDieses Oval nicht wegschmei\u00dfen, sondern mittig auf den Unterteller kleben!<\/p>\n<p><strong>5\u2009|\u2009Kleben<\/strong><br \/>\nZum Schluss m\u00fcsst ihr die beiden Tassen nur noch mit einer d\u00fcnnen Klebespur direkt am Rand zusammenkleben und anschlie\u00dfend auf dem Unterteller befestigen. Wir haben Tasse und Teller absichtlich etwas schief gestaltet, ihr k\u00f6nnt das nat\u00fcrlich auch ganz akkurat machen.<\/p>\n<p><strong>6\u2009|\u2009Briefkasten<\/strong><br \/>\nDie Karte ist jetzt fertig. Halt, noch nicht ganz. Der Teebeutel muss nat\u00fcrlich noch hineingesteckt werden. Mit einer Gru\u00dfnachricht kann das T\u00e4sschen nun auf die Reise gehen. Viel Spa\u00df beim Basteln und Verschicken!<\/p>\n","protected":false},"excerpt":{"rendered":"<h4>Schere, Leim, Papier und ein verregnetes Wochenende. So Gem\u00fctlich kann Basteln sein\u00a0\u2013 Und das Teekr\u00e4nzchen, das darauf folgt.<\/h4>\n<p>Wenn du wissen willst, wie es geht, scroll einfach etwas runter!<\/p>\n","protected":false},"featured_media":1587,"comment_status":"open","ping_status":"closed","template":"","meta":[],"product_brand":[],"product_cat":[198,244],"product_tag":[246,245,247,249,248],"class_list":{"0":"post-1585","1":"product","2":"type-product","3":"status-publish","4":"has-post-thumbnail","6":"product_cat-basteln","7":"product_cat-papier","8":"product_tag-bastelarbeit","9":"product_tag-einladung","10":"product_tag-geschenk","11":"product_tag-grusskarte","12":"product_tag-teebeutel","14":"first","15":"instock","16":"taxable","17":"shipping-taxable","18":"product-type-simple"},"_links":{"self":[{"href":"https:\/\/www.handmadekultur.de\/schnittmuster\/wp-json\/wp\/v2\/product\/1585","targetHints":{"allow":["GET"]}}],"collection":[{"href":"https:\/\/www.handmadekultur.de\/schnittmuster\/wp-json\/wp\/v2\/product"}],"about":[{"href":"https:\/\/www.handmadekultur.de\/schnittmuster\/wp-json\/wp\/v2\/types\/product"}],"replies":[{"embeddable":true,"href":"https:\/\/www.handmadekultur.de\/schnittmuster\/wp-json\/wp\/v2\/comments?post=1585"}],"wp:featuredmedia":[{"embeddable":true,"href":"https:\/\/www.handmadekultur.de\/schnittmuster\/wp-json\/wp\/v2\/media\/1587"}],"wp:attachment":[{"href":"https:\/\/www.handmadekultur.de\/schnittmuster\/wp-json\/wp\/v2\/media?parent=1585"}],"wp:term":[{"taxonomy":"product_brand","embeddable":true,"href":"https:\/\/www.handmadekultur.de\/schnittmuster\/wp-json\/wp\/v2\/product_brand?post=1585"},{"taxonomy":"product_cat","embeddable":true,"href":"https:\/\/www.handmadekultur.de\/schnittmuster\/wp-json\/wp\/v2\/product_cat?post=1585"},{"taxonomy":"product_tag","embeddable":true,"href":"https:\/\/www.handmadekultur.de\/schnittmuster\/wp-json\/wp\/v2\/product_tag?post=1585"}],"curies":[{"name":"wp","href":"https:\/\/api.w.org\/{rel}","templated":true}]}}