{"id":1612,"date":"2018-09-09T15:53:41","date_gmt":"2018-09-09T13:53:41","guid":{"rendered":"https:\/\/www.patterny.de\/?post_type=product&#038;p=1612"},"modified":"2022-06-10T15:59:10","modified_gmt":"2022-06-10T13:59:10","slug":"sitzsack","status":"publish","type":"product","link":"https:\/\/www.handmadekultur.de\/schnittmuster\/produkt\/sitzsack_1612\/","title":{"rendered":"Sitzsack"},"content":{"rendered":"<p><strong>IDEE + ANLEITUNG:<\/strong> HANDMADE Kultur, <strong>FOTOS:<\/strong> Dirk Eisermann<\/p>\n<p><strong>SCHWIERIGKEITSGRAD:<\/strong> <strong>*<\/strong>***<\/p>\n<p><strong>WERKZEUG:<\/strong><br \/>\nSchere, Nadel, Ma\u00dfband, Rundstricknadel: St\u00e4rke\u200910 mit 120\u2009cm langer Schnur<\/p>\n<p><strong>MATERIAL:<\/strong><\/p>\n<ul>\n<li>z. B. Schachenmayr Bravo Big: 30 Kn\u00e4uel \u00e0 100 g<\/li>\n<li>200\u2009cm stabiler Baumwollstoff mit einer Liegebreite von 140\u2009cm<\/li>\n<li>3\u2009kg F\u00fcllgranulat<\/li>\n<\/ul>\n<p><strong>GRUNDMUSTER:<\/strong><br \/>\nKraus rechts (Wenn du nicht wei\u00dft, wie das geht, schau in unserem <a href=\"https:\/\/www.handmadekultur.de\/schnittmuster\/wp-content\/uploads\/2018\/09\/1x1derMaschen.pdf\">1&#215;1 der Maschen<\/a>!)<\/p>\n<p><strong>MASCHENPROBE:<\/strong><br \/>\n15\u2009M x\u200915\u2009R mit Nadelst\u00e4rke 10 entspricht 18\u2009x\u200910\u2009cm<\/p>\n<p><img loading=\"lazy\" decoding=\"async\" class=\"alignnone size-full wp-image-1614\" src=\"https:\/\/www.handmadekultur.de\/schnittmuster\/wp-content\/uploads\/2018\/09\/Bildschirmfoto-2018-09-09-um-15.32.31.jpg\" alt=\"\" width=\"400\" height=\"600\" srcset=\"https:\/\/www.handmadekultur.de\/schnittmuster\/up\/2018\/09\/Bildschirmfoto-2018-09-09-um-15.32.31.jpg 400w, https:\/\/www.handmadekultur.de\/schnittmuster\/up\/2018\/09\/Bildschirmfoto-2018-09-09-um-15.32.31-200x300.jpg 200w\" sizes=\"auto, (max-width: 400px) 100vw, 400px\" \/><\/p>\n<p><strong>A | Kissenbezug Strick<\/strong><br \/>\nDer Bezug wird in Querrichtung kraus rechts gestrickt. Hierf\u00fcr mit einer 10er Rundnadel 117\u00a0Maschen anschlagen. Das ergibt eine L\u00e4nge von 140\u2009cm (Schema unten links). Nun ca. 300\u00a0Reihen nach oben stricken. Wenn das Strickteil eine L\u00e4nge von 200\u2009cm erreicht hat, abketten. Nun die kurzen Seiten des Strickteils wie im Schema unten rechts mit einem sogenannten \u00fcberwendlichen Stich zusammenn\u00e4hen oder zusammen\u00adh\u00e4keln. Die Nahtzugaben liegen \u00adau\u00dfen! Zum Schluss Innenkissen durch die noch offene L\u00e4ngsnaht stecken und ebenfalls schlie\u00dfen.<\/p>\n<p><img loading=\"lazy\" decoding=\"async\" class=\"alignnone size-full wp-image-1613\" src=\"https:\/\/www.handmadekultur.de\/schnittmuster\/wp-content\/uploads\/2018\/09\/Bildschirmfoto-2018-09-09-um-15.32.48.jpg\" alt=\"\" width=\"600\" height=\"300\" srcset=\"https:\/\/www.handmadekultur.de\/schnittmuster\/up\/2018\/09\/Bildschirmfoto-2018-09-09-um-15.32.48.jpg 600w, https:\/\/www.handmadekultur.de\/schnittmuster\/up\/2018\/09\/Bildschirmfoto-2018-09-09-um-15.32.48-300x150.jpg 300w\" sizes=\"auto, (max-width: 600px) 100vw, 600px\" \/><\/p>\n<p><strong>B | Innenkissen Sitzsack<\/strong><br \/>\nDen Stoff so zusammenn\u00e4hen, dass er eine Kissenh\u00fclle mit den Ma\u00dfen 140\u2009x\u2009200\u2009cm ergibt. Hierbei darauf achten, dass die kurzen Seiten wie im Schema rechts \u00adzusammengen\u00e4ht werden. Lasst an einer Seite eine kleine \u00d6ffnung, um hier das F\u00fcll\u00adgranulat einzuf\u00fcllen. Die N\u00e4hte werden erst mit einem geraden Stich gen\u00e4ht. Danach setzt ihr noch zwei Zickzackstich-N\u00e4hte direkt daneben. Dies sorgt f\u00fcr die n\u00f6tige Stabilit\u00e4t. Innenkissen auf rechts wenden, sodass die Nahtzugaben innen liegen. Nun das Futtergranulat einf\u00fcllen und die offene Stelle mit der Hand dicht zun\u00e4hen.<\/p>\n<p>Meine G\u00fcte, ist der gem\u00fctlich!<\/p>\n","protected":false},"excerpt":{"rendered":"<h4>F\u00fcr alle, die das ganze Jahr \u00fcber ihr Lieblingsmaterial in der Hand halten m\u00f6chten, absolut Anf\u00e4ngertauglich und Ausdauerschulend: Unser Sitzsack aus Wolle.<\/h4>\n<p>F\u00fcr die Details scoll&#8216; einfach ein bisschen runter!<\/p>\n","protected":false},"featured_media":1616,"comment_status":"open","ping_status":"closed","template":"","meta":[],"product_brand":[],"product_cat":[208,49],"product_tag":[259,260,258,250],"class_list":{"0":"post-1612","1":"product","2":"type-product","3":"status-publish","4":"has-post-thumbnail","6":"product_cat-homewear-stricken","7":"product_cat-stricken-strickanleitungen","8":"product_tag-homewear","9":"product_tag-hygge","10":"product_tag-sitzsack","11":"product_tag-stricken","13":"first","14":"instock","15":"taxable","16":"shipping-taxable","17":"product-type-simple"},"_links":{"self":[{"href":"https:\/\/www.handmadekultur.de\/schnittmuster\/wp-json\/wp\/v2\/product\/1612","targetHints":{"allow":["GET"]}}],"collection":[{"href":"https:\/\/www.handmadekultur.de\/schnittmuster\/wp-json\/wp\/v2\/product"}],"about":[{"href":"https:\/\/www.handmadekultur.de\/schnittmuster\/wp-json\/wp\/v2\/types\/product"}],"replies":[{"embeddable":true,"href":"https:\/\/www.handmadekultur.de\/schnittmuster\/wp-json\/wp\/v2\/comments?post=1612"}],"wp:featuredmedia":[{"embeddable":true,"href":"https:\/\/www.handmadekultur.de\/schnittmuster\/wp-json\/wp\/v2\/media\/1616"}],"wp:attachment":[{"href":"https:\/\/www.handmadekultur.de\/schnittmuster\/wp-json\/wp\/v2\/media?parent=1612"}],"wp:term":[{"taxonomy":"product_brand","embeddable":true,"href":"https:\/\/www.handmadekultur.de\/schnittmuster\/wp-json\/wp\/v2\/product_brand?post=1612"},{"taxonomy":"product_cat","embeddable":true,"href":"https:\/\/www.handmadekultur.de\/schnittmuster\/wp-json\/wp\/v2\/product_cat?post=1612"},{"taxonomy":"product_tag","embeddable":true,"href":"https:\/\/www.handmadekultur.de\/schnittmuster\/wp-json\/wp\/v2\/product_tag?post=1612"}],"curies":[{"name":"wp","href":"https:\/\/api.w.org\/{rel}","templated":true}]}}