{"id":1619,"date":"2018-09-09T16:16:16","date_gmt":"2018-09-09T14:16:16","guid":{"rendered":"https:\/\/www.patterny.de\/?post_type=product&#038;p=1619"},"modified":"2018-11-11T21:29:13","modified_gmt":"2018-11-11T20:29:13","slug":"lampenschirm-im-boho-style-freebie","status":"publish","type":"product","link":"https:\/\/www.handmadekultur.de\/schnittmuster\/produkt\/lampenschirm-im-boho-style-freebie_1619\/","title":{"rendered":"Lampenschirm im Boho Style (Freebie)"},"content":{"rendered":"<p><strong>IDEE + ANLEITUNG:<\/strong> Valerie Voss, <strong>FOTO:<\/strong> Karin Gerdes<\/p>\n<p><strong>SCHWIERIGKEITSGRAD<\/strong> <strong>*<\/strong>***<\/p>\n<p><strong>WERKZEUG<\/strong><br \/>\nPerlennadel, Stopfnadel, Kreisschablone, luftl\u00f6slicher Vorzeichenstift, Schere<\/p>\n<p><strong>MATERIAL<\/strong><\/p>\n<ul>\n<li>Insektenschutzhaube aus Metall<\/li>\n<li>Perlengarn (wei\u00df)<\/li>\n<li>unterschiedliche Perlen und Rocailles (Glas &amp; Plastik, geschliffen &amp; glatt, gefrostet &amp; gl\u00e4nzend)<\/li>\n<li>Takelgarn<\/li>\n<li>Filzplatten (wei\u00df, lichtgelb, sonnengelb, rosa)<\/li>\n<li>Sekundenkleber<\/li>\n<\/ul>\n<p><strong>A | Perlenstr\u00e4nge<\/strong><br \/>\n<strong>1.<\/strong> Das Garn durch die Perlennadel f\u00e4deln. Am Gitterrand durchziehen und mit einem Knoten fixieren. Perlen aufziehen. Perlennadel ab der vorletzten Perle wieder zur\u00fcckf\u00fchren und erneut den Faden durch das Gitternetz f\u00fchren. Mit einem Knoten fixieren.<\/p>\n<p><strong>2.<\/strong> Den Faden mit der Nadel im Abstand von 1\u2009cm entlang des Gitterrands von hinten nach vorn durchf\u00e4deln und fixieren. Das Ganze so lange wiederholen, bis rundherum am Gitterrand Perlenstr\u00e4nge baumeln. TIPP: Besonders sch\u00f6n wird\u2019s, wenn die Str\u00e4nge unterschiedlich lang sind.<\/p>\n<p><strong>3.<\/strong> Um das Garn der Perlenstr\u00e4nge zu verdecken, den Gitterrand mit Takelgarn umwickeln. Daf\u00fcr das Garn in eine Stopfnadel ziehen und entlang des Rands immer wieder von vorn nach hinten durch das Gitter stechen.<\/p>\n<p><strong>B | Haube<\/strong><br \/>\n<strong>4.<\/strong> Den Plastikgriff auf der Insektenschutzhaube mit einer Zange und einem Seitenschneider entfernen.<\/p>\n<p><strong>5.<\/strong> Mit einer Kreisschablone und einem luftl\u00f6slichen Vorzeichenstift Kreise auf die Filzplatten zeichnen. Mit einer Schere ausschneiden.<\/p>\n<p><strong>6.<\/strong> Die Filzkreise mit etwas Sekundenkleber auf der Haube fixieren \u2013 um das Kabel herum am dichtesten.<\/p>\n<p>&nbsp;<\/p>\n","protected":false},"excerpt":{"rendered":"<h4>Selbstgemachte Lampenschirme liegen voll im Trend, vor allem, wenn man dabei Sachen verbaut, die irgendwie \u00fcber sind. Wie diese Abdeckhaube zum Beipiel &#8230;<\/h4>\n<p><em>F\u00fcr die detaillierte Anleitung scrolle einfach etwas runter.<\/em><\/p>\n<p>&nbsp;<\/p>\n","protected":false},"featured_media":1620,"comment_status":"open","ping_status":"closed","template":"","meta":[],"product_brand":[],"product_cat":[206,218,231],"product_tag":[267,266,220,265,223],"class_list":{"0":"post-1619","1":"product","2":"type-product","3":"status-publish","4":"has-post-thumbnail","6":"product_cat-diy","7":"product_cat-living-home","8":"product_cat-upcycling","9":"product_tag-abdeckhaube","10":"product_tag-boho","11":"product_tag-diy","12":"product_tag-lampenschirm","13":"product_tag-upcycling","15":"first","16":"instock","17":"taxable","18":"shipping-taxable","19":"product-type-simple"},"_links":{"self":[{"href":"https:\/\/www.handmadekultur.de\/schnittmuster\/wp-json\/wp\/v2\/product\/1619","targetHints":{"allow":["GET"]}}],"collection":[{"href":"https:\/\/www.handmadekultur.de\/schnittmuster\/wp-json\/wp\/v2\/product"}],"about":[{"href":"https:\/\/www.handmadekultur.de\/schnittmuster\/wp-json\/wp\/v2\/types\/product"}],"replies":[{"embeddable":true,"href":"https:\/\/www.handmadekultur.de\/schnittmuster\/wp-json\/wp\/v2\/comments?post=1619"}],"wp:featuredmedia":[{"embeddable":true,"href":"https:\/\/www.handmadekultur.de\/schnittmuster\/wp-json\/wp\/v2\/media\/1620"}],"wp:attachment":[{"href":"https:\/\/www.handmadekultur.de\/schnittmuster\/wp-json\/wp\/v2\/media?parent=1619"}],"wp:term":[{"taxonomy":"product_brand","embeddable":true,"href":"https:\/\/www.handmadekultur.de\/schnittmuster\/wp-json\/wp\/v2\/product_brand?post=1619"},{"taxonomy":"product_cat","embeddable":true,"href":"https:\/\/www.handmadekultur.de\/schnittmuster\/wp-json\/wp\/v2\/product_cat?post=1619"},{"taxonomy":"product_tag","embeddable":true,"href":"https:\/\/www.handmadekultur.de\/schnittmuster\/wp-json\/wp\/v2\/product_tag?post=1619"}],"curies":[{"name":"wp","href":"https:\/\/api.w.org\/{rel}","templated":true}]}}