{"id":1628,"date":"2018-09-09T17:19:52","date_gmt":"2018-09-09T15:19:52","guid":{"rendered":"https:\/\/www.patterny.de\/?post_type=product&#038;p=1628"},"modified":"2025-04-29T19:41:36","modified_gmt":"2025-04-29T19:41:36","slug":"leggins","status":"publish","type":"product","link":"https:\/\/www.handmadekultur.de\/schnittmuster\/produkt\/leggins_1628\/","title":{"rendered":"Leggins mit Fair Isle Muster"},"content":{"rendered":"<p><strong>IDEE + ANLEITUNG:<\/strong> Karin H\u00fcbner, <strong>FOTOS<\/strong>: Boris Rostami-Tabet<\/p>\n<p><strong>SCHWIERIGKEITSGRAD<\/strong> <strong>***<\/strong>*<\/p>\n<ul>\n<li><strong>WERKZEUG<br \/>\n<\/strong><\/li>\n<li>Rundenmarkierer<\/li>\n<li>1 Nadelspiel<\/li>\n<li>1 Rundnadel, 40\u2009cm, mit kurzen Spitzen<\/li>\n<li>1 Rundnadel, 100\u2009cm, (alle Nadelst\u00e4rke 3,5)<\/li>\n<li>Nadel<\/li>\n<li>Ma\u00dfband<\/li>\n<li>Schere<\/li>\n<li>Stift<\/li>\n<\/ul>\n<p><strong>MATERIAL<\/strong> (Gr. 38)<\/p>\n<ul>\n<li>Gummiband f\u00fcr den Bund<\/li>\n<li>Garn f\u00fcr das Gummiband<\/li>\n<li>Rowan Wool Cotton 50\u2009%, 50\u2009% <strong>Celadon<\/strong>: Fb. 979, 100\u2009g \/ <strong>Cypress<\/strong>: Fb. 968, 150\u2009g \/ <strong>Ship Shape<\/strong>: Fb. 955, 150\u2009g \/ <strong>Rich<\/strong>: Fb. 911, 50\u2009g; <strong>Antique<\/strong>: Fb. 900, 50\u2009g<\/li>\n<\/ul>\n<p><strong>MASCHENPROBE<br \/>\n<\/strong>22 Maschen auf 26 Reihen ergeben 10 x 10\u2009cm. (Die Wolle dehnt sich leicht, und zwar bei 10\u2009cm ca. 3\u2009cm in der Breite.)<\/p>\n<p><strong>HINWEIS<\/strong><br \/>\nDas Stricken der Leggins setzt Vorkenntnisse im Stricken mit zwei Farben und das Stricken von verk\u00fcrzten Reihen voraus. Wer sich die Leggins in einer anderen Gr\u00f6\u00dfe nacharbeiten will, muss bei den jeweiligen Zu- bzw. Abnahmepunkten die Maschenanzahl individuell erh\u00f6hen bzw. verringern. Die Maschenanzahl muss immer durch die des Rapports teilbar sein. <a href=\"https:\/\/www.handmadekultur.de\/schnittmuster\/wp-content\/uploads\/2018\/09\/Strickschema_Leggins.pdf\">Die komplette Strickschrift mit allen Reihen, Musterverl\u00e4ufen, Zu- und Abnahmen f\u00fcr Gr. 38 findet ihr hier<\/a>.<\/p>\n<p><strong>Anleitung f\u00fcr gr. 38 (<\/strong>Auch wenn ihr nicht Gr\u00f6\u00dfe 38 habt, k\u00f6nnt ihr euch die Leggins \u00bbauf den Leib\u00ab stricken. Achtet darauf, dass die Maschenzahl immer durch die Anzahl der Maschen f\u00fcr den jeweiligen Rapport teilbar ist.)<\/p>\n<p><strong>A | Von unten nach oben<\/strong><br \/>\nDie Leggins werden von unten nach oben in Runden gearbeitet. F\u00fcr das erste Bein 48 Maschen anschlagen, auf ein Nadelspiel verteilen und die Reihen nach dem <a href=\"https:\/\/www.handmadekultur.de\/schnittmuster\/wp-content\/uploads\/2018\/09\/Strickschema_Leggins.pdf\">Schema<\/a> stricken.<\/p>\n<p><strong> B | Runden \u00bbdrehen\u00ab<\/strong><br \/>\nDer Rundenanfang wird markiert. Damit ihr nicht den \u00dcberblick verliert, kann jede Runde auf dem Schema abgehakt werden. Bei einer ausgewiesenen Maschenzunahme werden die Maschen gleichm\u00e4\u00dfig in einer Runde verteilt zugenommen. Bei 60 Maschen Beinumfang auf eine kurze Rundnadel wechseln.<br \/>\nTIPP! Wer mit einer geringeren oder h\u00f6heren Maschenanzahl \u00bbseine Runden dreht\u00ab, sollte sich die abweichenden Zu- und Abnahmen unbedingt im Schema notieren. Das zweite Bein soll schlie\u00dflich gleich gro\u00df werden. Zwischendurch immer mal wieder auf die l\u00e4ngere Nadel wechseln und die Passform \u00fcberpr\u00fcfen, indem ihr das Gestrick anprobiert.<\/p>\n<p><strong>C | Beinwerk<\/strong><br \/>\nWenn das erste Bein fertig ist, Maschen auf einer Hilfsnadel stilllegen. Das zweite Bein genauso stricken.<\/p>\n<p><strong>D | Beine zusammenstricken<\/strong><br \/>\nJetzt werden beide Beine zusammengestrickt. Der Rundenwechsel liegt in der Beininnenseite. Die letzten 8 Maschen vor und 4 Maschen nach dem Rundenwechsel werden zusammen abgestrickt. (Ihr k\u00f6nnt die 12 Maschen aber auch abketten und sp\u00e4ter zusammenn\u00e4hen.)<\/p>\n<p><img loading=\"lazy\" decoding=\"async\" class=\"alignnone size-full wp-image-1638\" src=\"https:\/\/www.handmadekultur.de\/schnittmuster\/wp-content\/uploads\/2018\/09\/HKV_01_0193.jpg\" alt=\"\" width=\"600\" height=\"300\" srcset=\"https:\/\/www.handmadekultur.de\/schnittmuster\/up\/2018\/09\/HKV_01_0193.jpg 600w, https:\/\/www.handmadekultur.de\/schnittmuster\/up\/2018\/09\/HKV_01_0193-300x150.jpg 300w\" sizes=\"auto, (max-width: 600px) 100vw, 600px\" \/><\/p>\n<p><img loading=\"lazy\" decoding=\"async\" class=\"alignnone size-full wp-image-1630\" src=\"https:\/\/www.handmadekultur.de\/schnittmuster\/wp-content\/uploads\/2018\/09\/Bildschirmfoto-2018-09-09-um-16.42.43.jpg\" alt=\"\" width=\"600\" height=\"300\" srcset=\"https:\/\/www.handmadekultur.de\/schnittmuster\/up\/2018\/09\/Bildschirmfoto-2018-09-09-um-16.42.43.jpg 600w, https:\/\/www.handmadekultur.de\/schnittmuster\/up\/2018\/09\/Bildschirmfoto-2018-09-09-um-16.42.43-300x150.jpg 300w\" sizes=\"auto, (max-width: 600px) 100vw, 600px\" \/><\/p>\n<p><strong>Die Hose<\/strong><br \/>\nDer Rundenanfang liegt jetzt an der hinteren Hosenmitte. Auf die lange Rundnadel wechseln. Eine Runde bis zum Rundenanfang stricken und 4 Maschen aus dem kleinen Steg, der durch das Abstricken entstanden ist, aufnehmen. Auf diese Weise entsteht ein sch\u00f6ner Zwickel. Eine weitere Runde stricken.<\/p>\n<p><strong>Der Po<\/strong> wird jetzt durch verk\u00fcrzte Reihen ausmodelliert. Daf\u00fcr 35 Maschen stricken, die Arbeit wenden und 70 linke Maschen (zur\u00fcck-)stricken. Arbeit wenden und 65 rechte Maschen stricken. Jede verk\u00fcrzte Reihe um 5 Maschen reduzieren. Insgesamt 7-mal wiederholen, dann wieder in ganzen Runden nach Schema stricken.<\/p>\n<p><strong>E | Tunnelzug<\/strong><br \/>\nDie Runde 323 wird links gestrickt. Diese Runde markiert den Umschlag f\u00fcr den Tunnelzug, in den sp\u00e4ter das Gummiband eingezogen wird.<\/p>\n<p><strong>F | Abketten<\/strong><br \/>\nMaschen locker abketten. F\u00e4den vern\u00e4hen und den Tunnel f\u00fcr das Gummiband festn\u00e4hen. Gummi mit einer Sicherheitsnadel einziehen, L\u00e4nge festlegen und Gummiband zusammenn\u00e4hen.<\/p>\n<p>Diese Fair-Isle-Muster sind in die Leggins eingearbeitet worden (der Reihenfolge nach von unten nach oben):<\/p>\n<p><img loading=\"lazy\" decoding=\"async\" class=\"alignnone size-full wp-image-1631\" src=\"https:\/\/www.handmadekultur.de\/schnittmuster\/wp-content\/uploads\/2018\/09\/Bildschirmfoto-2018-09-09-um-16.42.06.jpg\" alt=\"\" width=\"600\" height=\"300\" srcset=\"https:\/\/www.handmadekultur.de\/schnittmuster\/up\/2018\/09\/Bildschirmfoto-2018-09-09-um-16.42.06.jpg 600w, https:\/\/www.handmadekultur.de\/schnittmuster\/up\/2018\/09\/Bildschirmfoto-2018-09-09-um-16.42.06-300x150.jpg 300w\" sizes=\"auto, (max-width: 600px) 100vw, 600px\" \/><\/p>\n","protected":false},"excerpt":{"rendered":"<h4>Str\u00fcmpfe stricken? Nee. Wir haben uns an Leggins mit Fair Isle Mustereinlage gewagt. Sie sind die ersten ihrer Art.<\/h4>\n<p><em>Anleitung und Strickschrift findest du unten!<\/em><\/p>\n","protected":false},"featured_media":1641,"comment_status":"open","ping_status":"closed","template":"","meta":[],"product_brand":[],"product_cat":[50,49,210],"product_tag":[270,272,269,250,271],"class_list":{"0":"post-1628","1":"product","2":"type-product","3":"status-publish","4":"has-post-thumbnail","6":"product_cat-damen-stricken","7":"product_cat-stricken-strickanleitungen","8":"product_cat-struempfe-socken-stricken","9":"product_tag-fair-isle","10":"product_tag-hose","11":"product_tag-leggins","12":"product_tag-stricken","13":"product_tag-zweifaedig","15":"first","16":"instock","17":"taxable","18":"shipping-taxable","19":"product-type-simple"},"_links":{"self":[{"href":"https:\/\/www.handmadekultur.de\/schnittmuster\/wp-json\/wp\/v2\/product\/1628","targetHints":{"allow":["GET"]}}],"collection":[{"href":"https:\/\/www.handmadekultur.de\/schnittmuster\/wp-json\/wp\/v2\/product"}],"about":[{"href":"https:\/\/www.handmadekultur.de\/schnittmuster\/wp-json\/wp\/v2\/types\/product"}],"replies":[{"embeddable":true,"href":"https:\/\/www.handmadekultur.de\/schnittmuster\/wp-json\/wp\/v2\/comments?post=1628"}],"wp:featuredmedia":[{"embeddable":true,"href":"https:\/\/www.handmadekultur.de\/schnittmuster\/wp-json\/wp\/v2\/media\/1641"}],"wp:attachment":[{"href":"https:\/\/www.handmadekultur.de\/schnittmuster\/wp-json\/wp\/v2\/media?parent=1628"}],"wp:term":[{"taxonomy":"product_brand","embeddable":true,"href":"https:\/\/www.handmadekultur.de\/schnittmuster\/wp-json\/wp\/v2\/product_brand?post=1628"},{"taxonomy":"product_cat","embeddable":true,"href":"https:\/\/www.handmadekultur.de\/schnittmuster\/wp-json\/wp\/v2\/product_cat?post=1628"},{"taxonomy":"product_tag","embeddable":true,"href":"https:\/\/www.handmadekultur.de\/schnittmuster\/wp-json\/wp\/v2\/product_tag?post=1628"}],"curies":[{"name":"wp","href":"https:\/\/api.w.org\/{rel}","templated":true}]}}