{"id":1642,"date":"2018-09-09T18:03:06","date_gmt":"2018-09-09T16:03:06","guid":{"rendered":"https:\/\/www.patterny.de\/?post_type=product&#038;p=1642"},"modified":"2018-10-30T12:46:36","modified_gmt":"2018-10-30T11:46:36","slug":"kokeshi-puppe-mit-schnittmuster","status":"publish","type":"product","link":"https:\/\/www.handmadekultur.de\/schnittmuster\/produkt\/kokeshi-puppe-mit-schnittmuster_1642\/","title":{"rendered":"Kokeshi Puppe (mit Schnittmuster)"},"content":{"rendered":"<p><strong>FOTO:<\/strong> Jana tolle, <strong>ANLEITUNG:<\/strong> HANDMADE Kultur<\/p>\n<p><strong>SCHWIERIGKEITSGRAD<\/strong> *\/ ***<\/p>\n<p><strong>WERKZEUG<\/strong><br \/>\nN\u00e4hmaschine (geht auch super mit der Hand), Schere, Nadel, Stift, Textilkleber<\/p>\n<p><strong>MATERIAL<\/strong><br \/>\nPapier, Stoffreste, Filz, B\u00e4nder, Kn\u00f6pfe, Perlen, Garn, F\u00fcllwatte<\/p>\n<p><strong>SCHNITTMUSTER<\/strong><br \/>\n<a href=\"https:\/\/www.handmadekultur.de\/schnittmuster\/wp-content\/uploads\/2018\/09\/Kokeshi-Schnittmuster.pdf\">Download<\/a><\/p>\n<p><strong>UND SO GEHT&#8217;S<\/strong><\/p>\n<p><strong>1\u2009|\u2009Schnittmuster<\/strong><br \/>\nLade <a href=\"https:\/\/www.handmadekultur.de\/schnittmuster\/wp-content\/uploads\/2018\/09\/Kokeshi-Schnittmuster.pdf\">das Schnittmuster<\/a> herunter und drucke das Schnittmuster 5\u2009x aus.Wenn du die Puppe gr\u00f6\u00dfer oder kleiner haben m\u00f6chtest, vergr\u00f6\u00dferst bzw. verkleinerst du den Ausdruck dementsprechend. (Originalgr\u00f6\u00dfe Schnittmuster = Rosa-Kokeshi)<\/p>\n<p><a href=\"https:\/\/www.handmadekultur.de\/schnittmuster\/wp-content\/uploads\/2018\/09\/Kokeshi-Schnittmuster.pdf\"><img loading=\"lazy\" decoding=\"async\" class=\"alignnone wp-image-1645 size-large\" src=\"https:\/\/www.handmadekultur.de\/schnittmuster\/wp-content\/uploads\/2018\/09\/Bildschirmfoto-2018-09-09-um-17.47.55-548x1024.png\" alt=\"\" width=\"548\" height=\"1024\" srcset=\"https:\/\/www.handmadekultur.de\/schnittmuster\/up\/2018\/09\/Bildschirmfoto-2018-09-09-um-17.47.55-548x1024.png 548w, https:\/\/www.handmadekultur.de\/schnittmuster\/up\/2018\/09\/Bildschirmfoto-2018-09-09-um-17.47.55-161x300.png 161w, https:\/\/www.handmadekultur.de\/schnittmuster\/up\/2018\/09\/Bildschirmfoto-2018-09-09-um-17.47.55-600x1121.png 600w, https:\/\/www.handmadekultur.de\/schnittmuster\/up\/2018\/09\/Bildschirmfoto-2018-09-09-um-17.47.55.png 746w\" sizes=\"auto, (max-width: 548px) 100vw, 548px\" \/><\/a><\/p>\n<p><strong>2\u2009|\u2009Material suchen<\/strong><br \/>\nF\u00fcr das Gesicht verwendest du wei\u00dfen Stoff, das kann Baumwolle oder Leinen sein (z.\u2009B. von einem alten Geschirrtuch). F\u00fcr die Haare ben\u00f6tigst du schwarzen Filz. F\u00fcr den K\u00f6rper suchst du dir deine Lieblingsstoffreste heraus. Schau, was gut zusammen harmoniert.<\/p>\n<p><strong>3\u2009|\u2009Zuschnitt<\/strong><br \/>\nVorne: 1\u2009x\u2009A, 1\u2009x\u2009B, 1\u2009x\u2009C, 1\u2009x\u2009E.<br \/>\nHinten: Schnittteile A und B an Hals aneinanderlegen und in einem St\u00fcck ausschneiden, 1\u2009x\u2009C, 1\u2009x\u2009F.<br \/>\nBoden: 1\u2009x\u2009D. Die gestrichelte Linie markiert die Nahtzugabe.<\/p>\n<p><strong>4\u2009|\u2009N\u00e4hen<\/strong><br \/>\nZun\u00e4chst werden die Fu\u00dfteile mit dem K\u00f6rper und dem Gesicht bzw. Schnittteil A\/B an den kurzen Seiten zusammengen\u00e4ht. Dann wird die Rundumnaht gemacht.<br \/>\nDer Boden bleibt offen.<\/p>\n<p><strong>5\u2009|\u2009Ausstopfen und Boden<\/strong><br \/>\nJetzt wird der K\u00f6rper mit der F\u00fcllwatte ausgestopft. Wenn alles sch\u00f6n stramm sitzt, fixierst du den Boden mit Stecknadeln und n\u00e4hst ihn mit der Hand (wir empfehlen den Leiterstich) an.<\/p>\n<p><strong>6\u2009|\u2009Haare<\/strong><br \/>\nLege das Schnittteil E und F aufeinander und vern\u00e4he die beiden Teile von Schulter zu Schulter, der Rest bleibt offen. Benutze ein st\u00e4rkeres Garn, eventuell auch Zwirn.<\/p>\n<p><strong>7\u2009|\u2009Kleben<\/strong><br \/>\nJetzt wird der Innenteil des Haarteils mit Textilkleber versehen, vor allem die Kanten. Dann wird das Haarteil vorsichtig auf den Puppenkopf gesetzt. Gut andr\u00fccken und kurze Zeit trocknen lassen.<\/p>\n<p><strong>8\u2009|\u2009Augen und Nase<\/strong><br \/>\nAugen und Nase kann man sticken. Wir haben f\u00fcr die Augen aus einem Rest Haarfilz und mittels einer Lochzange (gr\u00f6\u00dftes Loch) zwei Augen ausgestanzt. Die werden mit Textilkleber festgeklebt. Die Nase ist mit ein paar Schlingstichen ebenfalls schnell fertig.<\/p>\n<p><strong>9\u2009|\u2009Du da!<\/strong><br \/>\nJetzt bekommt die Kokeshi ihr eigenes Aussehen. Mit B\u00e4ndern, Perlen, Pon-Pons, Kn\u00f6pfen oder kleinen Stickereien wird sie unverwechselbar. Einen Namen kann man ihr auch geben: Unsere hei\u00dfen Tami, Ruby und Rosa.<\/p>\n","protected":false},"excerpt":{"rendered":"<p><strong>Kokeshis<\/strong> kommen aus Japan und wurden urspr\u00fcnglich aus Holz gefertigt. Heute gibt es die kleinen Puppen auch zum Kuscheln, gemalt oder gestickt. Man verschenkt sie an Menschen, die man besonders gern hat!<\/p>\n<p><em>Die Anleitung und das Schnittmuster findest du, wenn du etwas nach unten scrollst.<\/em><\/p>\n","protected":false},"featured_media":1643,"comment_status":"open","ping_status":"closed","template":"","meta":[],"product_brand":[],"product_cat":[197,166],"product_tag":[275,274,273],"class_list":{"0":"post-1642","1":"product","2":"type-product","3":"status-publish","4":"has-post-thumbnail","6":"product_cat-accessoires-deko","7":"product_cat-schnittmuster","8":"product_tag-gluecksbringer","9":"product_tag-kokeshi","10":"product_tag-puppe","12":"first","13":"instock","14":"taxable","15":"shipping-taxable","16":"product-type-simple"},"_links":{"self":[{"href":"https:\/\/www.handmadekultur.de\/schnittmuster\/wp-json\/wp\/v2\/product\/1642","targetHints":{"allow":["GET"]}}],"collection":[{"href":"https:\/\/www.handmadekultur.de\/schnittmuster\/wp-json\/wp\/v2\/product"}],"about":[{"href":"https:\/\/www.handmadekultur.de\/schnittmuster\/wp-json\/wp\/v2\/types\/product"}],"replies":[{"embeddable":true,"href":"https:\/\/www.handmadekultur.de\/schnittmuster\/wp-json\/wp\/v2\/comments?post=1642"}],"wp:featuredmedia":[{"embeddable":true,"href":"https:\/\/www.handmadekultur.de\/schnittmuster\/wp-json\/wp\/v2\/media\/1643"}],"wp:attachment":[{"href":"https:\/\/www.handmadekultur.de\/schnittmuster\/wp-json\/wp\/v2\/media?parent=1642"}],"wp:term":[{"taxonomy":"product_brand","embeddable":true,"href":"https:\/\/www.handmadekultur.de\/schnittmuster\/wp-json\/wp\/v2\/product_brand?post=1642"},{"taxonomy":"product_cat","embeddable":true,"href":"https:\/\/www.handmadekultur.de\/schnittmuster\/wp-json\/wp\/v2\/product_cat?post=1642"},{"taxonomy":"product_tag","embeddable":true,"href":"https:\/\/www.handmadekultur.de\/schnittmuster\/wp-json\/wp\/v2\/product_tag?post=1642"}],"curies":[{"name":"wp","href":"https:\/\/api.w.org\/{rel}","templated":true}]}}