{"id":1651,"date":"2018-09-12T21:10:39","date_gmt":"2018-09-12T19:10:39","guid":{"rendered":"https:\/\/www.patterny.de\/?post_type=product&#038;p=1651"},"modified":"2018-11-15T16:18:46","modified_gmt":"2018-11-15T15:18:46","slug":"weihnachtsstern-anleitung","status":"publish","type":"product","link":"https:\/\/www.handmadekultur.de\/schnittmuster\/produkt\/weihnachtsstern-anleitung_1651\/","title":{"rendered":"Weihnachtsstern Anleitung (Freebie)"},"content":{"rendered":"<p><strong>Anleitung:<\/strong> HANDMADE Kultur, <strong>Fotos:<\/strong> Bernd Maier<\/p>\n<p>WERKZEUG UND MATERIAL<\/p>\n<ul>\n<li>Schere<\/li>\n<li>Bleistift<\/li>\n<li>Lineal<\/li>\n<li>Nadel<\/li>\n<li>mind. 9 gleichgro\u00dfe Butterbrott\u00fcten<\/li>\n<li>Klebestift<\/li>\n<li>1 B\u00fcroklammer<\/li>\n<li>Faden f\u00fcr die Aufh\u00e4ngung<\/li>\n<li>St\u00fcck Tesafilm<\/li>\n<\/ul>\n<p><strong>1 |<\/strong> Faltet jede T\u00fcte einzeln einmal l\u00e4ngs in der Mitte und einmal quer. Die Falten ergeben ein Kreuz. Die Ecken werden wie in der Abb. zum Dreieck gefaltet. Die so entstandenen Dreiecke werden abgeschnitten.<\/p>\n<p><img loading=\"lazy\" decoding=\"async\" class=\"alignnone size-full wp-image-1655\" src=\"https:\/\/www.handmadekultur.de\/schnittmuster\/wp-content\/uploads\/2018\/09\/DSC1738.jpg\" alt=\"\" width=\"600\" height=\"300\" srcset=\"https:\/\/www.handmadekultur.de\/schnittmuster\/up\/2018\/09\/DSC1738.jpg 600w, https:\/\/www.handmadekultur.de\/schnittmuster\/up\/2018\/09\/DSC1738-300x150.jpg 300w\" sizes=\"auto, (max-width: 600px) 100vw, 600px\" \/><\/p>\n<p><strong>2 |<\/strong> Nachdem alle T\u00fcten von euch gestutzt wurden, werden sie aufeinander geklebt. Setzt wie in der Abb. den Klebefalz einmal quer auf den T\u00fctenboden und einmal vertikal auf die T\u00fctenmitte. Ihr habt jetzt einen T\u00fctenstapel aus 9 T\u00fcten.<\/p>\n<p><img loading=\"lazy\" decoding=\"async\" class=\"alignnone size-full wp-image-1652\" src=\"https:\/\/www.handmadekultur.de\/schnittmuster\/wp-content\/uploads\/2018\/09\/DSC1741.jpg\" alt=\"\" width=\"600\" height=\"300\" srcset=\"https:\/\/www.handmadekultur.de\/schnittmuster\/up\/2018\/09\/DSC1741.jpg 600w, https:\/\/www.handmadekultur.de\/schnittmuster\/up\/2018\/09\/DSC1741-300x150.jpg 300w\" sizes=\"auto, (max-width: 600px) 100vw, 600px\" \/><\/p>\n<p><strong>3 |<\/strong> Das unterste und oberste Blatt wird an der Spitze gelocht. ACHTUNG! Vorher die Lochstellen als Verst\u00e4rkung einseitig mit Tesafilm bekleben.<\/p>\n<p><img loading=\"lazy\" decoding=\"async\" class=\"alignnone size-full wp-image-1653\" src=\"https:\/\/www.handmadekultur.de\/schnittmuster\/wp-content\/uploads\/2018\/09\/DSC1746.jpg\" alt=\"\" width=\"600\" height=\"300\" srcset=\"https:\/\/www.handmadekultur.de\/schnittmuster\/up\/2018\/09\/DSC1746.jpg 600w, https:\/\/www.handmadekultur.de\/schnittmuster\/up\/2018\/09\/DSC1746-300x150.jpg 300w\" sizes=\"auto, (max-width: 600px) 100vw, 600px\" \/><\/p>\n<p><strong>4 |<\/strong> Die T\u00fcten werden nun zu einem Stern aufgefaltet. Durch die L\u00f6cher wird ein Faden als Aufh\u00e4ngung gezogen. Die erste und letzte Sternzacke kann mit einer B\u00fcroklammer geschlossen werden.<\/p>\n<p><img loading=\"lazy\" decoding=\"async\" class=\"alignnone size-full wp-image-1654\" src=\"https:\/\/www.handmadekultur.de\/schnittmuster\/wp-content\/uploads\/2018\/09\/DSC1751.jpg\" alt=\"\" width=\"600\" height=\"300\" srcset=\"https:\/\/www.handmadekultur.de\/schnittmuster\/up\/2018\/09\/DSC1751.jpg 600w, https:\/\/www.handmadekultur.de\/schnittmuster\/up\/2018\/09\/DSC1751-300x150.jpg 300w\" sizes=\"auto, (max-width: 600px) 100vw, 600px\" \/><\/p>\n<p><strong>So shiny!<\/strong><\/p>\n","protected":false},"excerpt":{"rendered":"<h4>Er ist Hoffnungstr\u00e4ger und Wegweiser. Sein Licht zieht uns magisch an. Manchmal d\u00fcrfen wir uns von ihm sogar etwas w\u00fcnschen &#8230; Es wird Zeit, dass wir einen zu Hause haben!<\/h4>\n","protected":false},"featured_media":1657,"comment_status":"open","ping_status":"closed","template":"","meta":[],"product_brand":[],"product_cat":[198,244,200],"product_tag":[287,279,280,285,278,286,284],"class_list":{"0":"post-1651","1":"product","2":"type-product","3":"status-publish","4":"has-post-thumbnail","6":"product_cat-basteln","7":"product_cat-papier","8":"product_cat-weihnachten","9":"product_tag-advent","10":"product_tag-basteln","11":"product_tag-basteln-mit-kindern","12":"product_tag-butterbrottueten","13":"product_tag-weihnachten","14":"product_tag-weihnachtsdeko","15":"product_tag-weihnachtsstern","17":"first","18":"instock","19":"taxable","20":"shipping-taxable","21":"product-type-simple"},"_links":{"self":[{"href":"https:\/\/www.handmadekultur.de\/schnittmuster\/wp-json\/wp\/v2\/product\/1651","targetHints":{"allow":["GET"]}}],"collection":[{"href":"https:\/\/www.handmadekultur.de\/schnittmuster\/wp-json\/wp\/v2\/product"}],"about":[{"href":"https:\/\/www.handmadekultur.de\/schnittmuster\/wp-json\/wp\/v2\/types\/product"}],"replies":[{"embeddable":true,"href":"https:\/\/www.handmadekultur.de\/schnittmuster\/wp-json\/wp\/v2\/comments?post=1651"}],"wp:featuredmedia":[{"embeddable":true,"href":"https:\/\/www.handmadekultur.de\/schnittmuster\/wp-json\/wp\/v2\/media\/1657"}],"wp:attachment":[{"href":"https:\/\/www.handmadekultur.de\/schnittmuster\/wp-json\/wp\/v2\/media?parent=1651"}],"wp:term":[{"taxonomy":"product_brand","embeddable":true,"href":"https:\/\/www.handmadekultur.de\/schnittmuster\/wp-json\/wp\/v2\/product_brand?post=1651"},{"taxonomy":"product_cat","embeddable":true,"href":"https:\/\/www.handmadekultur.de\/schnittmuster\/wp-json\/wp\/v2\/product_cat?post=1651"},{"taxonomy":"product_tag","embeddable":true,"href":"https:\/\/www.handmadekultur.de\/schnittmuster\/wp-json\/wp\/v2\/product_tag?post=1651"}],"curies":[{"name":"wp","href":"https:\/\/api.w.org\/{rel}","templated":true}]}}