{"id":1658,"date":"2018-09-12T21:39:06","date_gmt":"2018-09-12T19:39:06","guid":{"rendered":"https:\/\/www.patterny.de\/?post_type=product&#038;p=1658"},"modified":"2023-10-25T05:16:46","modified_gmt":"2023-10-25T03:16:46","slug":"adventskranz-selber-machen","status":"publish","type":"product","link":"https:\/\/www.handmadekultur.de\/schnittmuster\/produkt\/adventskranz-selber-machen_1658\/","title":{"rendered":"Adventskranz selber machen (Freebie)"},"content":{"rendered":"<p><strong>Anleitung:<\/strong> HANDMADE Kultur, <strong>Foto:<\/strong> Bernd Maier<\/p>\n<p>Ihr braucht:<\/p>\n<ul>\n<li>Strohkranz<\/li>\n<li>ca. 100\u2009g dickere Wolle (bei einem Kranz mit Au\u00dfendurchmesser 40\u2009cm) z.\u2009B. Strick- und Filzwolle<\/li>\n<li>passende Stricknadeln<\/li>\n<li>Vern\u00e4hnadel<\/li>\n<li>Ma\u00dfband<\/li>\n<\/ul>\n<p><strong>1 | Messen<\/strong><br \/>\nF\u00fcr das neue Kleid eures Adventskranzes strickt ihr erst mal<br \/>\neinen Schal. Um dessen Breite zu ermitteln, messt ihr den kleineren inneren Umfang der Kranzwulst, f\u00fcr die L\u00e4nge den gro\u00dfen \u00e4u\u00dferen Umfang des Kranzes.<\/p>\n<p>Tipp 1: Strickt den Schal am besten in beiden Dimensionen etwas kleiner, sodass ihr ihn recht stramm \u00fcber den Kranz ziehen k\u00f6nnt. So wird vermieden, dass der Strick\u00fcberzug Falten wirft.<\/p>\n<p>Tipp 2: Wenn ihr sehr locker strickt, kann es sein, dass sp\u00e4ter die Kranzoberfl\u00e4che durch die Maschenl\u00f6cher hervorlugt. Verwendet deshalb zum Stricken lieber eine Nadelst\u00e4rke kleiner als f\u00fcr die<br \/>\njeweilige Wolle angegeben.<\/p>\n<p><strong>2 | Stricken<br \/>\n<\/strong>Schlagt entsprechend der ben\u00f6tigten Breite und der Garnst\u00e4rke Maschen an und strickt in Reihen glatt rechts (Hinr re. M, R\u00fcckr li. M), bis ihr die richtige L\u00e4nge f\u00fcr den Umfang eures Kranzes erreicht habt.<\/p>\n<p><strong>3 | Zusammenn\u00e4hen<br \/>\n<\/strong>Nun n\u00e4ht ihr Anfang und Ende des Schals zu einem Ring zusammen und zieht diesen \u00fcber den Kranz. Die offenen L\u00e4ngsseiten n\u00e4ht ihr auf der Unterseite des Kranzes zusammen.<\/p>\n<p>Fertig ist das neue Outfit\u00a0\u2013\u00a0fehlen nur noch Kerzen und eure pers\u00f6nlichen Lieblings Accessoires f\u00fcr die richtige vorweihnachtliche Stimmung!<\/p>\n","protected":false},"excerpt":{"rendered":"<h4>Immer das gleiche Tischoutfit? Ist ja langweilig! Wir stricken uns dieses Jahr den Advent. Macht ihr mit?<\/h4>\n","protected":false},"featured_media":1659,"comment_status":"open","ping_status":"closed","template":"","meta":[],"product_brand":[],"product_cat":[49,288],"product_tag":[287,289,290,278],"class_list":{"0":"post-1658","1":"product","2":"type-product","3":"status-publish","4":"has-post-thumbnail","6":"product_cat-stricken-strickanleitungen","7":"product_cat-weihnachten-stricken-strickanleitungen","8":"product_tag-advent","9":"product_tag-adventskranz","10":"product_tag-adventszeit","11":"product_tag-weihnachten","13":"first","14":"instock","15":"downloadable","16":"taxable","17":"shipping-taxable","18":"purchasable","19":"product-type-simple"},"_links":{"self":[{"href":"https:\/\/www.handmadekultur.de\/schnittmuster\/wp-json\/wp\/v2\/product\/1658","targetHints":{"allow":["GET"]}}],"collection":[{"href":"https:\/\/www.handmadekultur.de\/schnittmuster\/wp-json\/wp\/v2\/product"}],"about":[{"href":"https:\/\/www.handmadekultur.de\/schnittmuster\/wp-json\/wp\/v2\/types\/product"}],"replies":[{"embeddable":true,"href":"https:\/\/www.handmadekultur.de\/schnittmuster\/wp-json\/wp\/v2\/comments?post=1658"}],"wp:featuredmedia":[{"embeddable":true,"href":"https:\/\/www.handmadekultur.de\/schnittmuster\/wp-json\/wp\/v2\/media\/1659"}],"wp:attachment":[{"href":"https:\/\/www.handmadekultur.de\/schnittmuster\/wp-json\/wp\/v2\/media?parent=1658"}],"wp:term":[{"taxonomy":"product_brand","embeddable":true,"href":"https:\/\/www.handmadekultur.de\/schnittmuster\/wp-json\/wp\/v2\/product_brand?post=1658"},{"taxonomy":"product_cat","embeddable":true,"href":"https:\/\/www.handmadekultur.de\/schnittmuster\/wp-json\/wp\/v2\/product_cat?post=1658"},{"taxonomy":"product_tag","embeddable":true,"href":"https:\/\/www.handmadekultur.de\/schnittmuster\/wp-json\/wp\/v2\/product_tag?post=1658"}],"curies":[{"name":"wp","href":"https:\/\/api.w.org\/{rel}","templated":true}]}}