{"id":1660,"date":"2018-09-12T22:45:29","date_gmt":"2018-09-12T20:45:29","guid":{"rendered":"https:\/\/www.patterny.de\/?post_type=product&#038;p=1660"},"modified":"2025-04-29T19:35:59","modified_gmt":"2025-04-29T19:35:59","slug":"wandbehang","status":"publish","type":"product","link":"https:\/\/www.handmadekultur.de\/schnittmuster\/produkt\/wandbehang_1660\/","title":{"rendered":"Wandbehang"},"content":{"rendered":"<p><strong>Anleitung:<\/strong> HANDMADE Kultur, <strong>Foto:<\/strong> Thordis R\u00fcggeberg<\/p>\n<p><strong>WERKZEUG UND MATERIAL<\/strong><\/p>\n<ul>\n<li>Pompon-Maker (z.\u2009B. \u00bbClover 115\u00ab)<\/li>\n<li>Schere<\/li>\n<li>Biowolle in verschiedenen Farben (z.\u2009B. \u00bbFey\u00ab, Fb. 09, 17, 07, 08, 16, aus 70\u2009% Schurwolle, 30\u2009% Alpaka von Austermann).<\/li>\n<li>Tuchb\u00fcgel mit mind. 12 Ringen<\/li>\n<\/ul>\n<p><strong>UND SO GEHT&#8217;S<\/strong><\/p>\n<p>Aus verschiedenen Farben 12 Pompons mit ca.\u00a012\u2009cm Durchmesser wickeln. (Sollte euer Tuchb\u00fcgel mehr Ringe haben, einfach mehr Pompons wickeln!) Die Pompons auf die B\u00fcgelringe aufstecken und auf der hinteren Seite festknoten. Durch die unteren Ringe etwa gleichm\u00e4\u00dfig lange Fransen ziehen und ggf. zurechtstutzen. Fertig!<\/p>\n<p><img loading=\"lazy\" decoding=\"async\" class=\"alignnone size-full wp-image-1662\" src=\"https:\/\/www.handmadekultur.de\/schnittmuster\/wp-content\/uploads\/2018\/09\/wandbehang-hochformat.jpg\" alt=\"\" width=\"600\" height=\"861\" srcset=\"https:\/\/www.handmadekultur.de\/schnittmuster\/up\/2018\/09\/wandbehang-hochformat.jpg 600w, https:\/\/www.handmadekultur.de\/schnittmuster\/up\/2018\/09\/wandbehang-hochformat-209x300.jpg 209w\" sizes=\"auto, (max-width: 600px) 100vw, 600px\" \/><\/p>\n","protected":false},"excerpt":{"rendered":"<h4>Wolle an der Wand ist schwer im Kommen. Meist gewebt oder gekn\u00fcpft. Einfacher und schneller geht\u2019s mit Pompons &amp; Fransen. Probiert es aus!<\/h4>\n","protected":false},"featured_media":1661,"comment_status":"open","ping_status":"closed","template":"","meta":[],"product_brand":[],"product_cat":[69,66,208,218,49,365],"product_tag":[294,292,293,291,295],"class_list":{"0":"post-1660","1":"product","2":"type-product","3":"status-publish","4":"has-post-thumbnail","6":"product_cat-accessoires","7":"product_cat-haekelanleitungen","8":"product_cat-homewear-stricken","9":"product_cat-living-home","10":"product_cat-stricken-strickanleitungen","11":"product_cat-wohnen","12":"product_tag-bommel","13":"product_tag-pompoms","14":"product_tag-pompons","15":"product_tag-wandbehang","16":"product_tag-wolle","18":"first","19":"instock","20":"taxable","21":"shipping-taxable","22":"product-type-simple"},"_links":{"self":[{"href":"https:\/\/www.handmadekultur.de\/schnittmuster\/wp-json\/wp\/v2\/product\/1660","targetHints":{"allow":["GET"]}}],"collection":[{"href":"https:\/\/www.handmadekultur.de\/schnittmuster\/wp-json\/wp\/v2\/product"}],"about":[{"href":"https:\/\/www.handmadekultur.de\/schnittmuster\/wp-json\/wp\/v2\/types\/product"}],"replies":[{"embeddable":true,"href":"https:\/\/www.handmadekultur.de\/schnittmuster\/wp-json\/wp\/v2\/comments?post=1660"}],"wp:featuredmedia":[{"embeddable":true,"href":"https:\/\/www.handmadekultur.de\/schnittmuster\/wp-json\/wp\/v2\/media\/1661"}],"wp:attachment":[{"href":"https:\/\/www.handmadekultur.de\/schnittmuster\/wp-json\/wp\/v2\/media?parent=1660"}],"wp:term":[{"taxonomy":"product_brand","embeddable":true,"href":"https:\/\/www.handmadekultur.de\/schnittmuster\/wp-json\/wp\/v2\/product_brand?post=1660"},{"taxonomy":"product_cat","embeddable":true,"href":"https:\/\/www.handmadekultur.de\/schnittmuster\/wp-json\/wp\/v2\/product_cat?post=1660"},{"taxonomy":"product_tag","embeddable":true,"href":"https:\/\/www.handmadekultur.de\/schnittmuster\/wp-json\/wp\/v2\/product_tag?post=1660"}],"curies":[{"name":"wp","href":"https:\/\/api.w.org\/{rel}","templated":true}]}}