{"id":1664,"date":"2018-09-25T13:22:12","date_gmt":"2018-09-25T11:22:12","guid":{"rendered":"https:\/\/www.patterny.de\/?post_type=product&#038;p=1664"},"modified":"2025-04-29T19:50:26","modified_gmt":"2025-04-29T19:50:26","slug":"blouson-sascha-mit-schnittmuster","status":"publish","type":"product","link":"https:\/\/www.handmadekultur.de\/schnittmuster\/produkt\/blouson-sascha-mit-schnittmuster_1664\/","title":{"rendered":"Blouson Sascha (mit Schnittmuster und Anleitungsvideo)"},"content":{"rendered":"<p>Ihr ben\u00f6tigt an Material:<\/p>\n<p><strong>Stoffverbrauch f\u00fcr die Gr\u00f6\u00dfen 34-42:<br \/>\n<\/strong><\/p>\n<ul>\n<li>Oberstoff: 140 cm L\u00e4nge bei 140 cm Stoffbreite<\/li>\n<li>Futter: 130 cm L\u00e4nge bei 140 cm Stoffbreite<\/li>\n<li>B\u00fcndchenstoff: 30 cm L\u00e4nge, 95 cm Breite<\/li>\n<li>Vlies: 60 cm L\u00e4nge x 40 cm Breite Einlage (H 180) zum Aufb\u00fcgeln f\u00fcr Belege<\/li>\n<li>Optional! Volumenvlies: 130 cm L\u00e4nge bei 150er cm Vliesbreite (H 246) zum Abf\u00fcttern<\/li>\n<li>Garn, ggf. Textilkleber zum Spr\u00fchen<\/li>\n<li>Rei\u00dfverschluss: mind. 50 cm (Hier individuelle L\u00e4nge ausmessen!)<\/li>\n<li>Ggf. Kantenfix: ca. 12 m<\/li>\n<\/ul>\n<p><strong>Stoffverbrauch f\u00fcr die Gr\u00f6\u00dfen 44-50:<br \/>\n<\/strong><\/p>\n<ul>\n<li>Oberstoff: 210 cm L\u00e4nge bei 140 cm Stoffbreite<\/li>\n<li>Futter: 140 cm L\u00e4nge bei 140 cm Stoffbreite<\/li>\n<li>B\u00fcndchenstoff: 30 cm L\u00e4nge, 95 cm Breite<\/li>\n<li>Vlies: 60 cm L\u00e4nge x 40 cm Breite Einlage (H 180) zum Aufb\u00fcgeln f\u00fcr Belege<\/li>\n<li>Optional! Volumenvlies: 140 cm L\u00e4nge bei 150er cm Vliesbreite (H 246) zum Abf\u00fcttern<\/li>\n<li>Garn, ggf. Textilkleber zum Spr\u00fchen<\/li>\n<li>Rei\u00dfverschluss: mind. 50 cm (Hier individuelle L\u00e4nge ausmessen!)<\/li>\n<li>Ggf. Kantenfix: ca. 12 m<\/li>\n<\/ul>\n<p><strong>Sonstiges:<\/strong><\/p>\n<p>N\u00e4hmaschine<br \/>\nggf. Overlock<br \/>\nLineal<br \/>\nB\u00fcgeleisen<br \/>\nSchere<\/p>\n<p><em>Schnittmuster und Anleitung stehen dir als separate PDFs nach Abschluss des Bezahlvorganges sofort als Download zur Verf\u00fcgung.<\/em><\/p>\n","protected":false},"excerpt":{"rendered":"<p>Das HANDMADE Kultur <strong>Schnittmuster Sascha<\/strong> f\u00fcr Frauen ist ein klassischer <strong>Blouson- bzw. Bomberjackenschnitt<\/strong> in den <strong>Gr\u00f6\u00dfen 34\u201342<\/strong> und <strong>44\u201350<\/strong> mit Leistentaschen und schmaler Passform.<\/p>\n<p>Der Originalschnitt reicht etwas \u00fcber die Taille. Wenn du ihn verl\u00e4ngern m\u00f6chtest, f\u00fcgst du einfach noch ein St\u00fcck ein. Wie das geht, zeigen wir dir \u2013 unter anderem \u2013 in unserem <a href=\"https:\/\/youtu.be\/8KC1BygX7dw\"><strong>Anleitungsvideo<\/strong><\/a>!<\/p>\n<p><strong>Schwierigkeitsgrad:<\/strong> <strong>***<\/strong>\/**<\/p>\n","protected":false},"featured_media":2011,"comment_status":"open","ping_status":"closed","template":"","meta":[],"product_brand":[],"product_cat":[186,296,166],"product_tag":[299,297,298,300,184,168,301,302],"class_list":{"0":"post-1664","1":"product","2":"type-product","3":"status-publish","4":"has-post-thumbnail","6":"product_cat-schnittmuster-fuer-damen","7":"product_cat-jacken-maentel","8":"product_cat-schnittmuster","9":"product_tag-blouson","10":"product_tag-bomberjacke","11":"product_tag-hobbyschneidern","12":"product_tag-jacke","13":"product_tag-naehen","14":"product_tag-schnittmuster","15":"product_tag-selbstgenaeht","16":"product_tag-videoanleitung","18":"first","19":"instock","20":"downloadable","21":"virtual","22":"taxable","23":"purchasable","24":"product-type-simple"},"_links":{"self":[{"href":"https:\/\/www.handmadekultur.de\/schnittmuster\/wp-json\/wp\/v2\/product\/1664","targetHints":{"allow":["GET"]}}],"collection":[{"href":"https:\/\/www.handmadekultur.de\/schnittmuster\/wp-json\/wp\/v2\/product"}],"about":[{"href":"https:\/\/www.handmadekultur.de\/schnittmuster\/wp-json\/wp\/v2\/types\/product"}],"replies":[{"embeddable":true,"href":"https:\/\/www.handmadekultur.de\/schnittmuster\/wp-json\/wp\/v2\/comments?post=1664"}],"wp:featuredmedia":[{"embeddable":true,"href":"https:\/\/www.handmadekultur.de\/schnittmuster\/wp-json\/wp\/v2\/media\/2011"}],"wp:attachment":[{"href":"https:\/\/www.handmadekultur.de\/schnittmuster\/wp-json\/wp\/v2\/media?parent=1664"}],"wp:term":[{"taxonomy":"product_brand","embeddable":true,"href":"https:\/\/www.handmadekultur.de\/schnittmuster\/wp-json\/wp\/v2\/product_brand?post=1664"},{"taxonomy":"product_cat","embeddable":true,"href":"https:\/\/www.handmadekultur.de\/schnittmuster\/wp-json\/wp\/v2\/product_cat?post=1664"},{"taxonomy":"product_tag","embeddable":true,"href":"https:\/\/www.handmadekultur.de\/schnittmuster\/wp-json\/wp\/v2\/product_tag?post=1664"}],"curies":[{"name":"wp","href":"https:\/\/api.w.org\/{rel}","templated":true}]}}