{"id":1709,"date":"2018-10-10T16:04:10","date_gmt":"2018-10-10T14:04:10","guid":{"rendered":"https:\/\/www.patterny.de\/?post_type=product&#038;p=1709"},"modified":"2022-11-15T17:04:36","modified_gmt":"2022-11-15T16:04:36","slug":"hose-sarah-mit-schnittmuster","status":"publish","type":"product","link":"https:\/\/www.handmadekultur.de\/schnittmuster\/produkt\/hose-sarah-mit-schnittmuster_1709\/","title":{"rendered":"Hose Sarah (mit Schnittmuster)"},"content":{"rendered":"<p>Ihr ben\u00f6tigt:<\/p>\n<p><strong>Stoffverbrauch<\/strong><\/p>\n<p><strong>Gr. S bis M:<\/strong><br \/>\n130 cm bei 150 cm Stoffbreite<br \/>\n(im Bruch zuschneiden)<\/p>\n<p><strong>Gr. L bis XL<\/strong><br \/>\n260 cm ab 80 cm Stoffbreite<\/p>\n<p>Bei gemusterten Stoffen 260 cm ab 100er Stoffbreite<\/p>\n<p><strong>Sonstiges<\/strong><\/p>\n<ul>\n<li>N\u00e4hmaschine<\/li>\n<li>ggf. Overlock<\/li>\n<li>Schere<\/li>\n<li>Ma\u00dfband<\/li>\n<li>Stecknadeln<\/li>\n<li>gro\u00dfe Sicherheitsnadel<\/li>\n<li>farblich passendes Garn<\/li>\n<li>Gummiband, 2cm breit, L\u00e4nge richtet sich nach Taillenumfang<\/li>\n<\/ul>\n<p><em>Schnittmuster und Anleitung stehen dir als separate PDFs nach Abschluss des Bezahlvorganges sofort als Download zur Verf\u00fcgung.<\/em><\/p>\n","protected":false},"excerpt":{"rendered":"<p>Diese super bequeme Hose kannst du dir in zwei Varianten n\u00e4hen, einmal mit einem Gummizug in der Taille oder mit Bu\u0308ndchenstoff. Die Hose hat keine Taschen und kann aus Seide, aus Baumwolle, aus festerem Stoff oder auch aus Viskose gen\u00e4ht werden. Alles funktioniert und sieht prima aus.<\/p>\n<p>Gr\u00f6\u00dfen: Die Hose gibt es in den <strong>Gr\u00f6\u00dfen S, M, L und XL<\/strong><\/p>\n<p>Schwierigkeitsgrad: <strong>*<\/strong>\/****<\/p>\n<p>&nbsp;<\/p>\n","protected":false},"featured_media":3694,"comment_status":"open","ping_status":"closed","template":"","meta":[],"product_brand":[],"product_cat":[186,174,166],"product_tag":[318,316,315,313,314,168,317],"class_list":{"0":"post-1709","1":"product","2":"type-product","3":"status-publish","4":"has-post-thumbnail","6":"product_cat-schnittmuster-fuer-damen","7":"product_cat-hosen","8":"product_cat-schnittmuster","9":"product_tag-buendchenstoff","10":"product_tag-gummizug","11":"product_tag-pluderhose","12":"product_tag-sarihose","13":"product_tag-schneidern","14":"product_tag-schnittmuster","15":"product_tag-tunnelzug","17":"first","18":"instock","19":"downloadable","20":"virtual","21":"taxable","22":"purchasable","23":"product-type-simple"},"_links":{"self":[{"href":"https:\/\/www.handmadekultur.de\/schnittmuster\/wp-json\/wp\/v2\/product\/1709","targetHints":{"allow":["GET"]}}],"collection":[{"href":"https:\/\/www.handmadekultur.de\/schnittmuster\/wp-json\/wp\/v2\/product"}],"about":[{"href":"https:\/\/www.handmadekultur.de\/schnittmuster\/wp-json\/wp\/v2\/types\/product"}],"replies":[{"embeddable":true,"href":"https:\/\/www.handmadekultur.de\/schnittmuster\/wp-json\/wp\/v2\/comments?post=1709"}],"wp:featuredmedia":[{"embeddable":true,"href":"https:\/\/www.handmadekultur.de\/schnittmuster\/wp-json\/wp\/v2\/media\/3694"}],"wp:attachment":[{"href":"https:\/\/www.handmadekultur.de\/schnittmuster\/wp-json\/wp\/v2\/media?parent=1709"}],"wp:term":[{"taxonomy":"product_brand","embeddable":true,"href":"https:\/\/www.handmadekultur.de\/schnittmuster\/wp-json\/wp\/v2\/product_brand?post=1709"},{"taxonomy":"product_cat","embeddable":true,"href":"https:\/\/www.handmadekultur.de\/schnittmuster\/wp-json\/wp\/v2\/product_cat?post=1709"},{"taxonomy":"product_tag","embeddable":true,"href":"https:\/\/www.handmadekultur.de\/schnittmuster\/wp-json\/wp\/v2\/product_tag?post=1709"}],"curies":[{"name":"wp","href":"https:\/\/api.w.org\/{rel}","templated":true}]}}