{"id":1739,"date":"2018-10-19T18:22:10","date_gmt":"2018-10-19T16:22:10","guid":{"rendered":"https:\/\/www.patterny.de\/?post_type=product&#038;p=1739"},"modified":"2025-04-29T19:50:25","modified_gmt":"2025-04-29T19:50:25","slug":"kleid-domenica-mit-schnittmuster","status":"publish","type":"product","link":"https:\/\/www.handmadekultur.de\/schnittmuster\/produkt\/kleid-domenica-mit-schnittmuster_1739\/","title":{"rendered":"Kleid Domenica (mit Schnittmuster)"},"content":{"rendered":"<p><strong>Stoffverbrauch:<\/strong><\/p>\n<ul>\n<li>Oberstoff: 150\u2009cm bei 150 cm Stoffbreite<\/li>\n<li>Garn<\/li>\n<li>ca. 26\u2009cm langer Rei\u00dfverschluss<\/li>\n<li>Einlage f\u00fcr die Belege: 20 cm x 50 cm<\/li>\n<\/ul>\n<p><strong>Au\u00dferdem:<\/strong><\/p>\n<ul>\n<li>N\u00e4hmaschine<\/li>\n<li>ggf. Overlock<\/li>\n<li>Schere<\/li>\n<li>Nadel<\/li>\n<li>Ma\u00dfband<\/li>\n<li>Schneiderkreide<\/li>\n<li>Stecknadeln<\/li>\n<li>B\u00fcgeleisen<\/li>\n<\/ul>\n<p><em>Schnittmuster und Anleitung stehen dir als separate PDFs nach Abschluss des Bezahlvorganges sofort als Download zur Verf\u00fcgung.<\/em><\/p>\n","protected":false},"excerpt":{"rendered":"<p>Das Kleid Domenica ist ein <strong>figurbetontes Kleid mit einer schmalen Passform und Raglan\u00e4rmeln<\/strong>. Die Brustabn\u00e4her sind verdeckt, in der hinteren Mitte sitzt ein Rei\u00dfverschluss von ca. 26 cm L\u00e4nge. Domenica wirkt <strong>sehr elegant<\/strong>. Wenn ihr das Kleid aus Webstoff mit etwas Elastananteil n\u00e4ht, ist es au\u00dferdem <strong>super bequem<\/strong> und sitzt quasi wie eine zweite Haut!<\/p>\n<p>Das Schnittmuster ist in den <strong>Gr\u00f6\u00dfen 36 bis 50 <\/strong>verf\u00fcgbar.<strong><br \/>\n<\/strong><\/p>\n<p><strong>Schwierigkeitsgrad: **<\/strong>\/*** (besondere Fertigkeit: Rei\u00dfverschluss einn\u00e4hen)<\/p>\n","protected":false},"featured_media":1818,"comment_status":"open","ping_status":"closed","template":"","meta":[],"product_brand":[],"product_cat":[186,324,166],"product_tag":[323,320,319,321,168,322],"class_list":{"0":"post-1739","1":"product","2":"type-product","3":"status-publish","4":"has-post-thumbnail","6":"product_cat-schnittmuster-fuer-damen","7":"product_cat-kleider","8":"product_cat-schnittmuster","9":"product_tag-dress","10":"product_tag-figurbetont","11":"product_tag-kleid","12":"product_tag-raglanaermel","13":"product_tag-schnittmuster","14":"product_tag-verdeckter-brustabnaeher","16":"first","17":"instock","18":"downloadable","19":"virtual","20":"taxable","21":"purchasable","22":"product-type-simple"},"_links":{"self":[{"href":"https:\/\/www.handmadekultur.de\/schnittmuster\/wp-json\/wp\/v2\/product\/1739","targetHints":{"allow":["GET"]}}],"collection":[{"href":"https:\/\/www.handmadekultur.de\/schnittmuster\/wp-json\/wp\/v2\/product"}],"about":[{"href":"https:\/\/www.handmadekultur.de\/schnittmuster\/wp-json\/wp\/v2\/types\/product"}],"replies":[{"embeddable":true,"href":"https:\/\/www.handmadekultur.de\/schnittmuster\/wp-json\/wp\/v2\/comments?post=1739"}],"wp:featuredmedia":[{"embeddable":true,"href":"https:\/\/www.handmadekultur.de\/schnittmuster\/wp-json\/wp\/v2\/media\/1818"}],"wp:attachment":[{"href":"https:\/\/www.handmadekultur.de\/schnittmuster\/wp-json\/wp\/v2\/media?parent=1739"}],"wp:term":[{"taxonomy":"product_brand","embeddable":true,"href":"https:\/\/www.handmadekultur.de\/schnittmuster\/wp-json\/wp\/v2\/product_brand?post=1739"},{"taxonomy":"product_cat","embeddable":true,"href":"https:\/\/www.handmadekultur.de\/schnittmuster\/wp-json\/wp\/v2\/product_cat?post=1739"},{"taxonomy":"product_tag","embeddable":true,"href":"https:\/\/www.handmadekultur.de\/schnittmuster\/wp-json\/wp\/v2\/product_tag?post=1739"}],"curies":[{"name":"wp","href":"https:\/\/api.w.org\/{rel}","templated":true}]}}