{"id":1758,"date":"2018-10-20T19:23:56","date_gmt":"2018-10-20T17:23:56","guid":{"rendered":"https:\/\/www.patterny.de\/?post_type=product&#038;p=1758"},"modified":"2025-04-29T19:50:25","modified_gmt":"2025-04-29T19:50:25","slug":"easy-peasy-shirt-rosa-mit-schnittmuster","status":"publish","type":"product","link":"https:\/\/www.handmadekultur.de\/schnittmuster\/produkt\/easy-peasy-shirt-rosa-mit-schnittmuster_1758\/","title":{"rendered":"Kinder Easy Peasy Shirt Rosa (mit Schnittmuster)"},"content":{"rendered":"<p>Das ben\u00f6tigt ihr:<\/p>\n<p><strong>Stoffverbrauch:<\/strong><\/p>\n<ul>\n<li>Gr. 122\u2013128:<br \/>\nStoff Farbe 1: 100\u2009x\u2009150\u2009cm<br \/>\nStoff Farbe 2: 40\u2009x\u2009150\u2009cm<\/li>\n<li>Gr. 134\u2013164:<br \/>\nStoff Farbe 1 : 130\u2009x\u2009150\u2009cm<br \/>\nStoff Farbe 2: 40\u2009x\u2009150\u2009cm<\/li>\n<\/ul>\n<p><strong>Tipp!<\/strong> Wir empfehlen f\u00fcr dieses Shirt leicht dehnbare Stoffe zu verwenden, z. B. Jersey.<\/p>\n<p><strong>Werkzeuge:<\/strong><\/p>\n<ul>\n<li>N\u00e4hmaschine, ggf. Overlock<\/li>\n<li>Schere<\/li>\n<li>Stecknadeln<\/li>\n<li>B\u00fcgeleisen<\/li>\n<li>Garn<\/li>\n<li>Ma\u00dfband<\/li>\n<li>f\u00fcr Jersey und Sweatshirtstoff: Jersey-Nadel f\u00fcr die N\u00e4hmaschine<\/li>\n<\/ul>\n<p><em>Schnittmuster und Anleitung stehen dir als separate PDFs nach Abschluss des Bezahlvorganges sofort als Download zur Verf\u00fcgung.<\/em><\/p>\n","protected":false},"excerpt":{"rendered":"<p><strong>F\u00fcr Kids und Teens!<\/strong> <strong>Basic-Teile<\/strong>, die uns leicht von der Hand gehen und trotzdem <strong>raffinierte Details<\/strong> offenbaren<strong>.\u00a0<\/strong>(Dieses Schnittmuster ist unser erfolgreiches <strong>Easy Peasy Shirt<\/strong>, das wir nun f\u00fcr Kinder und Teenager aufgelegt haben.)<\/p>\n<p><strong>Gr\u00f6\u00dfen: 122 bis 164<\/strong><\/p>\n<p><strong>Schwierigkeitsgrad: *<\/strong>\/****<\/p>\n","protected":false},"featured_media":2039,"comment_status":"open","ping_status":"closed","template":"","meta":[],"product_brand":[],"product_cat":[325,166,196,239],"product_tag":[326,329,328,184,168,327,330],"class_list":{"0":"post-1758","1":"product","2":"type-product","3":"status-publish","4":"has-post-thumbnail","6":"product_cat-kinder","7":"product_cat-schnittmuster","8":"product_cat-shirt","9":"product_cat-startseite","10":"product_tag-easy-peasy-shirt","11":"product_tag-jersey","12":"product_tag-maedchen","13":"product_tag-naehen","14":"product_tag-schnittmuster","15":"product_tag-schnittmuster-fuer-kinder","16":"product_tag-sweatshirt","18":"first","19":"instock","20":"downloadable","21":"virtual","22":"taxable","23":"purchasable","24":"product-type-simple"},"_links":{"self":[{"href":"https:\/\/www.handmadekultur.de\/schnittmuster\/wp-json\/wp\/v2\/product\/1758","targetHints":{"allow":["GET"]}}],"collection":[{"href":"https:\/\/www.handmadekultur.de\/schnittmuster\/wp-json\/wp\/v2\/product"}],"about":[{"href":"https:\/\/www.handmadekultur.de\/schnittmuster\/wp-json\/wp\/v2\/types\/product"}],"replies":[{"embeddable":true,"href":"https:\/\/www.handmadekultur.de\/schnittmuster\/wp-json\/wp\/v2\/comments?post=1758"}],"wp:featuredmedia":[{"embeddable":true,"href":"https:\/\/www.handmadekultur.de\/schnittmuster\/wp-json\/wp\/v2\/media\/2039"}],"wp:attachment":[{"href":"https:\/\/www.handmadekultur.de\/schnittmuster\/wp-json\/wp\/v2\/media?parent=1758"}],"wp:term":[{"taxonomy":"product_brand","embeddable":true,"href":"https:\/\/www.handmadekultur.de\/schnittmuster\/wp-json\/wp\/v2\/product_brand?post=1758"},{"taxonomy":"product_cat","embeddable":true,"href":"https:\/\/www.handmadekultur.de\/schnittmuster\/wp-json\/wp\/v2\/product_cat?post=1758"},{"taxonomy":"product_tag","embeddable":true,"href":"https:\/\/www.handmadekultur.de\/schnittmuster\/wp-json\/wp\/v2\/product_tag?post=1758"}],"curies":[{"name":"wp","href":"https:\/\/api.w.org\/{rel}","templated":true}]}}