{"id":1789,"date":"2018-10-22T16:03:31","date_gmt":"2018-10-22T14:03:31","guid":{"rendered":"https:\/\/www.patterny.de\/?post_type=product&#038;p=1789"},"modified":"2025-04-29T19:49:05","modified_gmt":"2025-04-29T19:49:05","slug":"easy-peasy-shirt-greta-mit-schnittmuster","status":"publish","type":"product","link":"https:\/\/www.handmadekultur.de\/schnittmuster\/produkt\/easy-peasy-shirt-greta-mit-schnittmuster_1789\/","title":{"rendered":"Easy Peasy Shirt Greta (mit Schnittmuster)"},"content":{"rendered":"<p>Das ben\u00f6tigt ihr:<\/p>\n<p><strong>STOFFVERBRAUCH:<\/strong><\/p>\n<ul>\n<li>Stoff Farbe 1: 170\u2009x\u2009150\u2009cm<\/li>\n<li>Stoff Farbe 2: 50\u2009x\u2009150\u2009cm<\/li>\n<\/ul>\n<p><strong>Tipp!<\/strong> Wir empfehlen f\u00fcr dieses Shirt leicht dehnbare Stoffe, z. B. Jersey.<\/p>\n<p><strong>WERKZEUGE:<\/strong><\/p>\n<ul>\n<li>N\u00e4hmaschine<\/li>\n<li>ggf. Overlock<\/li>\n<li>Schere<\/li>\n<li>Stecknadeln<\/li>\n<li>B\u00fcgeleisen<\/li>\n<li>Garn<\/li>\n<li>Ma\u00dfband<\/li>\n<li>F\u00fcr Jersey- und Sweatshirtstoff: Jersey-Nadel f\u00fcr die N\u00e4hmaschine<\/li>\n<\/ul>\n<p><em>Schnittmuster und Anleitung stehen dir als separate PDFs nach Abschluss des Bezahlvorganges sofort als Download zur Verf\u00fcgung.<\/em><\/p>\n","protected":false},"excerpt":{"rendered":"<p>Davon k\u00f6nnen wir gar nicht genug haben: <strong>Basic-Teile<\/strong>, die uns leicht von der Hand gehen und trotzdem <strong>raffinierte Details<\/strong> offenbaren. Absolutes Plus: Greta kann jeden Stil aufgreifen \u2013 von <strong>super sportlich bis sehr elegant<\/strong>. ACHTUNG! Auch f\u00fcr <strong>Super Plus Sizes<\/strong>!<\/p>\n<p><strong>GR\u00d6SSEN:<\/strong> 36 bis 54<\/p>\n<p><strong>SCHWIERIGKEITSGRAD: *<\/strong>\/****<\/p>\n","protected":false},"featured_media":1796,"comment_status":"open","ping_status":"closed","template":"","meta":[],"product_brand":[],"product_cat":[186,192,166,196,239],"product_tag":[184,179,314,168,181,180],"class_list":{"0":"post-1789","1":"product","2":"type-product","3":"status-publish","4":"has-post-thumbnail","6":"product_cat-schnittmuster-fuer-damen","7":"product_cat-pullover","8":"product_cat-schnittmuster","9":"product_cat-shirt","10":"product_cat-startseite","11":"product_tag-naehen","12":"product_tag-pullover","13":"product_tag-schneidern","14":"product_tag-schnittmuster","15":"product_tag-selbernaehen","16":"product_tag-shirt","18":"first","19":"instock","20":"downloadable","21":"virtual","22":"taxable","23":"purchasable","24":"product-type-simple"},"_links":{"self":[{"href":"https:\/\/www.handmadekultur.de\/schnittmuster\/wp-json\/wp\/v2\/product\/1789","targetHints":{"allow":["GET"]}}],"collection":[{"href":"https:\/\/www.handmadekultur.de\/schnittmuster\/wp-json\/wp\/v2\/product"}],"about":[{"href":"https:\/\/www.handmadekultur.de\/schnittmuster\/wp-json\/wp\/v2\/types\/product"}],"replies":[{"embeddable":true,"href":"https:\/\/www.handmadekultur.de\/schnittmuster\/wp-json\/wp\/v2\/comments?post=1789"}],"wp:featuredmedia":[{"embeddable":true,"href":"https:\/\/www.handmadekultur.de\/schnittmuster\/wp-json\/wp\/v2\/media\/1796"}],"wp:attachment":[{"href":"https:\/\/www.handmadekultur.de\/schnittmuster\/wp-json\/wp\/v2\/media?parent=1789"}],"wp:term":[{"taxonomy":"product_brand","embeddable":true,"href":"https:\/\/www.handmadekultur.de\/schnittmuster\/wp-json\/wp\/v2\/product_brand?post=1789"},{"taxonomy":"product_cat","embeddable":true,"href":"https:\/\/www.handmadekultur.de\/schnittmuster\/wp-json\/wp\/v2\/product_cat?post=1789"},{"taxonomy":"product_tag","embeddable":true,"href":"https:\/\/www.handmadekultur.de\/schnittmuster\/wp-json\/wp\/v2\/product_tag?post=1789"}],"curies":[{"name":"wp","href":"https:\/\/api.w.org\/{rel}","templated":true}]}}