{"id":1843,"date":"2018-10-30T10:21:08","date_gmt":"2018-10-30T09:21:08","guid":{"rendered":"https:\/\/www.patterny.de\/?post_type=product&#038;p=1843"},"modified":"2025-04-29T19:50:25","modified_gmt":"2025-04-29T19:50:25","slug":"rucksack-baggy-mit-schnittmuster","status":"publish","type":"product","link":"https:\/\/www.handmadekultur.de\/schnittmuster\/produkt\/rucksack-baggy-mit-schnittmuster_1843\/","title":{"rendered":"Rucksack Baggy (mit Schnittmuster)"},"content":{"rendered":"<p>Und das ben\u00f6tigt ihr:<\/p>\n<p><strong>Material<\/strong><\/p>\n<ul>\n<li>Au\u00dfenstoff: 140 cm\u2009x\u2009140 cm<\/li>\n<li>Innenstoff: 100 cm\u2009x\u2009140\u2009cm<\/li>\n<li>Volumenvlies H 640 zum Aufb\u00fcgeln: 70\u2009cm<\/li>\n<li>Decovil: 30\u2009cm<\/li>\n<li>Style-Vil: 25 cm<\/li>\n<li>ein Kordelband (120\u2009cm lang)<\/li>\n<li>12 \u00d6sen<\/li>\n<li>ca. 230\u2009cm Schr\u00e4gband (gekauft od. selbstgemacht)<\/li>\n<li>Gurtband oder 6 Lederriemen mit Schnallen<\/li>\n<li><strong>nur bei Verwendung von Lederriemen:<\/strong> 24 Hohl- od. Schraubnieten zum Verschrauben (max. 9\u2009mm)<\/li>\n<\/ul>\n<p><em>Das Schnittmuster wurde umgesetzt mit der freundlichen Unterst\u00fctzung von:<\/em><\/p>\n<p><a href=\"https:\/\/www.vlieseline.com\/\"><img loading=\"lazy\" decoding=\"async\" class=\"alignnone wp-image-3856\" src=\"https:\/\/www.handmadekultur.de\/schnittmuster\/up\/2018\/10\/Vlieseline_Kombi-Logo_abo_CMYK_1-300x174.png\" alt=\"\" width=\"200\" height=\"116\" srcset=\"https:\/\/www.handmadekultur.de\/schnittmuster\/up\/2018\/10\/Vlieseline_Kombi-Logo_abo_CMYK_1-300x174.png 300w, https:\/\/www.handmadekultur.de\/schnittmuster\/up\/2018\/10\/Vlieseline_Kombi-Logo_abo_CMYK_1-600x349.png 600w, https:\/\/www.handmadekultur.de\/schnittmuster\/up\/2018\/10\/Vlieseline_Kombi-Logo_abo_CMYK_1.png 609w\" sizes=\"auto, (max-width: 200px) 100vw, 200px\" \/><\/a><\/p>\n<p><strong>Werkzeuge<\/strong><\/p>\n<ul>\n<li>N\u00e4hmaschine<\/li>\n<li>Schere<\/li>\n<li>Stift<\/li>\n<li>Schneiderkreide<\/li>\n<li>B\u00fcgeleisen<\/li>\n<li>Ma\u00dfband<\/li>\n<li>\u00d6senzange<\/li>\n<li><strong>nur bei Verwendung von Lederriemen: <\/strong>Lochzange bzw. Lochstanze (3 mm), ggf. scharfes Messer<\/li>\n<\/ul>\n<p><em>Die Anleitung steht dir als PDF nach Abschluss des Bezahlvorganges sofort als Download zur Verf\u00fcgung.<\/em><\/p>\n<p>&nbsp;<\/p>\n","protected":false},"excerpt":{"rendered":"<p>Kaum jemand geht noch aus dem Haus ohne so ein <strong>stylisches Teil<\/strong>. Wer glaubt, dass das aus dem Gesch\u00e4ft kommen muss, der irrt. Das geht auch selbstgen\u00e4ht. Probiert es aus \u2013 mit unserem wunderbaren <strong>Rucksack-Schnittmuster<\/strong>. (Hinweis: Statt der Lederriemen kann auch ganz normales Gurtband verwendet werden.) <strong>F\u00fcr sie und ihn! <\/strong><\/p>\n<p>Du ben\u00f6tigst etwas Unterst\u00fctzung? Theresa und Julia erkl\u00e4ren dir in unserem <a href=\"https:\/\/youtu.be\/-seCJE6r27Q\">Video<\/a>, wie du die coolen Features umsetzen kannst und verraten dir den einen oder anderen Trick. Au\u00dferdem erf\u00e4hrst du alles \u00fcber die Verarbeitung der verschiedenen <a href=\"https:\/\/www.vlieseline.com\/\">Vlieseline<\/a>-Produkte.<strong><br \/>\n<\/strong><\/p>\n<p><strong>Schwierigkeitsgrad: ****\/<\/strong>*<\/p>\n<p><strong>Videolink: <a href=\"https:\/\/youtu.be\/-seCJE6r27Q\">Rucksack &#8222;Baggy&#8220;<\/a><\/strong><\/p>\n","protected":false},"featured_media":1849,"comment_status":"open","ping_status":"closed","template":"","meta":[],"product_brand":[],"product_cat":[392,384,166,239,204],"product_tag":[184,338,314,168,301],"class_list":{"0":"post-1843","1":"product","2":"type-product","3":"status-publish","4":"has-post-thumbnail","6":"product_cat-damen","7":"product_cat-herren","8":"product_cat-schnittmuster","9":"product_cat-startseite","10":"product_cat-schnittmuster-fuer-taschen","11":"product_tag-naehen","12":"product_tag-rucksack","13":"product_tag-schneidern","14":"product_tag-schnittmuster","15":"product_tag-selbstgenaeht","17":"first","18":"instock","19":"downloadable","20":"virtual","21":"taxable","22":"purchasable","23":"product-type-simple"},"_links":{"self":[{"href":"https:\/\/www.handmadekultur.de\/schnittmuster\/wp-json\/wp\/v2\/product\/1843","targetHints":{"allow":["GET"]}}],"collection":[{"href":"https:\/\/www.handmadekultur.de\/schnittmuster\/wp-json\/wp\/v2\/product"}],"about":[{"href":"https:\/\/www.handmadekultur.de\/schnittmuster\/wp-json\/wp\/v2\/types\/product"}],"replies":[{"embeddable":true,"href":"https:\/\/www.handmadekultur.de\/schnittmuster\/wp-json\/wp\/v2\/comments?post=1843"}],"wp:featuredmedia":[{"embeddable":true,"href":"https:\/\/www.handmadekultur.de\/schnittmuster\/wp-json\/wp\/v2\/media\/1849"}],"wp:attachment":[{"href":"https:\/\/www.handmadekultur.de\/schnittmuster\/wp-json\/wp\/v2\/media?parent=1843"}],"wp:term":[{"taxonomy":"product_brand","embeddable":true,"href":"https:\/\/www.handmadekultur.de\/schnittmuster\/wp-json\/wp\/v2\/product_brand?post=1843"},{"taxonomy":"product_cat","embeddable":true,"href":"https:\/\/www.handmadekultur.de\/schnittmuster\/wp-json\/wp\/v2\/product_cat?post=1843"},{"taxonomy":"product_tag","embeddable":true,"href":"https:\/\/www.handmadekultur.de\/schnittmuster\/wp-json\/wp\/v2\/product_tag?post=1843"}],"curies":[{"name":"wp","href":"https:\/\/api.w.org\/{rel}","templated":true}]}}