{"id":2032,"date":"2018-11-14T19:58:07","date_gmt":"2018-11-14T18:58:07","guid":{"rendered":"https:\/\/www.patterny.de_2032\/?post_type=product&#038;p=2032"},"modified":"2025-04-29T19:48:28","modified_gmt":"2025-04-29T19:48:28","slug":"easy-peasy-haekelmuetze-bo","status":"publish","type":"product","link":"https:\/\/www.handmadekultur.de\/schnittmuster\/produkt\/easy-peasy-haekelmuetze-bo_2032\/","title":{"rendered":"Easy Peasy H\u00e4kelm\u00fctze Bo (Freebie)"},"content":{"rendered":"<p>Das ben\u00f6tigt ihr:<\/p>\n<p><strong>Material<\/strong><\/p>\n<ul>\n<li>ca. 100 g mittelstarkes Garn<\/li>\n<\/ul>\n<p><strong>Sonstiges<\/strong><\/p>\n<ul>\n<li>H\u00e4kelnadel, St\u00e4rke 6\u20137<\/li>\n<li>stumpfe Nadel (zum F\u00e4den vern\u00e4hen)<\/li>\n<li>Schere<\/li>\n<\/ul>\n","protected":false},"excerpt":{"rendered":"<p>Diese geh\u00e4kelte M\u00fctze ist super easy anzufertigen und super schnell fertig. \u00dcbrigens: \u201eBo\u201c steht ihr und ihm!<\/p>\n","protected":false},"featured_media":2033,"comment_status":"open","ping_status":"closed","template":"","meta":[],"product_brand":[],"product_cat":[201,66,384,68],"product_tag":[386,257,385,387],"class_list":{"0":"post-2032","1":"product","2":"type-product","3":"status-publish","4":"has-post-thumbnail","6":"product_cat-haekeln-anleitungen-damen","7":"product_cat-haekelanleitungen","8":"product_cat-herren","9":"product_cat-muetzen","10":"product_tag-gehaekelte-muetze","11":"product_tag-haekeln","12":"product_tag-muetze","13":"product_tag-runden-haekeln","15":"first","16":"instock","17":"downloadable","18":"virtual","19":"taxable","20":"purchasable","21":"product-type-simple"},"_links":{"self":[{"href":"https:\/\/www.handmadekultur.de\/schnittmuster\/wp-json\/wp\/v2\/product\/2032","targetHints":{"allow":["GET"]}}],"collection":[{"href":"https:\/\/www.handmadekultur.de\/schnittmuster\/wp-json\/wp\/v2\/product"}],"about":[{"href":"https:\/\/www.handmadekultur.de\/schnittmuster\/wp-json\/wp\/v2\/types\/product"}],"replies":[{"embeddable":true,"href":"https:\/\/www.handmadekultur.de\/schnittmuster\/wp-json\/wp\/v2\/comments?post=2032"}],"wp:featuredmedia":[{"embeddable":true,"href":"https:\/\/www.handmadekultur.de\/schnittmuster\/wp-json\/wp\/v2\/media\/2033"}],"wp:attachment":[{"href":"https:\/\/www.handmadekultur.de\/schnittmuster\/wp-json\/wp\/v2\/media?parent=2032"}],"wp:term":[{"taxonomy":"product_brand","embeddable":true,"href":"https:\/\/www.handmadekultur.de\/schnittmuster\/wp-json\/wp\/v2\/product_brand?post=2032"},{"taxonomy":"product_cat","embeddable":true,"href":"https:\/\/www.handmadekultur.de\/schnittmuster\/wp-json\/wp\/v2\/product_cat?post=2032"},{"taxonomy":"product_tag","embeddable":true,"href":"https:\/\/www.handmadekultur.de\/schnittmuster\/wp-json\/wp\/v2\/product_tag?post=2032"}],"curies":[{"name":"wp","href":"https:\/\/api.w.org\/{rel}","templated":true}]}}