{"id":2043,"date":"2018-11-15T16:17:19","date_gmt":"2018-11-15T15:17:19","guid":{"rendered":"https:\/\/www.patterny.de_2043\/?post_type=product&#038;p=2043"},"modified":"2025-04-29T19:50:25","modified_gmt":"2025-04-29T19:50:25","slug":"bademantel-tiffy-mit-schnittmuster","status":"publish","type":"product","link":"https:\/\/www.handmadekultur.de\/schnittmuster\/produkt\/bademantel-tiffy-mit-schnittmuster_2043\/","title":{"rendered":"Bademantel Tiffy (mit Schnittmuster)"},"content":{"rendered":"<p>Das ben\u00f6tigst du:<\/p>\n<p>MATERIAL<\/p>\n<ul>\n<li>Baumwoll\u00adfrottee oder Waffelpikee: 4\u2009m L\u00e4nge bei 140\u2009 cm Stoffbreite<\/li>\n<li>Baumwollgarn (wenn sp\u00e4ter gef\u00e4rbt werden soll. Nylongarn nimmt keine Farbe an!)<\/li>\n<\/ul>\n<p>SONSTIGES<\/p>\n<ul>\n<li>N\u00e4hmaschine<\/li>\n<li>Stecknadeln<\/li>\n<li>Schere<\/li>\n<li>B\u00fcgeleisen<\/li>\n<li>Faden<\/li>\n<li>Nadel<\/li>\n<\/ul>\n<p><em>Schnittmuster und Anleitung stehen dir als separate PDFs nach Abschluss des Bezahlvorganges sofort als Download zur Verf\u00fcgung.<\/em><\/p>\n","protected":false},"excerpt":{"rendered":"<p>Jeder von uns schl\u00fcpft morgens gerne in irgendetwas Gem\u00fctliches, Weiches, Kuschliges. Oder nach dem Badesee in etwas W\u00e4rmendes und Trocknendes. <strong>Badem\u00e4ntel haben es<\/strong> diesbez\u00fcglich <strong>total drauf!<\/strong> \u201eTiffy\u201c funktioniert bei ihr und ihm \u2013 Dann nat\u00fcrlich im Marinelook!<\/p>\n<p><strong>Gr\u00f6\u00dfen: <\/strong>XS bis XXL<\/p>\n<p><strong>Schwierigkeitsgrad:<\/strong> *\/****<\/p>\n","protected":false},"featured_media":2044,"comment_status":"open","ping_status":"closed","template":"","meta":[],"product_brand":[],"product_cat":[186,384,296,166,344,239],"product_tag":[388,298,389,390,184,168],"class_list":{"0":"post-2043","1":"product","2":"type-product","3":"status-publish","4":"has-post-thumbnail","6":"product_cat-schnittmuster-fuer-damen","7":"product_cat-herren","8":"product_cat-jacken-maentel","9":"product_cat-schnittmuster","10":"product_cat-sportkleidung","11":"product_cat-startseite","12":"product_tag-bademantel","13":"product_tag-hobbyschneidern","14":"product_tag-morgenmantel","15":"product_tag-naehanleitung","16":"product_tag-naehen","17":"product_tag-schnittmuster","19":"first","20":"instock","21":"downloadable","22":"virtual","23":"taxable","24":"purchasable","25":"product-type-simple"},"_links":{"self":[{"href":"https:\/\/www.handmadekultur.de\/schnittmuster\/wp-json\/wp\/v2\/product\/2043","targetHints":{"allow":["GET"]}}],"collection":[{"href":"https:\/\/www.handmadekultur.de\/schnittmuster\/wp-json\/wp\/v2\/product"}],"about":[{"href":"https:\/\/www.handmadekultur.de\/schnittmuster\/wp-json\/wp\/v2\/types\/product"}],"replies":[{"embeddable":true,"href":"https:\/\/www.handmadekultur.de\/schnittmuster\/wp-json\/wp\/v2\/comments?post=2043"}],"wp:featuredmedia":[{"embeddable":true,"href":"https:\/\/www.handmadekultur.de\/schnittmuster\/wp-json\/wp\/v2\/media\/2044"}],"wp:attachment":[{"href":"https:\/\/www.handmadekultur.de\/schnittmuster\/wp-json\/wp\/v2\/media?parent=2043"}],"wp:term":[{"taxonomy":"product_brand","embeddable":true,"href":"https:\/\/www.handmadekultur.de\/schnittmuster\/wp-json\/wp\/v2\/product_brand?post=2043"},{"taxonomy":"product_cat","embeddable":true,"href":"https:\/\/www.handmadekultur.de\/schnittmuster\/wp-json\/wp\/v2\/product_cat?post=2043"},{"taxonomy":"product_tag","embeddable":true,"href":"https:\/\/www.handmadekultur.de\/schnittmuster\/wp-json\/wp\/v2\/product_tag?post=2043"}],"curies":[{"name":"wp","href":"https:\/\/api.w.org\/{rel}","templated":true}]}}