{"id":3512,"date":"2019-02-04T16:58:19","date_gmt":"2019-02-04T15:58:19","guid":{"rendered":"https:\/\/www.patterny.de_3512\/?post_type=product&#038;p=3512"},"modified":"2025-04-29T19:48:46","modified_gmt":"2025-04-29T19:48:46","slug":"boxershorts-jonny-fuer-maenner-mit-schnittmuster-und-videoanleitung","status":"publish","type":"product","link":"https:\/\/www.handmadekultur.de\/schnittmuster\/produkt\/boxershorts-jonny-fuer-maenner-mit-schnittmuster-und-videoanleitung_3512\/","title":{"rendered":"Boxershorts Jonny f\u00fcr M\u00e4nner (mit Schnittmuster und Videoanleitung)"},"content":{"rendered":"<p><strong>Material\/Stoff:<br \/>\n<\/strong><br \/>\n<strong>Gr\u00f6\u00dfe S und M<\/strong>: 55 cm L\u00e4nge x 160 cm Stoffbreite<br \/>\n<strong>Gr\u00f6\u00dfe L und XL<\/strong>: 65 cm L\u00e4nge x 160 cm Stoffbreite<\/p>\n<p>kleiner Knopf<\/p>\n<p>Gummiband (3 cm breit): einmal die L\u00e4nge des Hu\u0308ftumfangs + 1,5 cm<\/p>\n<p>N\u00e4hgarn<\/p>\n<p><strong>Werkzeuge:<br \/>\n<\/strong>N\u00e4hmaschine, ggf. Overlock, Stoffschere, Stecknadeln, N\u00e4hnadel, Sicherheitsnadel, Ma\u00dfband, Schneiderkreide<\/p>\n<p><strong>Zum Anleitungsvideo:<br \/>\n<\/strong><a href=\"https:\/\/youtu.be\/PfmSQ986Onk\">https:\/\/youtu.be\/PfmSQ986Onk<\/a><\/p>\n<p><em>Schnittmuster und Anleitung stehen dir als separate PDFs nach Abschluss des Bezahlvorganges sofort als Download zur Verf\u00fcgung.<\/em><\/p>\n","protected":false},"excerpt":{"rendered":"<div class=\"woocommerce-product-details__short-description bm-product-description\">\n<p>Heute sind mal die <strong>Herren der Sch\u00f6pfung<\/strong> dran! Fu\u0308r ihn gibt es das <strong>Boxershorts-Schnittmuster in den Gr\u00f6\u00dfen S, M, L und XL<\/strong> mit Eingriff + Knopf zum Verschlie\u00dfen. In dieser Hose hat alles Platz, nicht nur deshalb ist es <strong>eines der beliebtesten Geschenke<\/strong>, die selbstgemacht sind und die \u201eEr\u201c wirklich gebrauchen kann! Sieh dir unsere <strong>Videoanleitung<\/strong> an, mit der bekommst du es auf alle F\u00e4lle hin!<\/p>\n<p><strong>Gr\u00f6\u00dfen: <\/strong>Das Schnittmuster ist in den <strong>Gr\u00f6\u00dfen S (48) bis XL<\/strong> <strong>(54)<\/strong> verf\u00fcgbar.<\/p>\n<p><strong>Schwierigkeitsgrad:<\/strong> <strong>**\/<\/strong>***<\/p>\n<\/div>\n","protected":false},"featured_media":3517,"comment_status":"open","ping_status":"closed","template":"","meta":[],"product_brand":[],"product_cat":[403,384,166,193],"product_tag":[175,176,410,406,409,168,408,407,177],"class_list":{"0":"post-3512","1":"product","2":"type-product","3":"status-publish","4":"has-post-thumbnail","6":"product_cat-geschenke","7":"product_cat-herren","8":"product_cat-schnittmuster","9":"product_cat-unterwaesche","10":"product_tag-boxershort","11":"product_tag-boxershort-fuer-maenner","12":"product_tag-boxershorts","13":"product_tag-herrenunterwaesche","14":"product_tag-maennergeschenk","15":"product_tag-schnittmuster","16":"product_tag-schnittmuster-fuer-maenner","17":"product_tag-unterhose","18":"product_tag-unterwaesche","20":"first","21":"instock","22":"downloadable","23":"virtual","24":"taxable","25":"purchasable","26":"product-type-simple"},"_links":{"self":[{"href":"https:\/\/www.handmadekultur.de\/schnittmuster\/wp-json\/wp\/v2\/product\/3512","targetHints":{"allow":["GET"]}}],"collection":[{"href":"https:\/\/www.handmadekultur.de\/schnittmuster\/wp-json\/wp\/v2\/product"}],"about":[{"href":"https:\/\/www.handmadekultur.de\/schnittmuster\/wp-json\/wp\/v2\/types\/product"}],"replies":[{"embeddable":true,"href":"https:\/\/www.handmadekultur.de\/schnittmuster\/wp-json\/wp\/v2\/comments?post=3512"}],"wp:featuredmedia":[{"embeddable":true,"href":"https:\/\/www.handmadekultur.de\/schnittmuster\/wp-json\/wp\/v2\/media\/3517"}],"wp:attachment":[{"href":"https:\/\/www.handmadekultur.de\/schnittmuster\/wp-json\/wp\/v2\/media?parent=3512"}],"wp:term":[{"taxonomy":"product_brand","embeddable":true,"href":"https:\/\/www.handmadekultur.de\/schnittmuster\/wp-json\/wp\/v2\/product_brand?post=3512"},{"taxonomy":"product_cat","embeddable":true,"href":"https:\/\/www.handmadekultur.de\/schnittmuster\/wp-json\/wp\/v2\/product_cat?post=3512"},{"taxonomy":"product_tag","embeddable":true,"href":"https:\/\/www.handmadekultur.de\/schnittmuster\/wp-json\/wp\/v2\/product_tag?post=3512"}],"curies":[{"name":"wp","href":"https:\/\/api.w.org\/{rel}","templated":true}]}}