{"id":23994,"date":"2013-03-16T19:59:01","date_gmt":"2013-03-16T18:59:01","guid":{"rendered":"http:\/\/www.handmadekultur.de\/shop\/?page_id=23994"},"modified":"2015-11-10T17:40:19","modified_gmt":"2015-11-10T16:40:19","slug":"agb-und-widerrufsrecht","status":"publish","type":"page","link":"https:\/\/www.handmadekultur.de\/shop\/agb-und-widerrufsrecht","title":{"rendered":"AGBs und Widerrufsrecht"},"content":{"rendered":"<p>Allgemeine Gesch\u00e4ftsbedingungen f\u00fcr Abonnement-Vertr\u00e4ge<\/p>\n<p>Bei Bestellung von Zeitschriften, die vom HANDMADE Kultur Verlag (im Folgenden genannt: HKV Hamburg GmbH) angeboten werden, gelten allein die nachfolgenden AGB in der bei Abgabe der Bestellung g\u00fcltigen Fassung.<\/p>\n<p>1. Vertragspartner, Kundenservice<br \/> Vertragspartner aller Bestellungen bei HKV Hamburg GmbH ist grunds\u00e4tzlich die HKV Hamburg GmbH. Den HANDMADE Kultur Leserservice erreichen Sie unter:<\/p>\n<p>PressUp GmbH<br \/> c\/o HANDMADE Kultur<br \/> Wandsbeker Allee 1<br \/> 22041 Hamburg<\/p>\n<p>Telefon: +49 (0)40.141 48 472<br \/> Fax: +49 (0)40.414 48 499<br \/> E-Mail: handmadekultur@pressup.de<\/p>\n<p>Die HKV Hamburg GmbH ist eingetragen im Handelsregister beim Amtsgericht Hamburg (HRB\u00a0118028) mit Sitz Celsiusweg 19 in 22761\u00a0Hamburg; Umsatzsteuer-ID: DE276729897.<\/p>\n<p>Bestellungen<\/p>\n<p>Bei Einzelheft- und Abonnement-Bestellungen kommt der Vertrag mit Zugang der Auftragsbest\u00e4tigung durch die PressUp GmbH zustande. Die per E-Mail nach Abschluss der Bestellung versendete Best\u00e4tigung ist noch keine Annahme, sondern informiert nur \u00fcber den Eingang der Bestellung im System des Verk\u00e4ufers.<\/p>\n<p>Falls der Verk\u00e4ufer zur Erf\u00fcllung einer Bestellung nicht in der Lage ist oder die Bestellung ablehnt, wird der Besteller hier\u00fcber unverz\u00fcglich informiert. Ein Anspruch auf einen Vertragsabschluss besteht nicht.<\/p>\n<p>Bezahlung und Preiserh\u00f6hungen bei Abonnements<\/p>\n<p>Der Besteller ist zur Zahlung verpflichtet, bei Abonnements f\u00fcr die jeweils genannte Laufzeit ab Vertragsschluss im Voraus. Soweit nicht anders vereinbart, sind Zahlungen ohne Abzug an die auf der Bestellbest\u00e4tigung stehenden Konten zu leisten. Es werden nur die im Rahmen der Bestellung angebotenen Zahlungswege akzeptiert.<\/p>\n<p>Der Verk\u00e4ufer ist im Falle von Abonnements berechtigt, nach Ablauf einer Mindestlaufzeit den Preis angemessen anzuheben.<\/p>\n<p>Die jeweils angegebenen Preise verstehen sich als Endpreise und enthalten die jeweils geltende Umsatzsteuer sowie grunds\u00e4tzlich auch etwaige Geb\u00fchren (z. B. Zustellgeb\u00fchren). Im Einzelfall ist es jedoch m\u00f6glich, dass zu einzelnen Geb\u00fchren, insbesondere den Zustellgeb\u00fchren, besondere Regelungen gelten. Ist dies der Fall, werden Sie hier\u00fcber beim Angebot entsprechend informiert.<\/p>\n<p>Der Preis f\u00fcr ein 6-Ausgaben-Abonnement ist \u2013 soweit nicht anders vereinbart \u2013 im Voraus nach Erhalt des Vorab-Exemplares und der Rechnung zu entrichten.<\/p>\n<p>Vertragstext, Speicherung<\/p>\n<p>Der Vertragstext zu dem zwischen Ihnen und uns geschlossenen Vertrag wird von uns grunds\u00e4tzlich gespeichert, jedoch nicht so, dass Sie sp\u00e4ter darauf zugreifen k\u00f6nnten. Der Vertrag ergibt sich jedoch aus Ihren Bestelldaten sowie den dem Vertragsschluss zugrunde liegenden Allgemeinen Gesch\u00e4ftsbedingungen. Sie k\u00f6nnen die Webseite mit Ihren Bestelldaten \u00fcber die Druckversion Ihres Browsers vor der Versendung Ihrer Bestellung an uns ausdrucken und\/oder auch \u00fcber einen entsprechenden Screen-Shot speichern.<\/p>\n<p>Wir senden Ihnen au\u00dferdem eine Bestellbest\u00e4tigung sowie eine Auftragsbest\u00e4tigung mit allen Bestelldaten und unseren Allgemeinen Gesch\u00e4ftsbedingungen an die von Ihnen angegebene E-Mail-Adresse. Auch diese E-Mail k\u00f6nnen Sie ausdrucken oder auf Ihrem Computer speichern.<\/p>\n<p>Die Vertragssprache ist deutsch.<\/p>\n<p>Freiwilliges Widerrufsrecht<\/p>\n<p>Unabh\u00e4ngig vom im folgenden Absatz formulierten gesetzlichen Widerrufsrecht, zu dessen Erw\u00e4hnung wir im Rahmen der Verbraucherschutzgesetze verpflichtet sind, gew\u00e4hren wir ein freiwilliges Widerrufsrecht wie folgt:<\/p>\n<p>Sie k\u00f6nnen Ihre Bestellung ohne Angabe von Gr\u00fcnden innerhalb von 14 Tagen schriftlich widerrufen. Die Frist beginnt nach Erhalt dieser Belehrung in Textform (z. B. als Brief, Fax, E-Mail), jedoch nicht vor Eingang der ersten Ware beim Empf\u00e4nger. Zur Wahrung der Frist gen\u00fcgt die rechtzeitige Absendung des Widerrufes an folgende Adresse:<br \/> PressUp GmbH<br \/> Wandsbeker Allee 1<br \/> 22041 Hamburg<br \/> Tel. 040\/141 48 472<br \/> Fax: 040\/414 48 499<br \/> E-Mail: handmadekultur@pressup.de<\/p>\n<p>(Die PressUp GmbH arbeitet im Auftrag und auf Basis der AGB der HKV Hamburg GmbH.)<\/p>\n<p>Im Falle eines wirksamen Widerrufs k\u00f6nnen Sie die empfangene Ware behalten und m\u00fcssen sie nicht zur\u00fccksenden.<\/p>\n<p>Gesetzliches Widerrufsrecht, Widerrufsbelehrung<\/p>\n<p>Wenn Sie im Rahmen der Bestellung als Unternehmer im Sinne des \u00a7 14 B\u00fcrgerlichen Gesetzbuches (BGB) handeln, besteht das Widerrufsrecht nicht.<\/p>\n<p>F\u00fcr Verbraucher (jede nat\u00fcrliche Person, die ein Rechtsgesch\u00e4ft zu Zwecken abschlie\u00dft, die \u00fcberwiegend weder ihrer gewerblichen noch ihrer selbst\u00e4ndigen beruflichen T\u00e4tigkeit zugerechnet werden k\u00f6nnen) gilt:<\/p>\n<p>Widerrufsbelehrung<\/p>\n<p>Widerrufsrecht<\/p>\n<p>Sie haben das Recht, binnen vierzehn Tagen ohne Angabe von Gr\u00fcnden diesen Vertrag zu widerrufen.<\/p>\n<p>Die Widerrufsfrist betr\u00e4gt vierzehn Tage ab dem Tag, an dem Sie oder ein von Ihnen benannter Dritter, der nicht der Bef\u00f6rderer ist, die erste Ware in Besitz genommen haben bzw. hat.<\/p>\n<p>Um Ihr Widerrufsrecht auszu\u00fcben, m\u00fcssen Sie die PressUp GmbH, Wandsbeker Allee 1, 22041 Hamburg, Tel. 040\/414 48 472, Fax: 040\/414 48 499, E-Mail: handmadekultur@pressup.de) mittels einer eindeutigen Erkl\u00e4rung (z. B. ein mit der Post versandter Brief, Telefax oder E-Mail) \u00fcber Ihren Entschluss, diesen Vertrag zu widerrufen, informieren.<\/p>\n<p>Sie k\u00f6nnen daf\u00fcr das beigef\u00fcgte Muster-Widerrufsformular verwenden, das jedoch nicht vorgeschrieben ist.<\/p>\n<p>Zur Wahrung der Widerrufsfrist reicht es aus, dass Sie die Mitteilung \u00fcber die Aus\u00fcbung des<br \/> Widerrufsrechts vor Ablauf der Widerrufsfrist absenden.<\/p>\n<p>Folgen des Widerrufs<\/p>\n<p>Wenn Sie diesen Vertrag widerrufen, haben wir Ihnen alle Zahlungen, die wir von Ihnen erhalten haben, einschlie\u00dflich der Lieferkosten (mit Ausnahme der zus\u00e4tzlichen Kosten, die sich daraus ergeben, dass Sie eine andere Art der Lieferung als die von uns angebotene, g\u00fcnstigere Standardlieferung gew\u00e4hlt haben), unverz\u00fcglich und sp\u00e4testens binnen vierzehn Tagen ab dem Tag zur\u00fcckzuzahlen, an dem die Mitteilung \u00fcber Ihren Widerruf dieses Vertrags bei uns eingegangen ist. F\u00fcr diese R\u00fcckzahlung verwenden wir dasselbe Zahlungsmittel, das Sie bei der urspr\u00fcnglichen Transaktion eingesetzt haben, es sei denn, mit Ihnen wurde ausdr\u00fccklich etwas anderes vereinbart; in keinem Fall werden Ihnen wegen dieser R\u00fcckzahlung Entgelte berechnet. Wir k\u00f6nnen die R\u00fcckzahlung verweigern, bis wir die Waren zur\u00fcckerhalten haben oder bis Sie den Nachweis erbracht haben, dass Sie die Waren zur\u00fcckgesandt haben, je nachdem, welches der fr\u00fchere Zeitpunkt ist.<\/p>\n<p>Sie haben die Waren unverz\u00fcglich und in jedem Fall sp\u00e4testens binnen vierzehn Tagen ab dem Tag, an dem Sie uns \u00fcber den Widerruf dieses Vertrags unterrichten, an uns zur\u00fcckzusenden oder zu \u00fcbergeben. Die Frist ist gewahrt, wenn Sie die Waren vor Ablauf der Frist von vierzehn Tagen absenden. Sie tragen die unmittelbaren Kosten der R\u00fccksendung der Waren. Sie m\u00fcssen f\u00fcr einen etwaigen Wertverlust der Waren nur aufkommen, wenn dieser Wertverlust auf einen zur Pr\u00fcfung der Beschaffenheit, Eigenschaften und Funktionsweise der Waren nicht notwendigen Umgang mit ihnen zur\u00fcckzuf\u00fchren ist.<br \/> Wichtige Ausnahme vom Widerrufsrecht<br \/> Das Widerrufsrecht besteht nicht bei folgenden Vertr\u00e4gen:<\/p>\n<p>Vertr\u00e4ge zur Lieferung von Ton- oder Videoaufnahmen oder Computersoftware in einer versiegelten Packung, wenn die Versiegelung nach der Lieferung entfernt wurde,<br \/> Vertr\u00e4ge zur Lieferung von Zeitungen, Zeitschriften oder Illustrierten mit Ausnahme von Abonnement-Vertr\u00e4gen.<\/p>\n<p>Bei der Bestellung von nicht \u00fcber das Internet abgeschlossenen Zeitschriften-Abonnements gilt:<\/p>\n<p>Wenn die von Ihnen insgesamt zu leistende Verg\u00fctung f\u00fcr das Abonnement bis zum Zeitpunkt der fr\u00fchest m\u00f6glichen ordentlichen K\u00fcndigung oder einer anderweitigen Beendigung den Betrag von 199,99 EUR nicht \u00fcbersteigt, steht Ihnen, auch wenn Sie als Verbraucher bestellen, kein Widerrufsrecht zu.<\/p>\n<p>Widerrufsformular<\/p>\n<p>(Wenn Sie den Vertrag widerrufen wollen, dann f\u00fcllen Sie bitte dieses Formular aus und<br \/> senden Sie es zur\u00fcck.)<\/p>\n<p>&#8211; An [hier ist der Name, die Anschrift und gegebenenfalls die Telefaxnummer und E-Mail-<br \/> Adresse des Unternehmers durch den Unternehmer einzuf\u00fcgen]:<br \/> &#8211; Hiermit widerrufe(n) ich\/wir (*) den von mir\/uns (*) abgeschlossenen Vertrag \u00fcber den<br \/> Kauf der folgenden Waren (*)\/die Erbringung der folgenden Dienstleistung (*)<br \/> &#8211; Bestellt am (*)\/erhalten am (*)<br \/> &#8211; Name des\/der Verbraucher(s)<br \/> &#8211; Anschrift des\/der Verbraucher(s)<br \/> &#8211; Unterschrift des\/der Verbraucher(s) (nur bei Mitteilung auf Papier)<br \/> &#8211; Datum<br \/> _____________<br \/> (*) Unzutreffendes streichen.<\/p>\n<p>Lieferung, Versandkosten, Lieferzeit<\/p>\n<p>Bestellungen und Lieferungen sind zur Zeit nach Belgien, Deutschland, Frankreich, D\u00e4nemark, Italien, Frankreich, Lichtenstein, Kanada, Luxemburg, Monaco, Niederlande, Norwegen, Schweden, Schweiz, Spanien, USA und \u00d6sterreich m\u00f6glich. Die Produkte werden an die von Ihnen angegebene Lieferadresse geliefert.<\/p>\n<p>Die Lieferung erfolgt zum Erscheinungsdatum der jeweiligen Ausgaben.<\/p>\n<p>Beginn, Laufzeit, K\u00fcndigung<br \/> Ein Abonnement beginnt &#8211; soweit bei der Bestellung kein sp\u00e4terer Zeitpunkt vereinbart wurde &#8211; mit dem Zugang der Auftragsbest\u00e4tigung durch die PressUp GmbH.<br \/> Genaue Informationen zum Bezugszeitraum und zur K\u00fcndigungsfrist werden in der Regel direkt beim jeweiligen Abo-Angebot mitgeteilt. Soweit dort nichts Abweichendes geregelt ist, verl\u00e4ngert sich das Abonnement und somit der Bezug der Zeitschriften jeweils automatisch um weitere 6 Ausgaben, wenn Sie nicht 6 Wochen vor Ende des jeweiligen Bezugszeitraums in Textform (E-Mail an den HANDMADE Kultur Leserservice ist ausreichend: handmadekultur.de@pressup.de) k\u00fcndigen.<\/p>\n<p>Salvatorische Klausel<\/p>\n<p>Sollten einzelne Bestimmungen dieser Gesch\u00e4ftsbedingungen einschlie\u00dflich dieser Regelung ganz oder teilweise unwirksam sein, bleibt die Wirksamkeit der \u00fcbrigen Bestimmungen oder Teile solcher Bestimmungen unber\u00fchrt. Anstelle der unwirksamen oder fehlenden Bestimmungen treten die jeweiligen gesetzlichen Regelungen.<\/p>\n","protected":false},"excerpt":{"rendered":"<p>Allgemeine Gesch\u00e4ftsbedingungen f\u00fcr Abonnement-Vertr\u00e4ge Bei Bestellung von Zeitschriften, die vom HANDMADE Kultur Verlag (im Folgenden genannt: HKV Hamburg GmbH) angeboten werden, gelten allein die nachfolgenden AGB in der bei Abgabe der Bestellung g\u00fcltigen Fassung. 1. Vertragspartner, Kundenservice Vertragspartner aller Bestellungen bei HKV Hamburg GmbH ist grunds\u00e4tzlich die HKV Hamburg GmbH. Den HANDMADE Kultur Leserservice erreichen [&hellip;]<\/p>\n","protected":false},"author":1,"featured_media":0,"parent":0,"menu_order":0,"comment_status":"open","ping_status":"open","template":"","meta":{"footnotes":""},"class_list":["post-23994","page","type-page","status-publish","hentry"],"_links":{"self":[{"href":"https:\/\/www.handmadekultur.de\/shop\/wp-json\/wp\/v2\/pages\/23994","targetHints":{"allow":["GET"]}}],"collection":[{"href":"https:\/\/www.handmadekultur.de\/shop\/wp-json\/wp\/v2\/pages"}],"about":[{"href":"https:\/\/www.handmadekultur.de\/shop\/wp-json\/wp\/v2\/types\/page"}],"author":[{"embeddable":true,"href":"https:\/\/www.handmadekultur.de\/shop\/wp-json\/wp\/v2\/users\/1"}],"replies":[{"embeddable":true,"href":"https:\/\/www.handmadekultur.de\/shop\/wp-json\/wp\/v2\/comments?post=23994"}],"version-history":[{"count":5,"href":"https:\/\/www.handmadekultur.de\/shop\/wp-json\/wp\/v2\/pages\/23994\/revisions"}],"predecessor-version":[{"id":38280,"href":"https:\/\/www.handmadekultur.de\/shop\/wp-json\/wp\/v2\/pages\/23994\/revisions\/38280"}],"wp:attachment":[{"href":"https:\/\/www.handmadekultur.de\/shop\/wp-json\/wp\/v2\/media?parent=23994"}],"curies":[{"name":"wp","href":"https:\/\/api.w.org\/{rel}","templated":true}]}}