{"id":20948,"date":"2012-03-14T00:15:04","date_gmt":"2012-03-13T23:15:04","guid":{"rendered":"http:\/\/www.handmadekultur.de\/shop\/?post_type=product&#038;p=20948"},"modified":"2018-09-09T18:13:14","modified_gmt":"2018-09-09T16:13:14","slug":"handmade-kultur-magazin-042012","status":"publish","type":"product","link":"https:\/\/www.handmadekultur.de\/shop\/produkt\/handmade-kultur-magazin-042012","title":{"rendered":"Handmade Kultur Magazin 04\/2012"},"content":{"rendered":"<h3>Mit Anleitungen zum Selbermachen:<\/h3>\n<ol>\n<li>Wir sind Milchkartons: <strong>Aus Tetrapaks<\/strong> werden Vasen, Schachteln und Spardosen<\/li>\n<li>Kids Kitchen: Ein alter Nachtschrank wird aufgepeppt zur <strong>Kinderk\u00fcche<\/strong><\/li>\n<li>Drei Freunde: Ein Pouf, ein <strong>Sofa- und ein Nadelkissen<\/strong> (mit Schnittmuster zum Selbern\u00e4hen)<\/li>\n<li>H\u00e4ng dich dran!: Eine <strong>Garderobe<\/strong> mit Silberl\u00f6ffelhaken<\/li>\n<li>Guerilla Clocking: Eine <strong>Fr\u00fchlingsuhr<\/strong> aus Pappe, die wirklich funktioniert<\/li>\n<li>Dia Golightly: Eine <strong>Lichterkette<\/strong> aus Diacubes<\/li>\n<\/ol>\n<p>&nbsp;<\/p>\n<p><!--more--><\/p>\n<p><strong><img loading=\"lazy\" decoding=\"async\" class=\"alignnone\" title=\"Inhaltsverzeichnis\" src=\"http:\/\/www.handmadekultur.de\/up\/2012\/03\/handmade_kultur_inhalt41.jpg\" alt=\"\" width=\"505\" height=\"326\" \/><br \/>\nUnd au\u00dferdem:<\/strong><\/p>\n<p>Die neuen Fotoportale: Photocase, Veer und iStock<em> \u2013 <\/em>Wer fotografiert,<br \/>\nwer sind die Kunden, was muss man beachten und kann man<br \/>\ndamit reich werden? Sabrina Sch\u00fctt kl\u00e4rt auf.<\/p>\n<p>Der Hamburger Fotograf<em> Roland<\/em> <em>Klemp<\/em> zeigt einen der ungew\u00f6hnlichsten Kreativwettbewerbe Afrikas.<br \/>\n\u201cHat Couture\u201d \u2013 Unbedingt ansehen!<\/p>\n<p>Bestickte Bratpfannen? Ja. Die litauische K\u00fcnstlerin<em> Severija<\/em> In\u010dirauaksit\u0117-<wbr \/>Kriaunevi\u010dien\u0117 zeigt Alltagskunst und rebelliert damit gegen herrschende Kunsthierarchien.<\/p>\n<p>Eier satt gibt es bei<em> Ute Henschel<\/em> aus dem Spreewald. Sie weiht uns in die sorbische Kunst des Eiermalens ein.<\/p>\n<p><em>Und Miss Cookie? Die<\/em> verf\u00fchrt mit s\u00fc\u00dfen Zutaten und s\u00fcndigen Motiven. Glasurmalerei \u2013 viel zu schade zum Vernaschen.<\/p>\n<p>Viel Spa\u00df mit unserer neuen Ausgabe HANDMADE Kultur!<\/p>\n","protected":false},"excerpt":{"rendered":"<p>Aus Tetrapaks werden Vasen, Schachteln und Spardosen. Eine Fr\u00fchlingsuhr aus Pappe, die wirklich funktioniert. Sofa- und ein Nadelkissen (mit Schnittmuster zum Selbern\u00e4hen).<\/p>\n","protected":false},"featured_media":23930,"comment_status":"open","ping_status":"closed","template":"","meta":[],"product_brand":[],"product_cat":[17],"product_tag":[],"class_list":{"0":"post-20948","1":"product","2":"type-product","3":"status-publish","4":"has-post-thumbnail","6":"product_cat-einzelheft","8":"first","9":"instock","10":"taxable","11":"shipping-taxable","12":"product-type-simple"},"_links":{"self":[{"href":"https:\/\/www.handmadekultur.de\/shop\/wp-json\/wp\/v2\/product\/20948","targetHints":{"allow":["GET"]}}],"collection":[{"href":"https:\/\/www.handmadekultur.de\/shop\/wp-json\/wp\/v2\/product"}],"about":[{"href":"https:\/\/www.handmadekultur.de\/shop\/wp-json\/wp\/v2\/types\/product"}],"replies":[{"embeddable":true,"href":"https:\/\/www.handmadekultur.de\/shop\/wp-json\/wp\/v2\/comments?post=20948"}],"wp:featuredmedia":[{"embeddable":true,"href":"https:\/\/www.handmadekultur.de\/shop\/wp-json\/wp\/v2\/media\/23930"}],"wp:attachment":[{"href":"https:\/\/www.handmadekultur.de\/shop\/wp-json\/wp\/v2\/media?parent=20948"}],"wp:term":[{"taxonomy":"product_brand","embeddable":true,"href":"https:\/\/www.handmadekultur.de\/shop\/wp-json\/wp\/v2\/product_brand?post=20948"},{"taxonomy":"product_cat","embeddable":true,"href":"https:\/\/www.handmadekultur.de\/shop\/wp-json\/wp\/v2\/product_cat?post=20948"},{"taxonomy":"product_tag","embeddable":true,"href":"https:\/\/www.handmadekultur.de\/shop\/wp-json\/wp\/v2\/product_tag?post=20948"}],"curies":[{"name":"wp","href":"https:\/\/api.w.org\/{rel}","templated":true}]}}