{"id":22657,"date":"2012-09-25T14:26:41","date_gmt":"2012-09-25T12:26:41","guid":{"rendered":"http:\/\/www.handmadekultur.de\/shop\/?post_type=product&#038;p=22657"},"modified":"2021-03-15T21:36:36","modified_gmt":"2021-03-15T20:36:36","slug":"handmade-kultur-magazin-102012","status":"publish","type":"product","link":"https:\/\/www.handmadekultur.de\/shop\/produkt\/handmade-kultur-magazin-102012","title":{"rendered":"Handmade Kultur Magazin 10\/2012"},"content":{"rendered":"<h3>DIY-Anleitungen:<\/h3>\n<ol>\n<li>Nimm Platz! \u2013 Ein <strong>Hocker<\/strong> der Designerin Alison Milner (Holzwerken)<\/li>\n<li>H\u00fc, Pferdchen \u2013 Ein wildes\u00a0 <strong>Faltprojekt<\/strong><strong> f\u00fcr Kinder<\/strong> (Pappe)<\/li>\n<li>K\u00f6nigliche Hoheit Barbara I. \u2013ein <strong>Rokoko-K\u00f6st\u00fcm f\u00fcr eine Barbie <\/strong>mit Schnittmuster<\/li>\n<li>Im Seifenlabor \u2013 <strong>Seifensieden<\/strong> zu Hause<\/li>\n<li>Salwas<strong> kocht! <\/strong>Ein<strong> Lieblingsmen\u00fc<\/strong> auf Franz\u00f6sisch<\/li>\n<li>Jump in den Suit! \u2013 Eine N\u00e4hanleitung <strong>mit Schnittmuster<\/strong> zum Anfordern f\u00fcr einen <strong>Jumpsuit<\/strong><\/li>\n<li>Printed! \u2013 <strong>Siebdruck auf Textil<\/strong><\/li>\n<li>&#8230; was an die Ohren! \u2013 Eine<strong> H\u00e4kelm\u00fctze<\/strong><\/li>\n<li>Crashkurs: Wie bastel ich mir einen <strong>Fotostempel<\/strong>?<\/li>\n<\/ol>\n<p><!--more--><\/p>\n<h3>Und au\u00dferdem:<\/h3>\n<p>WOLLLUST<br \/>\nWenn ein Material zum Fetisch wird<\/p>\n<p>ALTE TECHNIK<br \/>\nDas Flechten<\/p>\n<p>FARBWELT<br \/>\nViolett \u2013 die Extravagante<\/p>\n<p><a href=\"\/up\/2012\/02\/handmade_kultur_inhalt8.jpg\"><img loading=\"lazy\" decoding=\"async\" title=\"handmade_kultur_inhalt8\" src=\"\/up\/2012\/02\/handmade_kultur_inhalt8.jpg\" alt=\"\" width=\"600\" height=\"372\" \/><\/a><\/p>\n<p>WEB<br \/>\nInsidervermittler gidsy.com und<br \/>\nescapethecity.org, die Jobb\u00f6rse f\u00fcr Abenteurer<\/p>\n<p>DER SALON<br \/>\nDer diskrete Charme der Langeweile<\/p>\n<p>ANGST HAT KEINE KRAFT<br \/>\nDie Geschichte der finnischen Textilk\u00fcnstlerin Maire Koivisto<\/p>\n<p>DIY-STADTPLAN<br \/>\nHandmade Leipzig. Mit allen relevanten Adressen f\u00fcr die Szene.<\/p>\n<p>APPLAUS<br \/>\nMetamorphose in sieben Akten<br \/>\nEine Zeitreise zur\u00fcck ins Rokoko mit Bettina Feldt<\/p>\n<p>Viel Spa\u00df mit unserer neuen Ausgabe HANDMADE Kultur w\u00fcnscht euch euer<br \/>\nHANDMADE Kultur Team!<\/p>\n","protected":false},"excerpt":{"rendered":"<p><a class=\"button\" href=\"https:\/\/www.handmadekultur.de\/up\/magazin\/HANDMADE_Kultur_2012_10_web.pdf\" target=\"_blank\" rel=\"noopener\">Magazin Download<\/a><\/p>\n","protected":false},"featured_media":23926,"comment_status":"open","ping_status":"closed","template":"","meta":[],"product_brand":[],"product_cat":[37,17],"product_tag":[],"class_list":{"0":"post-22657","1":"product","2":"type-product","3":"status-publish","4":"has-post-thumbnail","6":"product_cat-download","7":"product_cat-einzelheft","9":"first","10":"instock","11":"taxable","12":"shipping-taxable","13":"product-type-simple"},"_links":{"self":[{"href":"https:\/\/www.handmadekultur.de\/shop\/wp-json\/wp\/v2\/product\/22657","targetHints":{"allow":["GET"]}}],"collection":[{"href":"https:\/\/www.handmadekultur.de\/shop\/wp-json\/wp\/v2\/product"}],"about":[{"href":"https:\/\/www.handmadekultur.de\/shop\/wp-json\/wp\/v2\/types\/product"}],"replies":[{"embeddable":true,"href":"https:\/\/www.handmadekultur.de\/shop\/wp-json\/wp\/v2\/comments?post=22657"}],"wp:featuredmedia":[{"embeddable":true,"href":"https:\/\/www.handmadekultur.de\/shop\/wp-json\/wp\/v2\/media\/23926"}],"wp:attachment":[{"href":"https:\/\/www.handmadekultur.de\/shop\/wp-json\/wp\/v2\/media?parent=22657"}],"wp:term":[{"taxonomy":"product_brand","embeddable":true,"href":"https:\/\/www.handmadekultur.de\/shop\/wp-json\/wp\/v2\/product_brand?post=22657"},{"taxonomy":"product_cat","embeddable":true,"href":"https:\/\/www.handmadekultur.de\/shop\/wp-json\/wp\/v2\/product_cat?post=22657"},{"taxonomy":"product_tag","embeddable":true,"href":"https:\/\/www.handmadekultur.de\/shop\/wp-json\/wp\/v2\/product_tag?post=22657"}],"curies":[{"name":"wp","href":"https:\/\/api.w.org\/{rel}","templated":true}]}}