{"id":23387,"date":"2012-12-29T20:10:46","date_gmt":"2012-12-29T19:10:46","guid":{"rendered":"http:\/\/www.handmadekultur.de\/shop\/?post_type=product&#038;p=23387"},"modified":"2022-07-31T10:48:52","modified_gmt":"2022-07-31T08:48:52","slug":"handmade-kultur-magazin-012013","status":"publish","type":"product","link":"https:\/\/www.handmadekultur.de\/shop\/produkt\/handmade-kultur-magazin-012013","title":{"rendered":"Handmade Kultur Magazin 01\/2013"},"content":{"rendered":"<h3>Und diese DIY-Anleitungen erwarten euch:<\/h3>\n<p><strong>\/\/ N\u00c4HEN:<\/strong><br \/>\n1. Nimm mich! \u2013 Ein <strong>Shopper<\/strong> f\u00fcr alle Tage. Mit N\u00e4hanleitung und <strong>Schnittmuster<\/strong> im Magazin.<br \/>\n2. Ich hab dich lieb! \u2013 Eine japanische <strong>Kokeshi-Puppe <\/strong>zum Selbern\u00e4hen <strong>mit Schnittmuster<\/strong>.<br \/>\n3. Die Sch\u00f6ne im Park \u2013 ein<strong> Wendeponcho <\/strong>zum Selbern\u00e4hen <strong>mit Schnittmuster<\/strong> zum Downloaden.<br \/>\n4. F\u00fcr Couchnerds \u2013 ein <strong>Kissentablett f\u00fcr Notebooks<\/strong><\/p>\n<p><strong>\/\/ PAPIER:<\/strong><br \/>\n5. Naive Malerei \u2013 eine <strong>Stoffcollage<\/strong> auf Papier.<\/p>\n<p><strong>\/\/ DIY:<\/strong><br \/>\n6. Fr\u00fcher war ich mal Parkett! Eine <strong>iPad-H\u00fclle<\/strong> aus Holz<strong>.<\/strong><br \/>\n7. MINIMOSA \u2013 Ein Mosaik im Kleinformat.<br \/>\n8. Erleuchtung! \u2013 Ein<strong> Fahrradfelgenleuchter<\/strong><\/p>\n<p><strong>\/\/ ESSEN:<\/strong><br \/>\n9. <strong>Vegane Gorumetk\u00fcche<\/strong>. Ein Drei-G\u00e4nge-Men\u00fc.<br \/>\n10. Rezepte mit Braasch Rum: der <strong>Apfelkuchen<\/strong> und die <strong>Rumcreme<\/strong>.<\/p>\n<p><strong>\/\/ UPCYCLING:<\/strong><br \/>\n11. Ein Traum in Bubble Gum. Eine Vorher-Nachher-Schrankshow.<\/p>\n<p><!--more--><\/p>\n<p>UND: <strong>Little Things<\/strong>: die Liebesromantapete, der Fahrradschlauchg\u00fcrtel, die Papierperle, der Stockst\u00e4nder, die Nadelrolle und die<br \/>\nillustrierte Bierbankgarnitur.<\/p>\n<p><a class=\"zoom\" href=\"\/up\/2012\/09\/Inhalt_Heft1_2013_low1.jpg\"><img loading=\"lazy\" decoding=\"async\" class=\"alignnone size-full wp-image-37934\" title=\"Inhalt_Heft1_2013_low\" src=\"\/up\/2012\/09\/Inhalt_Heft1_2013_low1.jpg\" alt=\"\" width=\"624\" height=\"397\" \/><\/a><\/p>\n<p>&nbsp;<\/p>\n<p><strong>Und au\u00dferdem:<\/strong><\/p>\n<p>WERKSCHAU Robert Race \u2013 &#8222;The Toymaker&#8220; <strong>\/<\/strong> RECYCLING Ein Haus aus Papier <strong>\/<\/strong> ALTE TECHNIK Das Punzieren <strong>\/<\/strong> FARBWELT Orange \u2013 die Wechselhafte <strong>\/<\/strong> WEB DIY-Abos f\u00fcr kleine und gro\u00dfe Kreative <strong>\/<\/strong> DER SALON Gunst kommt von G\u00f6nnen <strong>\/<\/strong> AUSBILDUNG Die Berufsfachschule Glas und Schmuck in Neugablonz <strong>\/<\/strong> DIY-STADTPLAN Handmade D\u00fcsseldorf. Mit allen relevanten Adressen f\u00fcr die Szene <strong>\/<\/strong> APPLAUS Zwei Hambruger Museumsw\u00e4rter im Portr\u00e4t <strong>\/<\/strong> LABEL Die Rummanufaktur Braasch <strong>\/<\/strong> INTERVIEW Polyester ist nicht mehr meine Schwester. Das Leben in der plastikfreien Zone <strong>\/<\/strong> AKTION Die Jellyweek<\/p>\n<p>Viel Spa\u00df mit dieser 100-seitigen Ausgabe HANDMADE Kultur w\u00fcnscht euch euer<br \/>\nHANDMADE Kultur Team!<\/p>\n","protected":false},"excerpt":{"rendered":"<p>Ein Shopper f\u00fcr alle Tage. Mit N\u00e4hanleitung und Schnittmuster im Magazin. Wendeponcho zum Selbern\u00e4hen mit Schnittmuster zum Downloaden. Und noch vieles mehr.<\/p>\n","protected":false},"featured_media":23925,"comment_status":"open","ping_status":"open","template":"","meta":[],"product_brand":[],"product_cat":[17],"product_tag":[],"class_list":{"0":"post-23387","1":"product","2":"type-product","3":"status-publish","4":"has-post-thumbnail","6":"product_cat-einzelheft","8":"first","9":"instock","10":"taxable","11":"shipping-taxable","12":"product-type-simple"},"_links":{"self":[{"href":"https:\/\/www.handmadekultur.de\/shop\/wp-json\/wp\/v2\/product\/23387","targetHints":{"allow":["GET"]}}],"collection":[{"href":"https:\/\/www.handmadekultur.de\/shop\/wp-json\/wp\/v2\/product"}],"about":[{"href":"https:\/\/www.handmadekultur.de\/shop\/wp-json\/wp\/v2\/types\/product"}],"replies":[{"embeddable":true,"href":"https:\/\/www.handmadekultur.de\/shop\/wp-json\/wp\/v2\/comments?post=23387"}],"wp:featuredmedia":[{"embeddable":true,"href":"https:\/\/www.handmadekultur.de\/shop\/wp-json\/wp\/v2\/media\/23925"}],"wp:attachment":[{"href":"https:\/\/www.handmadekultur.de\/shop\/wp-json\/wp\/v2\/media?parent=23387"}],"wp:term":[{"taxonomy":"product_brand","embeddable":true,"href":"https:\/\/www.handmadekultur.de\/shop\/wp-json\/wp\/v2\/product_brand?post=23387"},{"taxonomy":"product_cat","embeddable":true,"href":"https:\/\/www.handmadekultur.de\/shop\/wp-json\/wp\/v2\/product_cat?post=23387"},{"taxonomy":"product_tag","embeddable":true,"href":"https:\/\/www.handmadekultur.de\/shop\/wp-json\/wp\/v2\/product_tag?post=23387"}],"curies":[{"name":"wp","href":"https:\/\/api.w.org\/{rel}","templated":true}]}}