{"id":24058,"date":"2013-03-24T13:32:09","date_gmt":"2013-03-24T12:32:09","guid":{"rendered":"http:\/\/www.handmadekultur.de\/shop\/?post_type=product&#038;p=24058"},"modified":"2026-02-25T19:32:58","modified_gmt":"2026-02-25T18:32:58","slug":"handmade-kultur-magazin-022013","status":"publish","type":"product","link":"https:\/\/www.handmadekultur.de\/shop\/produkt\/handmade-kultur-magazin-022013","title":{"rendered":"Handmade Kultur Magazin 02\/2013"},"content":{"rendered":"<h3>Und diese DIY-Anleitungen erwarten euch:<\/h3>\n<p><strong>\/\/ N\u00c4HEN:<\/strong><br \/>\n1. <strong>T-Shirts<\/strong> mit raffinierten Details \u2013 mit N\u00e4hanleitung im Magazin, Schnittmuster zum Download<br \/>\n2. <strong>G\u00fcrteltasche<\/strong> im Supergirl und Punx-Style \u2013 N\u00e4hanleitung und Schnittmuster im Magazin<br \/>\n3. <strong>Fahrradtaschen<\/strong> im XXL-Lunchbag-Style<\/p>\n<p><strong>\/\/ WOLLE:<\/strong><br \/>\n4. Drei coole <strong>Sitzkissenbez\u00fcge<\/strong> aus Wolle<\/p>\n<p><strong>\/\/ PAPER:<\/strong><br \/>\n5. <strong>Perlen<\/strong> aus Wellpappe<br \/>\n6. Ein <strong>Notizbuch<\/strong> selbst binden<\/p>\n<p><strong>\/\/ DIY:<\/strong><br \/>\n7. <strong>Pflastersteine<\/strong> aus Beton, selbst gegossen \u2013 und allerlei anderes buntes &#8222;Steinzeug&#8220;<br \/>\n8. <strong>Wanduhren<\/strong> aus Filz, Papier, Pappe, Vinyl, Fimo, Holz und Fugenkreuzen. Fugenkreuzen? Ja, Fugenkreuzen!<\/p>\n<p><strong>\/\/ FOTOGRAFIE:<\/strong><br \/>\n9. Eine <strong>Lochkamera<\/strong> (Camera Obscura) mit Bauanleitung und Tipps und Tricks rund um die Bildentwicklung<\/p>\n<p><strong>\/\/ KINDER:<\/strong><br \/>\n10. <strong>Samenbomben<\/strong> matschen<br \/>\n<!--more--><\/p>\n<h3>Inhaltsverzeichnis:<\/h3>\n<p><img loading=\"lazy\" decoding=\"async\" class=\"zoom aligncenter size-full wp-image-24063\" src=\"\/shop\/media\/Inhalt_heft02_2013.png\" alt=\"Inhalt_heft02_2013\" width=\"567\" height=\"361\" srcset=\"https:\/\/www.handmadekultur.de\/shop\/media\/Inhalt_heft02_2013.png 567w, https:\/\/www.handmadekultur.de\/shop\/media\/Inhalt_heft02_2013-416x265.png 416w, https:\/\/www.handmadekultur.de\/shop\/media\/Inhalt_heft02_2013-150x96.png 150w, https:\/\/www.handmadekultur.de\/shop\/media\/Inhalt_heft02_2013-300x191.png 300w, https:\/\/www.handmadekultur.de\/shop\/media\/Inhalt_heft02_2013-36x23.png 36w, https:\/\/www.handmadekultur.de\/shop\/media\/Inhalt_heft02_2013-220x140.png 220w, https:\/\/www.handmadekultur.de\/shop\/media\/Inhalt_heft02_2013-400x255.png 400w, https:\/\/www.handmadekultur.de\/shop\/media\/Inhalt_heft02_2013-32x20.png 32w\" sizes=\"auto, (max-width: 567px) 100vw, 567px\" \/><\/p>\n<p>Und au\u00dferdem gibt es das hier:<\/p>\n<p>Die <strong>Paper Cut<\/strong> K\u00fcnstlerin Claire Brewster empf\u00e4ngt uns in ihrem Londoner Atelier. Unser Autor Kai-Uwe Scholz besucht mit dem Fotografen Peter Hirth ein Werk bei Budweis, in dem <strong>Nadeln produziert<\/strong> werden. Judith Stru\u00dfenberg f\u00e4hrt nach Garmisch-Partenkirchen und fragt nach, welche Voraussetzungen man mitbringen muss, wenn man in der \u00e4ltesten Schule Deutschlands f\u00fcr <strong>Holz und Gestaltung<\/strong> in Lehre gehen will. Niklas Ottersbach macht sich auf den Weg nach Andernach und l\u00e4sst sich vom dortigen Geo-Okologen Kosack erkl\u00e4ren, wie man <strong>eine essbare Stadt<\/strong> anbaut. Unser Kolumnist Holger Fu\u00df &#8222;trifft&#8220; den alten Aristoteles, und beide denken dar\u00fcber nach, was &#8222;<strong>Verm\u00f6gen<\/strong>&#8220; eigentlich bedeutet. D\u00f6rte Brilling besucht zwei junge Designer in L\u00fcbeck, die tolle <strong>Lampen<\/strong> entwerfen und Uta Schnell und Rosa Posa ergr\u00fcnden gemeinsam, was uns an der <strong>Farbe Schwarz<\/strong> so fasziniert. Auf dem Weg nach G\u00f6ttigen waren Dirk Eisermann und Telse Prahl unterwegs. Sie berichten in einer beeindruckenden Reportage \u00fcber die letzte <strong>Pfannensiederei<\/strong> Deutschlands. Ihr wisst nicht, was das ist? Dann holt sie euch, unsere wunderbare neue Ausgabe HANDMADE Kultur!<\/p>\n<p>&nbsp;<\/p>\n<p>&nbsp;<\/p>\n","protected":false},"excerpt":{"rendered":"<p>T-Shirts mit raffinierten Details \u2013 mit N\u00e4hanleitung. Wanduhren aus Filz, Papier, Pappe, Vinyl, Fimo, Holz und Fugenkreuzen.<\/p>\n","protected":false},"featured_media":24059,"comment_status":"open","ping_status":"open","template":"","meta":[],"product_brand":[],"product_cat":[17],"product_tag":[],"class_list":{"0":"post-24058","1":"product","2":"type-product","3":"status-publish","4":"has-post-thumbnail","6":"product_cat-einzelheft","8":"first","9":"instock","10":"taxable","11":"shipping-taxable","12":"product-type-simple"},"_links":{"self":[{"href":"https:\/\/www.handmadekultur.de\/shop\/wp-json\/wp\/v2\/product\/24058","targetHints":{"allow":["GET"]}}],"collection":[{"href":"https:\/\/www.handmadekultur.de\/shop\/wp-json\/wp\/v2\/product"}],"about":[{"href":"https:\/\/www.handmadekultur.de\/shop\/wp-json\/wp\/v2\/types\/product"}],"replies":[{"embeddable":true,"href":"https:\/\/www.handmadekultur.de\/shop\/wp-json\/wp\/v2\/comments?post=24058"}],"wp:featuredmedia":[{"embeddable":true,"href":"https:\/\/www.handmadekultur.de\/shop\/wp-json\/wp\/v2\/media\/24059"}],"wp:attachment":[{"href":"https:\/\/www.handmadekultur.de\/shop\/wp-json\/wp\/v2\/media?parent=24058"}],"wp:term":[{"taxonomy":"product_brand","embeddable":true,"href":"https:\/\/www.handmadekultur.de\/shop\/wp-json\/wp\/v2\/product_brand?post=24058"},{"taxonomy":"product_cat","embeddable":true,"href":"https:\/\/www.handmadekultur.de\/shop\/wp-json\/wp\/v2\/product_cat?post=24058"},{"taxonomy":"product_tag","embeddable":true,"href":"https:\/\/www.handmadekultur.de\/shop\/wp-json\/wp\/v2\/product_tag?post=24058"}],"curies":[{"name":"wp","href":"https:\/\/api.w.org\/{rel}","templated":true}]}}