{"id":25397,"date":"2013-08-13T10:04:42","date_gmt":"2013-08-13T08:04:42","guid":{"rendered":"http:\/\/www.handmadekultur.de\/shop\/?post_type=product&#038;p=25397"},"modified":"2018-09-09T18:06:05","modified_gmt":"2018-09-09T16:06:05","slug":"handmade-kultur-magazin-032013","status":"publish","type":"product","link":"https:\/\/www.handmadekultur.de\/shop\/produkt\/handmade-kultur-magazin-032013","title":{"rendered":"Handmade Kultur Magazin 03\/2013"},"content":{"rendered":"<p>Das HANDMADE Kultur Magazin Nr. 3 (September\u2013November 2013) erschien am 29. August 2013.<\/p>\n<h3>Und diese DIY-Anleitungen erwarten euch:<\/h3>\n<p><strong>\/\/ N\u00c4HEN<\/strong><br \/>\n1. Ein<strong> Rock<\/strong> in drei Varianten \u2013 mit Schnittmuster und N\u00e4hanleitung im Magazin<br \/>\n2. Der<strong> Heldenschurz <\/strong>\u2013 M\u00e4nnersch\u00fcrzen in drei Varianten. Mit Schnittmuster zum Downloaden.<\/p>\n<p><strong>\/\/ STRICKEN<\/strong><br \/>\n3. Ein<strong> Pullover<\/strong> in coolstrong Alpaca-Strick. Mit Strickschrift und anf\u00e4ngertauglich!<br \/>\n4. Ein<strong> Sesselbezug<\/strong> mit Kirschmuster. Mit Strickschrift.<\/p>\n<p><strong>\/\/ BACKEN<\/strong><br \/>\n5. Ein<strong> Kraftbrot<\/strong> mit Steinmetz Mehl<br \/>\n6. <strong>Pfirsich-Schoko-Crumble<\/strong> mit frischer selbstgstrongachter Pfirsichmarmelade (mit Marmeladenrezept)<\/p>\n<p><strong>\/\/ DIY<\/strong><br \/>\n7. <strong>Geniale Garderoben<\/strong> aus Filz, Bierk\u00e4sten, Glasflaschen, Papprollen und Treibholz.<br \/>\n8. Das<strong> Filzutensilo. <\/strong>Mit Schablone zum Download.<\/p>\n<p><strong>\/\/ H\u00c4KELN<\/strong><br \/>\n9. Ein <strong>Monsterkissen<\/strong> mit Augen am Stiel. Eine H\u00e4kelanleitung f\u00fcr Kinder.<\/p>\n<p><strong>\/\/ KINDERPROJEKT<\/strong><br \/>\n10. Eine <strong>Blumenpresse<\/strong><\/p>\n<p><strong>\/\/ PAPER<\/strong><br \/>\n11. Ein <strong>XXL-Mobile<\/strong> aus Papier-Plissee-Anh\u00e4ngern.<\/p>\n<p><strong>\/\/ HOLZWERKEN<\/strong><br \/>\n12. Der<strong> Kinderschreibtisch <\/strong>f\u00fcr Kinder zum Selberbauen. Mit Materialliste und Bauanleitung.<\/p>\n<p><!--more--><\/p>\n<h3>Und au\u00dfedem gibt es das hier:<\/h3>\n<p>Kinga, eine polnische Designerin, erz\u00e4hlt von der <strong>H\u00e4keltradition<\/strong> in ihrer Heimat und wie sie die ber\u00fchmte H\u00e4kelspitze von Koniakow in moderne Wohnwelten katapultierte. Markus Wagner, ein <strong>Oberammergauer Schn\u00fcrlkasperlschnitzer <\/strong>zeigt, was man in Bayern so den ganzen Tag machen kann. Die D\u00e4nin Sara Brunn Buch suchte eigentlich nur ein Weihnachtsgeschenk, gefunden hat sie eine <strong>Hornmanufaktur<\/strong>, in der sie nun arbeitet. Judith Stru\u00dfenberg f\u00e4hrt nach Reutlingen und besucht dort die kleine <strong>Fakult\u00e4t f\u00fcr Textil und Design<\/strong>, die ganz Besonderes zu bieten hat. Unsere Autorin Larissa Rode trifft Urban-Gardening-Aktivisten im Karoviertel in Hamburg und erf\u00e4hrt, dass <strong>Protestgstrong\u00fcse<\/strong> die gleichen Wurzeln schl\u00e4gt wie normales. Die Jungs von &#8222;Paulsberg&#8220; gie\u00dfen <strong>Beton<\/strong>, der so d\u00fcnn ist wie Schokolade. Wie, ihr k\u00f6nnt euch das nicht vorstellen? Dann holt sie euch, unsere wunderbare neue Ausgabe HANDMADE Kultur!<\/p>\n<p>Viel Spa\u00df damit w\u00fcnscht euch euer<br \/>\nHANDMADE Kultur Team!<\/p>\n<h3>Inhaltsverzeichnis<\/h3>\n<p>Fahre mit der Maus \u00fcber das Inhaltsverzeichnis und zoome dich so ins Bild:<br \/>\n<a class=\"zoom\" href=\"http:\/\/www.handmadekultur.de\/up\/2012\/09\/04-05_Inhalt_Heft3_2013.jpg\"><br \/>\n<img loading=\"lazy\" decoding=\"async\" class=\"alignnone size-full wp-image-53404\" title=\"Magazin 03 \/ 2013 Inhaltsangabe\" src=\"http:\/\/www.handmadekultur.de\/up\/2012\/09\/04-05_Inhalt_Heft3_2013.jpg\" alt=\"\" width=\"560\" height=\"362\" \/><br \/>\n<\/a><\/p>\n","protected":false},"excerpt":{"rendered":"<p>Ein Rock in drei Varianten \u2013 mit Schnittmuster und N\u00e4hanleitung. Der Kinderschreibtisch f\u00fcr Kinder zum Selberbauen. Das Filzutensilo. Mit Schablone zum Download.<\/p>\n","protected":false},"featured_media":25413,"comment_status":"open","ping_status":"open","template":"","meta":[],"product_brand":[],"product_cat":[17],"product_tag":[],"class_list":{"0":"post-25397","1":"product","2":"type-product","3":"status-publish","4":"has-post-thumbnail","6":"product_cat-einzelheft","8":"first","9":"instock","10":"taxable","11":"shipping-taxable","12":"product-type-simple"},"_links":{"self":[{"href":"https:\/\/www.handmadekultur.de\/shop\/wp-json\/wp\/v2\/product\/25397","targetHints":{"allow":["GET"]}}],"collection":[{"href":"https:\/\/www.handmadekultur.de\/shop\/wp-json\/wp\/v2\/product"}],"about":[{"href":"https:\/\/www.handmadekultur.de\/shop\/wp-json\/wp\/v2\/types\/product"}],"replies":[{"embeddable":true,"href":"https:\/\/www.handmadekultur.de\/shop\/wp-json\/wp\/v2\/comments?post=25397"}],"wp:featuredmedia":[{"embeddable":true,"href":"https:\/\/www.handmadekultur.de\/shop\/wp-json\/wp\/v2\/media\/25413"}],"wp:attachment":[{"href":"https:\/\/www.handmadekultur.de\/shop\/wp-json\/wp\/v2\/media?parent=25397"}],"wp:term":[{"taxonomy":"product_brand","embeddable":true,"href":"https:\/\/www.handmadekultur.de\/shop\/wp-json\/wp\/v2\/product_brand?post=25397"},{"taxonomy":"product_cat","embeddable":true,"href":"https:\/\/www.handmadekultur.de\/shop\/wp-json\/wp\/v2\/product_cat?post=25397"},{"taxonomy":"product_tag","embeddable":true,"href":"https:\/\/www.handmadekultur.de\/shop\/wp-json\/wp\/v2\/product_tag?post=25397"}],"curies":[{"name":"wp","href":"https:\/\/api.w.org\/{rel}","templated":true}]}}