{"id":28329,"date":"2014-01-16T22:22:15","date_gmt":"2014-01-16T21:22:15","guid":{"rendered":"http:\/\/www.handmadekultur.de\/shop\/?post_type=product&#038;p=28329"},"modified":"2025-11-22T16:06:05","modified_gmt":"2025-11-22T15:06:05","slug":"handmade-kultur-magazin-012014","status":"publish","type":"product","link":"https:\/\/www.handmadekultur.de\/shop\/produkt\/handmade-kultur-magazin-012014","title":{"rendered":"Handmade Kultur Magazin 01\/2014"},"content":{"rendered":"<h3>Unsere Anleitungen zum Selbermachen:<\/h3>\n<p><strong>\/\/ DIY<\/strong><br \/>\n1. Ein Besteckkasten wird zur <strong>Schmuckvitrine<\/strong><br \/>\n2. <strong>Polsterlehnen<\/strong> selber bauen. F\u00fcr Bett und Sofa.<br \/>\n3. Eine <strong>Schneiderpuppe<\/strong> aus Gaffe-Klebeband.<br \/>\n4. Wasserkiste + ausrangiertes Skateboard? K\u00f6nnte ein <strong>Hocker<\/strong> werden &#8230;<br \/>\n5. <strong>Schmuck<\/strong> aus Flusssteinen.<\/p>\n<p><strong>\/\/ N\u00c4HEN<\/strong><br \/>\n6. Ein <strong>Kleid<\/strong> aus Nickstoff. Mit N\u00e4hanleitung und Schnittmuster zum Download<br \/>\n7. Amsel, Kohlmeise und Spatz aus Filz. F\u00fcr gro\u00dfe und kleine Kinder.<br \/>\n8. Kleiner Koffer f\u00fcr feine Dinge.<\/p>\n<p><strong>\/\/ WOHNEN<\/strong><br \/>\n9. Neun <strong>Lampen<\/strong>, die uns anmachen. Mit Bau- und Faltanleitung im Magazin.<\/p>\n<p><strong>\/\/ STICKEN<\/strong><br \/>\n10. <strong>Spitzensticken<\/strong> mit der N\u00e4hmaschine.<\/p>\n<p><strong>\/\/ N\u00c4HEN, STRICKEN<\/strong><br \/>\n11. Ein <strong>Cape<\/strong>. Mit Strickschrift, Schnittmuster und allem, was ihr wissen m\u00fcsst.<\/p>\n<p><strong>\/\/ KINDERPROJEKT<\/strong><br \/>\n12. Das <strong>Krokodil Schnapp.<\/strong><\/p>\n<p><strong>\/\/ RECYCLING<\/strong><br \/>\n13. Cooler Shopper aus Platikt\u00fcten. Mit N\u00e4hanleitung und Schnittmuster im Magazin.<\/p>\n<p><strong>\/\/ STRICKEN<\/strong><br \/>\n14. Die erste Leggins im Netz. Und dann noch im Fair-Isle-Style. Mit Strickschrift zum Download.<\/p>\n<p><strong>\/\/ FR\u00dcHLING<\/strong><br \/>\n15. Rezepte mit <strong>Wildkr\u00e4utern<\/strong>.<br \/>\n<!--more--><\/p>\n<p><img loading=\"lazy\" decoding=\"async\" class=\"alignnone size-full wp-image-28346\" src=\"\/shop\/media\/Banner800x400.jpg\" alt=\"Banner800x400\" width=\"656\" height=\"328\" srcset=\"https:\/\/www.handmadekultur.de\/shop\/media\/Banner800x400.jpg 800w, https:\/\/www.handmadekultur.de\/shop\/media\/Banner800x400-416x208.jpg 416w, https:\/\/www.handmadekultur.de\/shop\/media\/Banner800x400-150x75.jpg 150w, https:\/\/www.handmadekultur.de\/shop\/media\/Banner800x400-300x150.jpg 300w, https:\/\/www.handmadekultur.de\/shop\/media\/Banner800x400-768x384.jpg 768w, https:\/\/www.handmadekultur.de\/shop\/media\/Banner800x400-700x350.jpg 700w, https:\/\/www.handmadekultur.de\/shop\/media\/Banner800x400-36x18.jpg 36w, https:\/\/www.handmadekultur.de\/shop\/media\/Banner800x400-220x110.jpg 220w, https:\/\/www.handmadekultur.de\/shop\/media\/Banner800x400-400x200.jpg 400w, https:\/\/www.handmadekultur.de\/shop\/media\/Banner800x400-32x16.jpg 32w\" sizes=\"auto, (max-width: 656px) 100vw, 656px\" \/><\/p>\n<h3>Und sonst?<\/h3>\n<p>Nancy war f\u00fcr uns in Prag und besuchte Pavel, der mit zwei Freunden gerade ein &#8222;Erdschiff&#8220; mitten in einer Prager Kleingartensiedlung baut. Schnuppe fuhr nach Berlin, um Kathrin G\u00f6pfert aufzusuchen, die wunderbare Kisten baut, mit Dingen, an denen unser Herz mal hing. Lisbeth, in der Bloggerwelt auch bekannt unter YouAndIHeartDIY, erz\u00e4hlt allen, die es wissen wollen, wie man DIY-Videos dreht und worauf man dabei achten sollte. Judith war in M\u00fcnchen am Goering Institut, da kann man sich n\u00e4mlich zum Restaurator ausbilden lassen. Ne coole Sache! Katja alias nozdesign f\u00fchrt euch durch Dresden von DIY-Station zu Handmade Highlight. Gute Adressen erwarten euch! Und Andreas Kuntoff? Der stattet Chantal eine Stippvisite ab. Sie spinnt sich gl\u00fccklich und bestreitet damit ihren Lebensunterhalt. Den HANDMADE Kultur Leserinnen erkl\u00e4rt Chantal, wie das Handspinnen funktioniert. Wusstet ihr, dass diese Technik 6000 Jahre alt ist? Lasst euch unterhalten und probiert alles unbedingt aus.<\/p>\n<h3>Inhaltsverzeichnis:<\/h3>\n<p><a class=\"zoom\" href=\"\/shop\/media\/04-05_Inhalt_Heft1_14_.jpg\"><img loading=\"lazy\" decoding=\"async\" class=\"alignnone wp-image-28330 size-inhaltsverzeichnis\" src=\"\/shop\/media\/04-05_Inhalt_Heft1_14_-700x445.jpg\" alt=\"04-05_Inhalt_Heft1_14_\" width=\"700\" height=\"445\" \/><\/a><\/p>\n<p>Viel Spa\u00df mit unserer neuen Ausgabe w\u00fcnscht euch das<\/p>\n<p>HANDMADE Kultur Team<\/p>\n","protected":false},"excerpt":{"rendered":"<p>Ein Cape. Mit Strickschrift, Schnittmuster und allem, was ihr wissen m\u00fcsst. Ein Kleid aus Nickstoff. Die erste Leggins im Netz mit Strickschrift zum Download.<\/p>\n","protected":false},"featured_media":28364,"comment_status":"open","ping_status":"open","template":"","meta":[],"product_brand":[],"product_cat":[17],"product_tag":[],"class_list":{"0":"post-28329","1":"product","2":"type-product","3":"status-publish","4":"has-post-thumbnail","6":"product_cat-einzelheft","8":"first","9":"instock","10":"taxable","11":"shipping-taxable","12":"product-type-simple"},"_links":{"self":[{"href":"https:\/\/www.handmadekultur.de\/shop\/wp-json\/wp\/v2\/product\/28329","targetHints":{"allow":["GET"]}}],"collection":[{"href":"https:\/\/www.handmadekultur.de\/shop\/wp-json\/wp\/v2\/product"}],"about":[{"href":"https:\/\/www.handmadekultur.de\/shop\/wp-json\/wp\/v2\/types\/product"}],"replies":[{"embeddable":true,"href":"https:\/\/www.handmadekultur.de\/shop\/wp-json\/wp\/v2\/comments?post=28329"}],"wp:featuredmedia":[{"embeddable":true,"href":"https:\/\/www.handmadekultur.de\/shop\/wp-json\/wp\/v2\/media\/28364"}],"wp:attachment":[{"href":"https:\/\/www.handmadekultur.de\/shop\/wp-json\/wp\/v2\/media?parent=28329"}],"wp:term":[{"taxonomy":"product_brand","embeddable":true,"href":"https:\/\/www.handmadekultur.de\/shop\/wp-json\/wp\/v2\/product_brand?post=28329"},{"taxonomy":"product_cat","embeddable":true,"href":"https:\/\/www.handmadekultur.de\/shop\/wp-json\/wp\/v2\/product_cat?post=28329"},{"taxonomy":"product_tag","embeddable":true,"href":"https:\/\/www.handmadekultur.de\/shop\/wp-json\/wp\/v2\/product_tag?post=28329"}],"curies":[{"name":"wp","href":"https:\/\/api.w.org\/{rel}","templated":true}]}}