{"id":29747,"date":"2014-04-08T19:09:30","date_gmt":"2014-04-08T17:09:30","guid":{"rendered":"http:\/\/www.handmadekultur.de\/shop\/?post_type=product&#038;p=29747"},"modified":"2018-09-09T17:58:05","modified_gmt":"2018-09-09T15:58:05","slug":"handmade-kultur-magazin-022014","status":"publish","type":"product","link":"https:\/\/www.handmadekultur.de\/shop\/produkt\/handmade-kultur-magazin-022014","title":{"rendered":"Handmade Kultur Magazin 02\/2014"},"content":{"rendered":"<h3>Unsere Anleitungen zum Selbermachen:<\/h3>\n<p><strong>\/\/ HOLZ<\/strong><br \/>\n1. Tisch, Bank, Regal und <strong>Polsterhocker<\/strong> aus <strong>Paletten<\/strong><br \/>\n2. Ein <strong>Bienchenhotel<\/strong> f\u00fcr die Stadt<\/p>\n<p><strong>\/\/ SCHMUCK<\/strong><br \/>\n3. <strong>Bl\u00fctenkranz<\/strong> f\u00fcrs Haar aus Tauchlack<br \/>\n4. Statement! Jetzt kommt die <strong>Kette<\/strong> dazu.<\/p>\n<p><strong>\/\/ UPCYCLING<\/strong><br \/>\n5. Fesches f\u00fcr die M\u00e4dels aus <strong>Jungshemden<\/strong><br \/>\n6. <strong>Riesenklunker<\/strong> aus Kn\u00f6pfen und Tastatur-Tasten<\/p>\n<p><strong>\/\/ DIY<\/strong><br \/>\n7. coolstes <strong>Schl\u00fcsselbrett<\/strong>\/anh\u00e4nger-Set, wo gibt<br \/>\n8. <strong>Taschen<\/strong> aus alten B\u00fcchern<br \/>\n9. K\u00fcchensiebe werden zu stylischen <strong>Wandspiegeln<\/strong><\/p>\n<p><strong>\/\/ N\u00c4HEN<\/strong><br \/>\n10. Puuh, ist der hei\u00df. Ein <strong>Kapuzenblouson<\/strong> f\u00fcr unseren n\u00e4chsten Ausflug in den Dschungel<br \/>\n11. Wie geil es der denn? Wie Pfadi, nur erwachsen. <strong>UNSER RUCKSACK<\/strong>!<br \/>\n12. Die zweitschnellste <strong>Strickjacke<\/strong>, wo gibt<\/p>\n<p><strong>\/\/ KINDER<\/strong><br \/>\n13. basteln einen <strong>Traumf\u00e4nger<\/strong> aus Naturmaterialien<\/p>\n<p><strong>\/\/ DEKO<\/strong><br \/>\n14. <strong>Vasen<\/strong> und kleine D\u00f6schen aus Gips (mit Kupfer)<\/p>\n<p><strong>\/\/STRICKEN<\/strong><br \/>\n15. Ein <strong>Sitzsack<\/strong>, der gut aussieht, und trotzdem zum Abh\u00e4ngen ist.<\/p>\n<p><!--more--><\/p>\n<h3>Inhaltsverzeichnis<\/h3>\n<p>Und noch vieles mehr. Fahre mit der Maus \u00fcber das Inhaltsverzeichnis und zoome dich so ins Bild.<\/p>\n<p><a class=\"zoom\" href=\"\/shop\/media\/Inhalt_heft2_2014.jpg\"><img loading=\"lazy\" decoding=\"async\" class=\"responsive-img alignnone size-inhaltsverzeichnis wp-image-29756\" src=\"\/shop\/media\/Inhalt_heft2_2014-700x445.jpg\" alt=\"Inhaltsverzeichnis 02\/2014\" width=\"700\" height=\"445\" \/><\/a><\/p>\n<p><strong>Und sonst noch?<\/strong><br \/>\nHenry Baumann isst gerne Erdbeeren und hat daraufhin den Design-Recyclingpreis gewonnen. Was das eine mit dem anderen zu tun hat, erfahrt ihr von Telse Prahl, die mit ihm gesprochen hat.<\/p>\n<p>Samantha Bryan baut kleine Feen, die tagein, tagaus durch ihre Fantasie toben. Was die da machen? Lest das K\u00fcnstlerportr\u00e4t von Schnuppe von Gwinner, dann erfahrt ihr&#8217;s.<\/p>\n<p>Prof. Dr. Braungart ist Verfahrenstechniker und Chemiker, er doziert in Rotterdam und leitet das Umweltinstitut in Hamburg. Aber was noch viel wichtiger ist, er sieht im &#8222;Cradle-to-Cradle-Ansatz&#8220; eine realistische M\u00f6glichkeit, unsere Umwelt nicht zu zerst\u00f6ren, sondern uns sinnvoll und ohne Verzicht in sie zu integrieren.<\/p>\n<p>Maija Isola war eine der bedeutendsten Designerinnen Finnlands. Wir zeigen ihre sch\u00f6nsten Entw\u00fcrfe!<\/p>\n<p>Birgit und Dirk sind nach Schwabach gefahren, um einen der letzten Goldschl\u00e4ger Deutschlands zu besuchen.<\/p>\n<p>Und wisst ihr eigentlich schon, warum ihr sp\u00e4testens in diesem Sommer Barcelona einen Besuch abstattet? Ihr erfahrt es, wenn euch Vanesa Carrasquilla durch die spanische Metropole f\u00fchrt!<\/p>\n<p>Viel Spa\u00df mit unserer wundersch\u00f6nen neuen Ausgabe w\u00fcnscht euch<br \/>\ndas HANDMADE Kultur Team<\/p>\n","protected":false},"excerpt":{"rendered":"<p>Ein Kapuzenblouson und Rucksack N\u00e4hanleitung mit Schnittmuster. M\u00f6bel aus Paletten. Taschen aus B\u00fcchern. Wandspiegel aus K\u00fcchensieb.<\/p>\n","protected":false},"featured_media":29749,"comment_status":"open","ping_status":"open","template":"","meta":[],"product_brand":[],"product_cat":[17],"product_tag":[],"class_list":{"0":"post-29747","1":"product","2":"type-product","3":"status-publish","4":"has-post-thumbnail","6":"product_cat-einzelheft","8":"first","9":"instock","10":"taxable","11":"shipping-taxable","12":"product-type-simple"},"_links":{"self":[{"href":"https:\/\/www.handmadekultur.de\/shop\/wp-json\/wp\/v2\/product\/29747","targetHints":{"allow":["GET"]}}],"collection":[{"href":"https:\/\/www.handmadekultur.de\/shop\/wp-json\/wp\/v2\/product"}],"about":[{"href":"https:\/\/www.handmadekultur.de\/shop\/wp-json\/wp\/v2\/types\/product"}],"replies":[{"embeddable":true,"href":"https:\/\/www.handmadekultur.de\/shop\/wp-json\/wp\/v2\/comments?post=29747"}],"wp:featuredmedia":[{"embeddable":true,"href":"https:\/\/www.handmadekultur.de\/shop\/wp-json\/wp\/v2\/media\/29749"}],"wp:attachment":[{"href":"https:\/\/www.handmadekultur.de\/shop\/wp-json\/wp\/v2\/media?parent=29747"}],"wp:term":[{"taxonomy":"product_brand","embeddable":true,"href":"https:\/\/www.handmadekultur.de\/shop\/wp-json\/wp\/v2\/product_brand?post=29747"},{"taxonomy":"product_cat","embeddable":true,"href":"https:\/\/www.handmadekultur.de\/shop\/wp-json\/wp\/v2\/product_cat?post=29747"},{"taxonomy":"product_tag","embeddable":true,"href":"https:\/\/www.handmadekultur.de\/shop\/wp-json\/wp\/v2\/product_tag?post=29747"}],"curies":[{"name":"wp","href":"https:\/\/api.w.org\/{rel}","templated":true}]}}