{"id":31188,"date":"2014-07-01T22:44:23","date_gmt":"2014-07-01T20:44:23","guid":{"rendered":"http:\/\/www.handmadekultur.de\/shop\/?post_type=product&#038;p=31188"},"modified":"2017-09-30T18:32:18","modified_gmt":"2017-09-30T16:32:18","slug":"handmade-kultur-magazin-032014","status":"publish","type":"product","link":"https:\/\/www.handmadekultur.de\/shop\/produkt\/handmade-kultur-magazin-032014","title":{"rendered":"Handmade Kultur Magazin 03\/2014"},"content":{"rendered":"<p>Das HANDMADE Kultur Magazin Nr. 3 (Juli\u2013Oktober 2014) erschien am 17.07.2014.<\/p>\n<h3>Unsere Anleitungen zum Selbermachen:<\/h3>\n<p><strong>\/\/ KINDERPROJEKT<\/strong><br \/>\n1. Klamotten <strong>batiken<\/strong>. Wie scheckig!<\/p>\n<p><strong>\/\/ N\u00c4HEN<\/strong><br \/>\n2. maXi + miDi: Der <strong>Rock<\/strong> in zwei L\u00e4ngen <span style=\"text-decoration: underline;\">mit Schnittmuster<\/span> zum Download<br \/>\n3. Sommerhut zum Wenden. Mit Schnittmuster im Heft.<br \/>\n4. <strong>Oberteile<\/strong> in Tangram-Style. Mit Schnittmuster zum Download.<\/p>\n<p><strong>\/\/ H\u00c4KELN<\/strong><br \/>\n5. Das <strong>Einkaufsnetz<\/strong>. Wie luftig!<\/p>\n<p><strong>\/\/ REDESIGN<\/strong><br \/>\n6. <strong>Sonnenschirm<\/strong> und <strong>Liegestuhl<\/strong> neu beziehen. Da bleiben wir f\u00fcr immer und ewig sitzen.<\/p>\n<p><strong>\/\/ PAPIER<\/strong><br \/>\n7. Eine <strong>Pferdekopf<\/strong> gefaltet. <span style=\"text-decoration: underline;\">Mit Vorlage<\/span> zum Download.<br \/>\n<strong>8. Lampenschirm<\/strong>, gesteckt und gefaltet. Mach mal das Licht an!<\/p>\n<p><strong>\/\/ DIY<\/strong><br \/>\n9. Eine <strong>Kuckucksuhr<\/strong> aus Fimo. Kuckuck!<br \/>\n10. Das schnellste DIY der Welt: der <strong>Visitenkartenhalter<\/strong>. Die Italiener wieder &#8230;<br \/>\n11. Die <strong>Brillengarderobe<\/strong>. Ganz und gar Sichtbar!<br \/>\n<strong>12. Bilderrahmen<\/strong> selbst gebaut. Mit Gezier!<\/p>\n<p><strong>\/\/UPCYCLING<\/strong><br \/>\n13. Wenn Babys auf Jeans stehen. Eine Schaukel zum Mitnehmen.<\/p>\n<p><strong>\/\/ WOHNEN<\/strong><br \/>\n14. Tapetenkacheln selbst bedruckt. Freischwimmer an die Wand!<\/p>\n<p><strong>\/\/ STRICKEN<br \/>\n15. Jacke<\/strong> mit Kapuze und Zipper. Wie kuschlig!<\/p>\n<p><strong>\/\/ SCHMUCK<\/strong><br \/>\n16. <strong>Statementkette <\/strong>aus Pistazien. Munter klunkern!&#8211;<\/p>\n<p><strong>\/\/KN\u00dcPFEN<\/strong><br \/>\n17. Makramee, Juchee! Die <strong>H\u00e4ngematte<\/strong> zum Abh\u00e4ngen.<\/p>\n<p><!--more--><\/p>\n<p><strong>Downloads<\/strong>:<br \/>\n<a title=\"Rock Schnittmuster\" href=\"http:\/\/www.handmadekultur.de\/schnittmuster\/roecke-schnittmuster\">Rock Schnittmuster<\/a>,\u00a0<a title=\"Blusen Schnittmsuter Download\" href=\"http:\/\/www.handmadekultur.de\/schnittmuster\/blusen-schnittmuster\">Blusen Schnittmuster<\/a>\u00a0und\u00a0<a title=\"Pferdekopf Faltanleitung\" href=\"http:\/\/www.handmadekultur.de\/3d-origami-pferd-faltanleitung\">Pferdekopf Faltvorlage<\/a><\/p>\n<h3>Inhaltsverzeichnis<\/h3>\n<p>Und noch vieles mehr. Fahre mit der Maus \u00fcber das Inhaltsverzeichnis und zoome dich so ins Bild.<\/p>\n<p><a class=\"zoom\" href=\"\/shop\/media\/Inhalt3_2014-1-2.png\"><img loading=\"lazy\" decoding=\"async\" class=\"alignnone img-responsive size-inhaltsverzeichnis wp-image-32372\" src=\"\/shop\/media\/Inhalt3_2014-1-2-700x445.png\" alt=\"Inhalt3_2014-1-2\" width=\"700\" height=\"445\" srcset=\"https:\/\/www.handmadekultur.de\/shop\/media\/Inhalt3_2014-1-2-700x445.png 700w, https:\/\/www.handmadekultur.de\/shop\/media\/Inhalt3_2014-1-2-416x265.png 416w, https:\/\/www.handmadekultur.de\/shop\/media\/Inhalt3_2014-1-2-150x95.png 150w, https:\/\/www.handmadekultur.de\/shop\/media\/Inhalt3_2014-1-2-300x191.png 300w, https:\/\/www.handmadekultur.de\/shop\/media\/Inhalt3_2014-1-2-768x489.png 768w, https:\/\/www.handmadekultur.de\/shop\/media\/Inhalt3_2014-1-2-1024x652.png 1024w, https:\/\/www.handmadekultur.de\/shop\/media\/Inhalt3_2014-1-2-36x23.png 36w, https:\/\/www.handmadekultur.de\/shop\/media\/Inhalt3_2014-1-2-220x140.png 220w, https:\/\/www.handmadekultur.de\/shop\/media\/Inhalt3_2014-1-2-400x255.png 400w, https:\/\/www.handmadekultur.de\/shop\/media\/Inhalt3_2014-1-2-32x20.png 32w\" sizes=\"auto, (max-width: 700px) 100vw, 700px\" \/><\/a><\/p>\n<h3>und sonst noch:<\/h3>\n<p>Deutschlands Kleing\u00e4rnter sagen: &#8222;Wir sind die Schreber!&#8220;, buddeln sich durch st\u00e4dtische Brachen und lassen sich von unserem Fotografen Dirk Eisermann ablichten. Palmette, Rhomben, Spiralen? Ja, das sind geometrische Formen, die zusammengesetzt, abgefahrere Ornamente ergeben k\u00f6nnen. Das wussten schon die H\u00f6hlenmenschen, die dem Ganzen kein Ende, sondern einen Anfang setzten. Joanna Klyz-Hackbarth wei\u00df da mehr.<\/p>\n<p>Wer beim Toiletten-Papier kaufen rot wird (doch, so etwas gibt es!), der sollte sich unbedingt Thordis DIY-Kolumne antun, denn sie nennt gute Gr\u00fcnde, die alles nur noch halb so schlimm erscheinen lassen.<\/p>\n<p>Judith guckt derweil bei einer M\u00fcnchner Modistenwerkstatt ein. Wer&#8217;s noch nicht gewusst hat, das sind die Hutmacher. Doch, das kann man noch lernen, mit Gesellenbrief und allem drum und dran.<\/p>\n<p>Schnuppe von Gwinner ist unterwegs gewesen in Britannien. Dort traf sie Andy Hazell, der sie durch seinen gigantischen Fuhrpark f\u00fchrte. Und nicht nur das.<\/p>\n<p>Stefanie Mixa hat ganz viele Menschen getroffen, die beides haben: einen Blog und einen Shop. Wie sich beides optimal verkn\u00fcfen l\u00e4sst, davon berichten sie. Vielleicht k\u00f6nnt ihr euch da ja was abgucken!<\/p>\n<p>Schwester Teresa zeigt ihre gestickten Bilder und Gioia entdeckt f\u00fcr uns ihre Heimat neu: Handmade Venedig!<\/p>\n<p>Viel Spa\u00df mit unserer neuen Ausgabe w\u00fcnscht euch<br \/>\ndas HANDMADE Kultur Team<\/p>\n","protected":false},"excerpt":{"rendered":"<p><b>Rock<\/b> in zwei L\u00e4ngen mit Schnittmuster zum Download. STRICKEN: Jacke mit Kapuze und Zipper. Wie kuschlig!<\/p>\n","protected":false},"featured_media":31510,"comment_status":"open","ping_status":"open","template":"","meta":[],"product_brand":[],"product_cat":[17],"product_tag":[],"class_list":{"0":"post-31188","1":"product","2":"type-product","3":"status-publish","4":"has-post-thumbnail","6":"product_cat-einzelheft","8":"first","9":"instock","10":"taxable","11":"shipping-taxable","12":"product-type-simple"},"_links":{"self":[{"href":"https:\/\/www.handmadekultur.de\/shop\/wp-json\/wp\/v2\/product\/31188","targetHints":{"allow":["GET"]}}],"collection":[{"href":"https:\/\/www.handmadekultur.de\/shop\/wp-json\/wp\/v2\/product"}],"about":[{"href":"https:\/\/www.handmadekultur.de\/shop\/wp-json\/wp\/v2\/types\/product"}],"replies":[{"embeddable":true,"href":"https:\/\/www.handmadekultur.de\/shop\/wp-json\/wp\/v2\/comments?post=31188"}],"wp:featuredmedia":[{"embeddable":true,"href":"https:\/\/www.handmadekultur.de\/shop\/wp-json\/wp\/v2\/media\/31510"}],"wp:attachment":[{"href":"https:\/\/www.handmadekultur.de\/shop\/wp-json\/wp\/v2\/media?parent=31188"}],"wp:term":[{"taxonomy":"product_brand","embeddable":true,"href":"https:\/\/www.handmadekultur.de\/shop\/wp-json\/wp\/v2\/product_brand?post=31188"},{"taxonomy":"product_cat","embeddable":true,"href":"https:\/\/www.handmadekultur.de\/shop\/wp-json\/wp\/v2\/product_cat?post=31188"},{"taxonomy":"product_tag","embeddable":true,"href":"https:\/\/www.handmadekultur.de\/shop\/wp-json\/wp\/v2\/product_tag?post=31188"}],"curies":[{"name":"wp","href":"https:\/\/api.w.org\/{rel}","templated":true}]}}