{"id":32611,"date":"2014-10-14T21:31:59","date_gmt":"2014-10-14T19:31:59","guid":{"rendered":"http:\/\/www.handmadekultur.de\/shop\/?post_type=product&#038;p=32611"},"modified":"2022-09-16T16:50:41","modified_gmt":"2022-09-16T14:50:41","slug":"handmade-kultur-magazin-042014","status":"publish","type":"product","link":"https:\/\/www.handmadekultur.de\/shop\/produkt\/handmade-kultur-magazin-042014","title":{"rendered":"Handmade Kultur Magazin 04\/2014"},"content":{"rendered":"<p><b>PR\u00c4SENT PERFEKT<\/b><br \/>\nDie neue HANDMADE Kultur rockt die hei\u00dfesten Ideen zum Fest.<\/p>\n<h3>Mit 21 Anleitungen zum Selbermachen:<\/h3>\n<p><b>\/\/ N\u00c4HEN<\/b><br \/>\n1. Wilder Winter. Der Tiger-<strong>Muff<\/strong> zum Warmhalten.<br \/>\n2. Casual de luxe. Die l\u00e4ssige <strong>Hose<\/strong> zum Business.<br \/>\n3. Verfilzt und zugen\u00e4ht. Der <strong>Shopper<\/strong> aus verfilzten Klamotten.<br \/>\n4. Verschlusssache. Das <strong>Etui<\/strong> f\u00fcr kleine und gro\u00dfe Dinge.<br \/>\n5. Es ist Waschtag! Ein <strong>W\u00e4schesack<\/strong> im XXL-Format.<br \/>\n6. Cathedral Window. Ein <strong>Patchwork-Kissen<\/strong> f\u00fcr Fortgeschrittene.<br \/>\n7. Landstreicher. Eine <strong>Umh\u00e4ngetasche<\/strong> mit Materialkit zum Bestellen.<br \/>\n8. Madame Noir. Pullover oder <strong>Minikleid<\/strong>. Entscheide du!<\/p>\n<p><b>\/\/ PAPIER<\/b><br \/>\n9. <strong>Kalendarium<\/strong>. Ein Abrei\u00dfkalender mit Designvorlage zum Ausdrucken.<br \/>\n10. Oh Deer. Ein <strong>Adventspuzzle<\/strong>.<br \/>\n11. Geschenkverpackung aus Packpapier.<\/p>\n<p><b>\/\/ WOLLE<\/b><br \/>\n12 Partnerlook. Die <strong>Longbeanie<\/strong> zum H\u00e4keln.<br \/>\n13. Orange is the new scarf. Ein <strong>Strickschal<\/strong>.<br \/>\n14. Voll \u00fcberzogen. Der B\u00fcrostuhl bekommt einen geh\u00e4kelten <strong>Bezug<\/strong>.<br \/>\n15. <strong>Handschmeichler<\/strong>. Handtuch und Sp\u00fcllappen aus Baumwollleinen.<\/p>\n<p><b>\/\/ DIY<\/b><br \/>\n16. S\u00fc\u00dfe bestempelte <strong>Geschenkanh\u00e4nger<\/strong> aus Fimo.<br \/>\n17. B\u00fcrobedarf. <strong>Schmuck<\/strong> aus Tape.<\/p>\n<p><b>\/\/ WOHNEN<\/b><br \/>\n18. I heart Metal. Ein besticktes <strong>Tablet<\/strong>.<br \/>\n19. Musterhaft. Ein <strong>Schubladenschr\u00e4nkchen<\/strong> schabloniert.<br \/>\n20. <strong>Verstauwunder<\/strong>. Ein DIY-Mobel f\u00fcr N\u00e4hmaschine &amp; Consorten.<\/p>\n<p><b>\/\/ BIERBRAUEN<\/b><br \/>\n21. K\u00fchle Blonde. Ein <strong>Ale<\/strong> zum Selberbrauen.<\/p>\n<p><!--more--><\/p>\n<h3>Inhaltsverzeichnis<\/h3>\n<p>Und noch vieles mehr. Fahre mit der Maus \u00fcber das Inhaltsverzeichnis und zoome dich so ins Bild.<\/p>\n<p><a class=\"zoom\" href=\"\/shop\/media\/Inhalt_web-51.jpg\"><img decoding=\"async\" class=\"alignnone wp-image-32622 size-inhaltsverzeichnis\" src=\"\/shop\/media\/Inhalt_web-51-700x445.jpg\" alt=\"Inhalt_web-5\" width=\"100%\" \/><\/a><\/p>\n","protected":false},"excerpt":{"rendered":"<p>Das neue Magazin mit 21 ausf\u00fchrlichen DIY Anleitungen zum Selbermachen,<\/p>\n","protected":false},"featured_media":32623,"comment_status":"open","ping_status":"open","template":"","meta":[],"product_brand":[],"product_cat":[17],"product_tag":[],"class_list":{"0":"post-32611","1":"product","2":"type-product","3":"status-publish","4":"has-post-thumbnail","6":"product_cat-einzelheft","8":"first","9":"instock","10":"taxable","11":"shipping-taxable","12":"product-type-simple"},"_links":{"self":[{"href":"https:\/\/www.handmadekultur.de\/shop\/wp-json\/wp\/v2\/product\/32611","targetHints":{"allow":["GET"]}}],"collection":[{"href":"https:\/\/www.handmadekultur.de\/shop\/wp-json\/wp\/v2\/product"}],"about":[{"href":"https:\/\/www.handmadekultur.de\/shop\/wp-json\/wp\/v2\/types\/product"}],"replies":[{"embeddable":true,"href":"https:\/\/www.handmadekultur.de\/shop\/wp-json\/wp\/v2\/comments?post=32611"}],"wp:featuredmedia":[{"embeddable":true,"href":"https:\/\/www.handmadekultur.de\/shop\/wp-json\/wp\/v2\/media\/32623"}],"wp:attachment":[{"href":"https:\/\/www.handmadekultur.de\/shop\/wp-json\/wp\/v2\/media?parent=32611"}],"wp:term":[{"taxonomy":"product_brand","embeddable":true,"href":"https:\/\/www.handmadekultur.de\/shop\/wp-json\/wp\/v2\/product_brand?post=32611"},{"taxonomy":"product_cat","embeddable":true,"href":"https:\/\/www.handmadekultur.de\/shop\/wp-json\/wp\/v2\/product_cat?post=32611"},{"taxonomy":"product_tag","embeddable":true,"href":"https:\/\/www.handmadekultur.de\/shop\/wp-json\/wp\/v2\/product_tag?post=32611"}],"curies":[{"name":"wp","href":"https:\/\/api.w.org\/{rel}","templated":true}]}}