{"id":34458,"date":"2015-01-16T23:19:34","date_gmt":"2015-01-16T22:19:34","guid":{"rendered":"http:\/\/www.handmadekultur.de\/shop\/?post_type=product&#038;p=34458"},"modified":"2026-04-26T11:03:56","modified_gmt":"2026-04-26T09:03:56","slug":"handmade-kultur-magazin-012015","status":"publish","type":"product","link":"https:\/\/www.handmadekultur.de\/shop\/produkt\/handmade-kultur-magazin-012015","title":{"rendered":"Handmade Kultur Magazin 01\/2015"},"content":{"rendered":"<p><strong>Wild Thing!<\/strong><br \/>\nDas neue Magazin \u2013 mit den wildesten Ideen f\u00fcr Wind &amp; Wetter!<\/p>\n<h3>Anleitungen zum Selbermachen:<\/h3>\n<div class=\"content-anleitungen\"><strong>\/\/ N\u00c4HEN<\/strong><br \/>\n1. F\u00fcr drunter und dr\u00fcber: Der l\u00e4ssigste <strong>Parka<\/strong>-Schnitt aller Zeiten! Plus <strong>Cardigan<\/strong> als Futter! Das Ganze gibt&#8217;s auch als <a title=\"N\u00e4hkits\" href=\"\/diy-kits\/\">N\u00e4hkit<\/a> mit allen Materialien zum Bestellen.<br \/>\n2. Sitzt perfekt: Ausrangierte Krawatten werden zum <strong>Sitzpolster<\/strong>.<br \/>\n3. shot, shot, b\u00e4ng: Wir n\u00e4hen eine <strong>Kameratasche<\/strong>!<br \/>\n4. Tetris f\u00fcr unterwegs: Der <strong>Turnbeutel<\/strong> feiert sein Comeback als stylischer <strong>Rucksack<\/strong>.<strong>\/\/ PAPIER<\/strong><br \/>\n5. Jahresr\u00fcckblick: Kein Tagebuch, sondern ein <strong>Monatsbuch<\/strong>. F\u00fcr all deine Erinnerungen!<br \/>\n6. Sternegucker: Mit Thordis&#8216; <strong>Kaleidoskop<\/strong> wirst du auch einer!<\/p>\n<p><strong>\/\/ WOLLE<\/strong><br \/>\n7. Golden Join: Polynoir schenkt uns ein schlichten <strong>Strickpulli<\/strong> mit Kettennaht. Sehr cool!<br \/>\n8. Nat\u00fcrlich bunt: Valerie f\u00e4rbt Naturwolle mit <strong>Pflanzenfarbe<\/strong>. Leuchtend!<br \/>\n9. <strong>Freundschaftsb\u00e4nder<\/strong> erhalten die Freundschaft! Caro findet Loombands doof und entdeckt f\u00fcr uns den <strong>Kn\u00fcpfstern<\/strong> neu. Jawoll!<br \/>\n10. Smokey Ei. Sch\u00f6nes <strong>Armband<\/strong>. Geh\u00e4kelt!<\/p>\n<p><strong>\/\/ DIY<\/strong><br \/>\n11. Ikosaeder. Johanna konsturiert das Zwanzigeck aus Trinkhalmen. Es wird ein <strong>Lampenschirm<\/strong>!<\/p>\n<p><strong>\/\/ WOHNEN<\/strong><br \/>\n12. Janne baut f\u00fcr seine Jungs einen <strong>Arbeitstisch<\/strong>, der Werkbank und Zeichentisch in einem ist. Nachmachen erw\u00fcnscht!<\/p>\n<\/div>\n<p><!--more--><\/p>\n<h3>INHALTSVERZEICHNIS<\/h3>\n<div class=\"content-inhaltsverzeichnis\">Und noch vieles mehr. Fahre mit der Maus \u00fcber das Inhaltsverzeichnis und zoome dich so ins Bild:<br \/>\n<a class=\"zoom\" href=\"\/shop\/media\/Inhalt_Heft1_2015.png\"><img loading=\"lazy\" decoding=\"async\" class=\"alignnone wp-image-34464 size-inhaltsverzeichnis\" src=\"\/shop\/media\/Inhalt_Heft1_2015-700x435.png\" alt=\"Inhalt_Heft1_2015\" width=\"700\" height=\"435\" srcset=\"https:\/\/www.handmadekultur.de\/shop\/media\/Inhalt_Heft1_2015-700x435.png 700w, https:\/\/www.handmadekultur.de\/shop\/media\/Inhalt_Heft1_2015-416x259.png 416w, https:\/\/www.handmadekultur.de\/shop\/media\/Inhalt_Heft1_2015-150x93.png 150w, https:\/\/www.handmadekultur.de\/shop\/media\/Inhalt_Heft1_2015-300x187.png 300w, https:\/\/www.handmadekultur.de\/shop\/media\/Inhalt_Heft1_2015-768x478.png 768w, https:\/\/www.handmadekultur.de\/shop\/media\/Inhalt_Heft1_2015-1024x637.png 1024w, https:\/\/www.handmadekultur.de\/shop\/media\/Inhalt_Heft1_2015-36x22.png 36w, https:\/\/www.handmadekultur.de\/shop\/media\/Inhalt_Heft1_2015-220x137.png 220w, https:\/\/www.handmadekultur.de\/shop\/media\/Inhalt_Heft1_2015-400x249.png 400w, https:\/\/www.handmadekultur.de\/shop\/media\/Inhalt_Heft1_2015-32x20.png 32w, https:\/\/www.handmadekultur.de\/shop\/media\/Inhalt_Heft1_2015.png 1275w\" sizes=\"auto, (max-width: 700px) 100vw, 700px\" \/><\/a><\/div>\n","protected":false},"excerpt":{"rendered":"<p>Die neuste Ausgabe mit 4 N\u00e4hanleitungen, darunter ein <b>Parka<\/b> und ein stylischer <b>Turnbeutelrucksack<\/b> aus Gobelin und Leder. Au\u00dferdem: DIYs aus Wolle, Papier und Holz. <\/p>\n","protected":false},"featured_media":34465,"comment_status":"open","ping_status":"open","template":"","meta":[],"product_brand":[],"product_cat":[17],"product_tag":[],"class_list":{"0":"post-34458","1":"product","2":"type-product","3":"status-publish","4":"has-post-thumbnail","6":"product_cat-einzelheft","8":"first","9":"instock","10":"taxable","11":"shipping-taxable","12":"product-type-simple"},"_links":{"self":[{"href":"https:\/\/www.handmadekultur.de\/shop\/wp-json\/wp\/v2\/product\/34458","targetHints":{"allow":["GET"]}}],"collection":[{"href":"https:\/\/www.handmadekultur.de\/shop\/wp-json\/wp\/v2\/product"}],"about":[{"href":"https:\/\/www.handmadekultur.de\/shop\/wp-json\/wp\/v2\/types\/product"}],"replies":[{"embeddable":true,"href":"https:\/\/www.handmadekultur.de\/shop\/wp-json\/wp\/v2\/comments?post=34458"}],"wp:featuredmedia":[{"embeddable":true,"href":"https:\/\/www.handmadekultur.de\/shop\/wp-json\/wp\/v2\/media\/34465"}],"wp:attachment":[{"href":"https:\/\/www.handmadekultur.de\/shop\/wp-json\/wp\/v2\/media?parent=34458"}],"wp:term":[{"taxonomy":"product_brand","embeddable":true,"href":"https:\/\/www.handmadekultur.de\/shop\/wp-json\/wp\/v2\/product_brand?post=34458"},{"taxonomy":"product_cat","embeddable":true,"href":"https:\/\/www.handmadekultur.de\/shop\/wp-json\/wp\/v2\/product_cat?post=34458"},{"taxonomy":"product_tag","embeddable":true,"href":"https:\/\/www.handmadekultur.de\/shop\/wp-json\/wp\/v2\/product_tag?post=34458"}],"curies":[{"name":"wp","href":"https:\/\/api.w.org\/{rel}","templated":true}]}}