{"id":35410,"date":"2015-04-09T23:06:49","date_gmt":"2015-04-09T21:06:49","guid":{"rendered":"http:\/\/www.handmadekultur.de\/shop\/?post_type=product&#038;p=35410"},"modified":"2022-09-16T17:06:29","modified_gmt":"2022-09-16T15:06:29","slug":"handmade-kultur-magazin-022015","status":"publish","type":"product","link":"https:\/\/www.handmadekultur.de\/shop\/produkt\/handmade-kultur-magazin-022015","title":{"rendered":"Handmade Kultur Magazin 02\/2015"},"content":{"rendered":"<h3>Mit 15 Anleitungen zum Selbermachen:<\/h3>\n<p><strong>\/\/ N\u00c4HEN<\/strong><br \/>\n1. Querstreifer. Ein Longsleeve zum Selbern\u00e4hen. Mit Schnittmuster zum Download<br \/>\n2. Hei\u00dfer Sommer. Die bequemste Sarihose der Welt. Mit Schnittmuster<br \/>\n3. Lastertasche. Ein Tabakt\u00e4schchen f\u00fcr das kleine Laster. Mit Schnittmuster<\/p>\n<p><strong>\/\/ WOHNEN &#038; WOHNACCESSOIRES<\/strong><br \/>\n4. Nesth\u00e4kchen. Ein Tablet aus Hasendraht<br \/>\n5. Plattenbau. Tischplatten mit Linoleum beziehen<br \/>\n6. Spiegelei. Rundspiegel im Riemenrahmen<br \/>\n7. grau wei\u00df attit\u00fcde. Baldachin &#038; Co. aus Fimo<br \/>\n8. Vorhang auf! 6 Vorhangideen f\u00fcr dein Zuhause<\/p>\n<p><strong>\/\/ DIE BAUM\u00c4RKTIN<\/strong><br \/>\n9. Licht marsch! Schreibtischlampe aus Wasserrohren<\/p>\n<p><strong>\/\/ M\u00d6BEL<\/strong><br \/>\n10. Homeoffice. Sekret\u00e4r zum Selberbauen<\/p>\n<p><strong>\/\/ PAPIER<\/strong><br \/>\n11. Soloauftritt. Vasenkuverts aus Papier<br \/>\n12. Total verdreht. Garn aus Papier selbermachen<\/p>\n<p><strong>\/\/ BACKEN<\/strong><br \/>\n13. Teatime in Taiwan. Der Earl Grey Cheesecake<\/p>\n<p><strong>\/\/ TASCHE<\/strong><br \/>\n14. FUNKY SUMMERTIME. Eine Clutch aus Perlen<\/p>\n<p><strong>\/\/ H\u00c4KELN<\/strong><br \/>\n15. Bikini. Dessous aus H\u00e4kelblumen<\/p>\n<p><!--more--><\/p>\n<div class=\"text-variante1\">Dumdidumdidum. Es wird Sommer! Auch in uns. Und deswegen legen wir los mit der luftig-leichten Sarihose f\u00fcr Stadtpark, Strand und hei\u00dfe Tage im B\u00fcro. Aus hauchd\u00fcnner Seide, easypeasy f\u00fcr N\u00e4hanf\u00e4ngerinnen und in flotten 30 Minuten ma\u00dfgeschneidert und ankleidefertig. Habt ihr Lust? Das Schnittmuster findet ihr im Magazin in den Gr\u00f6\u00dfen S, M, L und XL.<img loading=\"lazy\" decoding=\"async\" class=\"alignnone size-full wp-image-35863\" src=\"\/shop\/media\/Hose_Multipic.png\" alt=\"Sarihose mit Schnittmuster\" width=\"700\" height=\"380\" srcset=\"https:\/\/www.handmadekultur.de\/shop\/media\/Hose_Multipic.png 700w, https:\/\/www.handmadekultur.de\/shop\/media\/Hose_Multipic-416x226.png 416w, https:\/\/www.handmadekultur.de\/shop\/media\/Hose_Multipic-150x81.png 150w, https:\/\/www.handmadekultur.de\/shop\/media\/Hose_Multipic-300x163.png 300w, https:\/\/www.handmadekultur.de\/shop\/media\/Hose_Multipic-36x20.png 36w, https:\/\/www.handmadekultur.de\/shop\/media\/Hose_Multipic-220x119.png 220w, https:\/\/www.handmadekultur.de\/shop\/media\/Hose_Multipic-400x217.png 400w, https:\/\/www.handmadekultur.de\/shop\/media\/Hose_Multipic-32x17.png 32w\" sizes=\"auto, (max-width: 700px) 100vw, 700px\" \/><\/p>\n<p>Shibori ist gerade schwer im Kommen! Was das ist? Eine ganz alte F\u00e4rbetechnik aus Japan. Nat\u00fcrlich sagen wir euch, wie das Ganze funktioniert und was ihr damit alles machen k\u00f6nnt.<\/p>\n<p>Jana, unsere Fotografin, hat ein Kuchenrezept aus Taiwan mitgebracht. Mit Earl Grey! Wir finden, das ist echt mal was Neues in der Sweet Bakery und haben es sofort ausprobiert. Sehr lecker!<\/p>\n<\/div>\n<p>Und der ganze Rest? Schaut doch einfach selbst. Wir garantieren euch Inspiration satt, ne Menge Lesestoff und viele Projekte zum Nacharbeiten. Viel Spa\u00df!<\/p>\n<h3>Inhaltsverzeichnis<\/h3>\n<p>Fahre mit der Maus \u00fcber das Inhaltsverzeichnis und zoome dich so ins Bild:<\/p>\n<p><a class=\"zoom\" href=\"\/shop\/media\/Inhalt_2015_02_zoom.jpg\"><img decoding=\"async\" class=\"alignnone size-inhaltsverzeichnis wp-image-35431\" src=\"\/shop\/media\/Inhalt_2015_02_zoom-700x445.jpg\" alt=\"Inhalt_2015_02_zoom\" width=\"100%\" \/><\/a><\/p>\n","protected":false},"excerpt":{"rendered":"<p>Die luftig-leichte Sarihose f\u00fcr Jedefrau und noch weitere 14 Anleitungen zum Selbermachen.<\/p>\n","protected":false},"featured_media":35427,"comment_status":"open","ping_status":"closed","template":"","meta":[],"product_brand":[],"product_cat":[17],"product_tag":[],"class_list":{"0":"post-35410","1":"product","2":"type-product","3":"status-publish","4":"has-post-thumbnail","6":"product_cat-einzelheft","8":"first","9":"instock","10":"taxable","11":"shipping-taxable","12":"product-type-simple"},"_links":{"self":[{"href":"https:\/\/www.handmadekultur.de\/shop\/wp-json\/wp\/v2\/product\/35410","targetHints":{"allow":["GET"]}}],"collection":[{"href":"https:\/\/www.handmadekultur.de\/shop\/wp-json\/wp\/v2\/product"}],"about":[{"href":"https:\/\/www.handmadekultur.de\/shop\/wp-json\/wp\/v2\/types\/product"}],"replies":[{"embeddable":true,"href":"https:\/\/www.handmadekultur.de\/shop\/wp-json\/wp\/v2\/comments?post=35410"}],"wp:featuredmedia":[{"embeddable":true,"href":"https:\/\/www.handmadekultur.de\/shop\/wp-json\/wp\/v2\/media\/35427"}],"wp:attachment":[{"href":"https:\/\/www.handmadekultur.de\/shop\/wp-json\/wp\/v2\/media?parent=35410"}],"wp:term":[{"taxonomy":"product_brand","embeddable":true,"href":"https:\/\/www.handmadekultur.de\/shop\/wp-json\/wp\/v2\/product_brand?post=35410"},{"taxonomy":"product_cat","embeddable":true,"href":"https:\/\/www.handmadekultur.de\/shop\/wp-json\/wp\/v2\/product_cat?post=35410"},{"taxonomy":"product_tag","embeddable":true,"href":"https:\/\/www.handmadekultur.de\/shop\/wp-json\/wp\/v2\/product_tag?post=35410"}],"curies":[{"name":"wp","href":"https:\/\/api.w.org\/{rel}","templated":true}]}}