{"id":36485,"date":"2015-07-03T12:59:47","date_gmt":"2015-04-09T21:06:49","guid":{"rendered":"http:\/\/www.handmadekultur.de\/shop\/produkt\/handmade-kultur-magazin-022015-2"},"modified":"2016-04-27T20:38:38","modified_gmt":"2016-04-27T18:38:38","slug":"handmade-kultur-magazin-032015","status":"publish","type":"product","link":"https:\/\/www.handmadekultur.de\/shop\/produkt\/handmade-kultur-magazin-032015","title":{"rendered":"Handmade Kultur Magazin 03\/2015"},"content":{"rendered":"<p><strong>NEU! Jetzt 116 Seiten stark.<\/strong><\/p>\n<h3>Anleitungen zum Selbermachen:<\/h3>\n<p><strong>\/\/ N\u00c4HEN<\/strong><br \/>\n1. Starlight Romance. Ein Rock aus T\u00fcll zum Selbern\u00e4hen<br \/>\n2. Weekend mit Weekender. Die Reisetasche zum Selbern\u00e4hen <em>mit Schnittmuster<\/em><br \/>\n3. Misses Sunshine. Espandrilles zum Selbermachen<\/p>\n<p><strong>\/\/ UPCYCLING<\/strong><br \/>\n4. Die Collegejacke aus einem XXL-Herrenhemd<br \/>\n5. Schl\u00fcsselposition. Eine Tasche f\u00fcr Schl\u00fcssel aus einem ausrangierten Lederg\u00fcrtel<br \/>\n6. Die Blumengirlande aus alten Buchseiten<\/p>\n<p><strong>\/\/ DIE BAUM\u00c4RKTIN<\/strong><br \/>\n7. Ein Memobord aus Mausefallen<br \/>\n8. An der Strippe h\u00e4ngen &#8230; Ein Regal zum Selberbauen<\/p>\n<p><strong>\/\/ KINDER<\/strong><br \/>\n9. Oh! Tattoos. Naturtattoos aus Bl\u00fcten<\/p>\n<p><strong>\/\/ SCHMUCK<\/strong><br \/>\n10. Sch\u00f6ne Mutter. Schmuck aus Muttern<\/p>\n<p><strong>\/\/ WOHNEN<\/strong><br \/>\n11. Fliesenfries. Fliesen bestempeln und brennen<\/p>\n<p><!--more--><\/p>\n<p><strong>Must have!<\/strong><br \/>\nLeonie entwarf einen <strong>T\u00fcllrock zum Selberschneidern<\/strong> und Paula trug ihn auf der hei\u00dfesten Meile der Welt zur Schau. Wie ihr euch vorstellen k\u00f6nnt, erntete sie schon in dieser halben Stunde etliche Komplimente! Mit Anleitung zur Schnittmustererstellung f\u00fcr jede Gr\u00f6\u00dfe. Auch als N\u00e4hkit erh\u00e4ltlich!<\/p>\n<p><img loading=\"lazy\" decoding=\"async\" width=\"700\" height=\"409\" class=\"alignnone size-inhaltsverzeichnis wp-image-36835\" style=\"width: 100%;\" src=\"\/shop\/media\/tuellrock_fotos-700x409.jpg\" alt=\"T\u00fcllrock_Fotos\" srcset=\"https:\/\/www.handmadekultur.de\/shop\/media\/tuellrock_fotos-700x409.jpg 700w, https:\/\/www.handmadekultur.de\/shop\/media\/tuellrock_fotos-416x243.jpg 416w, https:\/\/www.handmadekultur.de\/shop\/media\/tuellrock_fotos-150x88.jpg 150w, https:\/\/www.handmadekultur.de\/shop\/media\/tuellrock_fotos-300x175.jpg 300w, https:\/\/www.handmadekultur.de\/shop\/media\/tuellrock_fotos-768x449.jpg 768w, https:\/\/www.handmadekultur.de\/shop\/media\/tuellrock_fotos-1024x599.jpg 1024w, https:\/\/www.handmadekultur.de\/shop\/media\/tuellrock_fotos-36x21.jpg 36w, https:\/\/www.handmadekultur.de\/shop\/media\/tuellrock_fotos-220x129.jpg 220w, https:\/\/www.handmadekultur.de\/shop\/media\/tuellrock_fotos-400x234.jpg 400w, https:\/\/www.handmadekultur.de\/shop\/media\/tuellrock_fotos-32x19.jpg 32w, https:\/\/www.handmadekultur.de\/shop\/media\/tuellrock_fotos.jpg 1300w\" sizes=\"auto, (max-width: 700px) 100vw, 700px\" \/><\/p>\n<hr \/>\n<p><strong style=\"padding-bottom: 6px;\">Da passt richtig was rein!<\/strong><br \/>\nClutch, Shopper, Origami-Dingsda \u2013 mittlerweile haben wir sie alle. Was noch fehlt? Ein <strong>Weekender<\/strong>. Nicht so \u00f6de in Canvas Olive. Etwas Knalliges. Zum Beispiel der hier! <em>Mit <strong>Schnittmuster<\/strong><\/em> und allem Pipapo:<\/p>\n<p><img loading=\"lazy\" decoding=\"async\" width=\"700\" height=\"467\" class=\"alignnone size-inhaltsverzeichnis wp-image-36568\" style=\"width: 100%;\" src=\"\/shop\/media\/weekender-700x467.jpg\" alt=\"Weekender\" srcset=\"https:\/\/www.handmadekultur.de\/shop\/media\/weekender-700x467.jpg 700w, https:\/\/www.handmadekultur.de\/shop\/media\/weekender-416x278.jpg 416w, https:\/\/www.handmadekultur.de\/shop\/media\/weekender-150x100.jpg 150w, https:\/\/www.handmadekultur.de\/shop\/media\/weekender-300x200.jpg 300w, https:\/\/www.handmadekultur.de\/shop\/media\/weekender-768x512.jpg 768w, https:\/\/www.handmadekultur.de\/shop\/media\/weekender-1024x683.jpg 1024w, https:\/\/www.handmadekultur.de\/shop\/media\/weekender-36x24.jpg 36w, https:\/\/www.handmadekultur.de\/shop\/media\/weekender-220x147.jpg 220w, https:\/\/www.handmadekultur.de\/shop\/media\/weekender-400x267.jpg 400w, https:\/\/www.handmadekultur.de\/shop\/media\/weekender-32x21.jpg 32w, https:\/\/www.handmadekultur.de\/shop\/media\/weekender.jpg 1382w\" sizes=\"auto, (max-width: 700px) 100vw, 700px\" \/><\/p>\n<h3>Und sonst noch?<\/h3>\n<p>Wer nur Lust auf Lesen hat, kommt mit uns einfach mit \u2013 nach Eugene, Oakland oder Berlin. Da gibt&#8217;s H\u00e4uslebauer, die machen es eine Nummer kleiner als andere, daf\u00fcr steckt aber echt was drin! Oder wir besuchen Katharine Morling zusammen \u2013 in London. Die macht so abgefahrene Sachen aus Keramik, das habt ihr noch nicht gesehen. Auch die Provinz w\u00e4re eine Alternative, z. B. ein Abend am Feuer im Tipi in der WG von Frieder und den anderen. Am besten, ihr schaut selbst!<\/p>\n<hr \/>\n<h3>Inhaltsverzeichnis<\/h3>\n<p>Fahre mit der Maus \u00fcber das Inhaltsverzeichnis und zoome dich so ins Bild:<\/p>\n<p><a class=\"zoom\" href=\"\/shop\/media\/inhalt.jpg\"><img loading=\"lazy\" decoding=\"async\" width=\"700\" height=\"460\" class=\"alignnone wp-image-36551 size-inhaltsverzeichnis\" style=\"width: 100%;\" src=\"\/shop\/media\/inhalt-700x460.jpg\" alt=\"Magazin Inhaltsverzeichnis\" srcset=\"https:\/\/www.handmadekultur.de\/shop\/media\/inhalt-700x460.jpg 700w, https:\/\/www.handmadekultur.de\/shop\/media\/inhalt-416x273.jpg 416w, https:\/\/www.handmadekultur.de\/shop\/media\/inhalt-150x99.jpg 150w, https:\/\/www.handmadekultur.de\/shop\/media\/inhalt-300x197.jpg 300w, https:\/\/www.handmadekultur.de\/shop\/media\/inhalt-768x505.jpg 768w, https:\/\/www.handmadekultur.de\/shop\/media\/inhalt-1024x673.jpg 1024w, https:\/\/www.handmadekultur.de\/shop\/media\/inhalt-36x24.jpg 36w, https:\/\/www.handmadekultur.de\/shop\/media\/inhalt-220x145.jpg 220w, https:\/\/www.handmadekultur.de\/shop\/media\/inhalt-400x263.jpg 400w, https:\/\/www.handmadekultur.de\/shop\/media\/inhalt-32x21.jpg 32w, https:\/\/www.handmadekultur.de\/shop\/media\/inhalt.jpg 1208w\" sizes=\"auto, (max-width: 700px) 100vw, 700px\" \/><\/a><\/p>\n<p>&nbsp;<\/p>\n<p>Lasst euch inspirieren, unterhalten und genie\u00dft diesen wunderbaren Sommer!<br \/>\nEure D\u00f6rte<\/p>\n","protected":false},"excerpt":{"rendered":"<p><strong>T\u00fcllrock<\/strong> zum Selberschneidern, <strong>Weekender mit Schnittmuster<\/strong> und noch <strong>10 Anleitungen<\/strong> zum Selbermachen!<\/p>\n","protected":false},"featured_media":36493,"comment_status":"open","ping_status":"closed","template":"","meta":[],"product_brand":[],"product_cat":[17],"product_tag":[],"class_list":{"0":"post-36485","1":"product","2":"type-product","3":"status-publish","4":"has-post-thumbnail","6":"product_cat-einzelheft","8":"first","9":"instock","10":"taxable","11":"shipping-taxable","12":"product-type-simple"},"_links":{"self":[{"href":"https:\/\/www.handmadekultur.de\/shop\/wp-json\/wp\/v2\/product\/36485","targetHints":{"allow":["GET"]}}],"collection":[{"href":"https:\/\/www.handmadekultur.de\/shop\/wp-json\/wp\/v2\/product"}],"about":[{"href":"https:\/\/www.handmadekultur.de\/shop\/wp-json\/wp\/v2\/types\/product"}],"replies":[{"embeddable":true,"href":"https:\/\/www.handmadekultur.de\/shop\/wp-json\/wp\/v2\/comments?post=36485"}],"wp:featuredmedia":[{"embeddable":true,"href":"https:\/\/www.handmadekultur.de\/shop\/wp-json\/wp\/v2\/media\/36493"}],"wp:attachment":[{"href":"https:\/\/www.handmadekultur.de\/shop\/wp-json\/wp\/v2\/media?parent=36485"}],"wp:term":[{"taxonomy":"product_brand","embeddable":true,"href":"https:\/\/www.handmadekultur.de\/shop\/wp-json\/wp\/v2\/product_brand?post=36485"},{"taxonomy":"product_cat","embeddable":true,"href":"https:\/\/www.handmadekultur.de\/shop\/wp-json\/wp\/v2\/product_cat?post=36485"},{"taxonomy":"product_tag","embeddable":true,"href":"https:\/\/www.handmadekultur.de\/shop\/wp-json\/wp\/v2\/product_tag?post=36485"}],"curies":[{"name":"wp","href":"https:\/\/api.w.org\/{rel}","templated":true}]}}