{"id":37734,"date":"2015-10-13T23:21:08","date_gmt":"2015-04-09T21:06:49","guid":{"rendered":"http:\/\/www.handmadekultur.de\/shop\/produkt\/handmade-kultur-magazin-032015-2"},"modified":"2016-05-03T19:28:38","modified_gmt":"2016-05-03T17:28:38","slug":"handmade-kultur-magazin-042015","status":"publish","type":"product","link":"https:\/\/www.handmadekultur.de\/shop\/produkt\/handmade-kultur-magazin-042015","title":{"rendered":"Handmade Kultur Magazin 04\/2015"},"content":{"rendered":"<p><strong>NEU! Jetzt 116 Seiten stark. Mit mehr als 30 Geschenkideen zum Selbermachen f\u00fcr Weihnachten. Mit Schnittmustern, Bastelvorlagen und allem Drum und Dran zum Loslegen.<\/strong><\/p>\n<h3>Anleitungen zum Selbermachen:<\/h3>\n<p>\/\/N\u00c4HEN<br \/>\n1. Das ist Annie. Das <strong>Koffert\u00e4schchen<\/strong> zum Selbern\u00e4hen. <em>Mit Schnittmuster<\/em><br \/>\n2. Was bin ich? Ein <strong>Hoodie-Schal<\/strong> zum Selbern\u00e4hen. <em>Mit Schnittmuster<\/em><br \/>\n3. Miss Jacky Coat. <strong>Kurzmantel<\/strong> zum Selbern\u00e4hen. <em>Mit Schnittmuster<\/em> zum kostenlosen <a href=\"\/schnittmuster\/kurzmantel-schnittmuster\" target=\"_blank\">Download<\/a> oder zum <a href=\"\/shop\/magazin-handmade-kultur#tabs-5\" target=\"_blank\">Bestellen<\/a><br \/>\n4. Achtung, jetzt komme ich! <strong>Warnsch\u00e4rpe f\u00fcr Radler<\/strong> zum Selbern\u00e4hen. <em>Mit Schnittmuster<\/em><\/p>\n<p>\/\/PAPIER<br \/>\n5. Bitte notieren! <strong>Notizhefte<\/strong> selbst gen\u00e4ht<br \/>\n6. Gr\u00fc\u00dfe aus dem All. <strong>Weihnachtssterne<\/strong> aus Papier. Mit Schablone<br \/>\n7. Nichts f\u00fcr Teetassen. <strong>Einladungskarte<\/strong> im Teetassen-Format. Mit Schablone<\/p>\n<p>\/\/K\u00dcCHE<br \/>\n8. Welcome to my Chocolate Wonderland. <strong>Bruchschokolade<\/strong> selbst gemacht<\/p>\n<p>\/\/SCHMUCK<br \/>\n9. Gekreuzt gef\u00e4delt. <strong>Armband<\/strong>schmuck<\/p>\n<p>\/\/DEKO &amp; BASTELN<br \/>\n10. Tr\u00e4um was Sch\u00f6nes! <strong>Stoffstempel<\/strong> selber machen<br \/>\n11. T\u00fcddel &amp; L\u00fctt. <strong>Kranzgebinde<\/strong> mit Tierfigur<br \/>\n12. Das Holtonhaus. Ein <strong>Utensilo<\/strong> aus Beton &amp; Holz<br \/>\n13. Strohdiamanten. <strong>Baumschmuck<\/strong> aus Strohhalmen. Das Kinderprojekt<br \/>\n14. Fest der Kn\u00f6pfe. Selbst gemachte <strong>Kn\u00f6pfe <\/strong><\/p>\n<p>\/\/WOLLE<br \/>\n15. Fr\u00e4ulein Selbstgemacht lernt stricken. <strong>Strickkurs<\/strong> f\u00fcr absolute Beginner<br \/>\n16. W\u00e4rmel. Ein alter Norweger-Pullover wird ein <strong>W\u00e4rmflaschenbezug<\/strong><\/p>\n<p><!--more--><\/p>\n<p>Jetzt gibt&#8217;s was auf die Ohren!<br \/>\nDamit uns in den kommenden Monaten nicht kalt wird, hat uns wishproject aus Gotha einen <em><strong>Hoodie<\/strong><\/em> geschenkt. Zum Selbern\u00e4hen, Selbertragen und Verschenken. Mit <strong><em>Schnittmuster im Magazin<\/em><\/strong> \u2013 und so <em>einfach<\/em>, dass sich selbst N\u00e4hanf\u00e4ngerinnen da ranwagen k\u00f6nnen:<\/p>\n<p><img loading=\"lazy\" decoding=\"async\" class=\"alignnone size-inhaltsverzeichnis wp-image-37774\" src=\"\/shop\/media\/hoodie_multipic-700x278.png\" alt=\"Hoodie mit Schnittmuster\" width=\"700\" height=\"278\" srcset=\"https:\/\/www.handmadekultur.de\/shop\/media\/hoodie_multipic-700x278.png 700w, https:\/\/www.handmadekultur.de\/shop\/media\/hoodie_multipic-416x165.png 416w, https:\/\/www.handmadekultur.de\/shop\/media\/hoodie_multipic-150x60.png 150w, https:\/\/www.handmadekultur.de\/shop\/media\/hoodie_multipic-300x119.png 300w, https:\/\/www.handmadekultur.de\/shop\/media\/hoodie_multipic-768x305.png 768w, https:\/\/www.handmadekultur.de\/shop\/media\/hoodie_multipic-1024x407.png 1024w, https:\/\/www.handmadekultur.de\/shop\/media\/hoodie_multipic-36x14.png 36w, https:\/\/www.handmadekultur.de\/shop\/media\/hoodie_multipic-220x87.png 220w, https:\/\/www.handmadekultur.de\/shop\/media\/hoodie_multipic-400x159.png 400w, https:\/\/www.handmadekultur.de\/shop\/media\/hoodie_multipic-32x13.png 32w, https:\/\/www.handmadekultur.de\/shop\/media\/hoodie_multipic.png 1178w\" sizes=\"auto, (max-width: 700px) 100vw, 700px\" \/><\/p>\n<hr \/>\n<p><strong>Noch mehr Geschenke!<\/strong><\/p>\n<p>Valerie bastelt Weihnachtssterne und Zuckerstangen-Kn\u00f6pfe. Und elf 19 kleine Notizb\u00fccher. Aus einem Norwegerpulli, der leider zu hei\u00df gewaschen wurde, macht Sabine einen W\u00e4rmflaschenbezug. Zuckerimsalz zeigt uns, wie man Bruchschoki selbst macht. K\u00f6stlich! Christine gibt einen Strickkurs f\u00fcr Leute, die&#8217;s noch gar nicht k\u00f6nnen. Was dabei herauskommen soll? Eine Decke zum Einkuscheln zum Beispiel. Thordis dekoriert den Kranz &#8222;Zum pinken Hirsch&#8220;, der nat\u00fcrlich auch mit weniger Leuchtfarbe an eurer Wand wirkt.<\/p>\n<p><img loading=\"lazy\" decoding=\"async\" class=\"alignnone size-inhaltsverzeichnis wp-image-37841\" src=\"\/shop\/media\/multipic_03-700x250.png\" alt=\"Multipic_03\" width=\"700\" height=\"250\" srcset=\"https:\/\/www.handmadekultur.de\/shop\/media\/multipic_03.png 700w, https:\/\/www.handmadekultur.de\/shop\/media\/multipic_03-416x149.png 416w, https:\/\/www.handmadekultur.de\/shop\/media\/multipic_03-150x54.png 150w, https:\/\/www.handmadekultur.de\/shop\/media\/multipic_03-300x107.png 300w, https:\/\/www.handmadekultur.de\/shop\/media\/multipic_03-36x13.png 36w, https:\/\/www.handmadekultur.de\/shop\/media\/multipic_03-220x79.png 220w, https:\/\/www.handmadekultur.de\/shop\/media\/multipic_03-400x143.png 400w, https:\/\/www.handmadekultur.de\/shop\/media\/multipic_03-32x11.png 32w\" sizes=\"auto, (max-width: 700px) 100vw, 700px\" \/><\/p>\n<hr \/>\n<p><strong>Schlicht und ergreifend!<\/strong><br \/>\nKragenlose M\u00e4ntel sind gerade TOTAL angesagt. Deswegen hat HANDMADE Kultur zusammen mit stoffe.de einen <strong>Kurzmantel zum Selberschneidern<\/strong> entwickelt. Mit <em><strong>Schnittmuster zum Download<\/strong><\/em> f\u00fcr jede Gr\u00f6\u00dfe. Auch als <em><strong>N\u00e4hkit<\/strong><\/em> erh\u00e4ltlich!<\/p>\n<p><img loading=\"lazy\" decoding=\"async\" class=\"alignnone size-inhaltsverzeichnis wp-image-37772\" src=\"\/shop\/media\/shopmantel-700x350.jpg\" alt=\"Mantel mit Schnittmuster\" width=\"700\" height=\"350\" srcset=\"https:\/\/www.handmadekultur.de\/shop\/media\/shopmantel-700x350.jpg 700w, https:\/\/www.handmadekultur.de\/shop\/media\/shopmantel-416x208.jpg 416w, https:\/\/www.handmadekultur.de\/shop\/media\/shopmantel-150x75.jpg 150w, https:\/\/www.handmadekultur.de\/shop\/media\/shopmantel-300x150.jpg 300w, https:\/\/www.handmadekultur.de\/shop\/media\/shopmantel-768x384.jpg 768w, https:\/\/www.handmadekultur.de\/shop\/media\/shopmantel-1024x512.jpg 1024w, https:\/\/www.handmadekultur.de\/shop\/media\/shopmantel-36x18.jpg 36w, https:\/\/www.handmadekultur.de\/shop\/media\/shopmantel-220x110.jpg 220w, https:\/\/www.handmadekultur.de\/shop\/media\/shopmantel-400x200.jpg 400w, https:\/\/www.handmadekultur.de\/shop\/media\/shopmantel-32x16.jpg 32w, https:\/\/www.handmadekultur.de\/shop\/media\/shopmantel.jpg 1200w\" sizes=\"auto, (max-width: 700px) 100vw, 700px\" \/><\/p>\n<h3>Und sonst noch?<\/h3>\n<p>Fahre mit der Maus \u00fcber das Inhaltsverzeichnis und zoome dich so ins Bild:<\/p>\n<p><a class=\"zoom\" href=\"\/shop\/media\/inhaltsverzeichnis-hkv-04-2015.jpeg\"><img loading=\"lazy\" decoding=\"async\" class=\"alignnone size-inhaltsverzeichnis wp-image-37776\" src=\"\/shop\/media\/inhaltsverzeichnis-hkv-04-2015-700x442.jpeg\" alt=\"Inhaltsverzeichnis HKV 04\/2015\" width=\"700\" height=\"442\" srcset=\"https:\/\/www.handmadekultur.de\/shop\/media\/inhaltsverzeichnis-hkv-04-2015-700x442.jpeg 700w, https:\/\/www.handmadekultur.de\/shop\/media\/inhaltsverzeichnis-hkv-04-2015-416x263.jpeg 416w, https:\/\/www.handmadekultur.de\/shop\/media\/inhaltsverzeichnis-hkv-04-2015-150x95.jpeg 150w, https:\/\/www.handmadekultur.de\/shop\/media\/inhaltsverzeichnis-hkv-04-2015-300x190.jpeg 300w, https:\/\/www.handmadekultur.de\/shop\/media\/inhaltsverzeichnis-hkv-04-2015-768x485.jpeg 768w, https:\/\/www.handmadekultur.de\/shop\/media\/inhaltsverzeichnis-hkv-04-2015-1024x647.jpeg 1024w, https:\/\/www.handmadekultur.de\/shop\/media\/inhaltsverzeichnis-hkv-04-2015-36x23.jpeg 36w, https:\/\/www.handmadekultur.de\/shop\/media\/inhaltsverzeichnis-hkv-04-2015-220x139.jpeg 220w, https:\/\/www.handmadekultur.de\/shop\/media\/inhaltsverzeichnis-hkv-04-2015-400x253.jpeg 400w, https:\/\/www.handmadekultur.de\/shop\/media\/inhaltsverzeichnis-hkv-04-2015-32x20.jpeg 32w, https:\/\/www.handmadekultur.de\/shop\/media\/inhaltsverzeichnis-hkv-04-2015.jpeg 1247w\" sizes=\"auto, (max-width: 700px) 100vw, 700px\" \/><\/a><\/p>\n<p>Wir fassen zusammen: Selbstgemachtes ist der Renner. Rechtzeitig anfangen unvermeidlich. Mehr Spa\u00df macht es zusammen. Ideen? Einfach reinschauen!<br \/>\nGenie\u00dft diese wunderbare Zeit \u2013<br \/>\nEure D\u00f6rte<\/p>\n","protected":false},"excerpt":{"rendered":"<p>Mit mehr als <strong>30 Geschenkideen zu Weihnachten<\/strong>: darunter ein <strong>Hoodie<\/strong> zum Selbern\u00e4hen, eine Koffertasche, Kn\u00f6pfe, <strong>Schoki<\/strong>, Dioramen, <strong>Sterne<\/strong>, Notizb\u00fccher u.v.m.<\/p>\n","protected":false},"featured_media":37736,"comment_status":"open","ping_status":"closed","template":"","meta":[],"product_brand":[],"product_cat":[17],"product_tag":[],"class_list":{"0":"post-37734","1":"product","2":"type-product","3":"status-publish","4":"has-post-thumbnail","6":"product_cat-einzelheft","8":"first","9":"instock","10":"taxable","11":"shipping-taxable","12":"product-type-simple"},"_links":{"self":[{"href":"https:\/\/www.handmadekultur.de\/shop\/wp-json\/wp\/v2\/product\/37734","targetHints":{"allow":["GET"]}}],"collection":[{"href":"https:\/\/www.handmadekultur.de\/shop\/wp-json\/wp\/v2\/product"}],"about":[{"href":"https:\/\/www.handmadekultur.de\/shop\/wp-json\/wp\/v2\/types\/product"}],"replies":[{"embeddable":true,"href":"https:\/\/www.handmadekultur.de\/shop\/wp-json\/wp\/v2\/comments?post=37734"}],"wp:featuredmedia":[{"embeddable":true,"href":"https:\/\/www.handmadekultur.de\/shop\/wp-json\/wp\/v2\/media\/37736"}],"wp:attachment":[{"href":"https:\/\/www.handmadekultur.de\/shop\/wp-json\/wp\/v2\/media?parent=37734"}],"wp:term":[{"taxonomy":"product_brand","embeddable":true,"href":"https:\/\/www.handmadekultur.de\/shop\/wp-json\/wp\/v2\/product_brand?post=37734"},{"taxonomy":"product_cat","embeddable":true,"href":"https:\/\/www.handmadekultur.de\/shop\/wp-json\/wp\/v2\/product_cat?post=37734"},{"taxonomy":"product_tag","embeddable":true,"href":"https:\/\/www.handmadekultur.de\/shop\/wp-json\/wp\/v2\/product_tag?post=37734"}],"curies":[{"name":"wp","href":"https:\/\/api.w.org\/{rel}","templated":true}]}}