{"id":42470,"date":"2017-02-25T19:52:50","date_gmt":"2017-02-25T18:52:50","guid":{"rendered":"https:\/\/www.handmadekultur.de\/shop\/?post_type=product&#038;p=42470"},"modified":"2017-09-30T17:53:27","modified_gmt":"2017-09-30T15:53:27","slug":"handmade-kultur-magazin-012017","status":"publish","type":"product","link":"https:\/\/www.handmadekultur.de\/shop\/produkt\/handmade-kultur-magazin-012017","title":{"rendered":"Handmade Kultur Magazin 01\/2017"},"content":{"rendered":"<h2>Anleitungen zum Selbermachen:<\/h2>\n<p><b>\/\/ N\u00c4HEN<\/b><br \/>\n1. Baden oder Bummeln &#8230; <strong>Mantel<\/strong> mit N\u00e4hanleitung und <em>Schnittmuster zum Downloaden<\/em> <i> <\/i><br \/>\n2. Starbesetzung &#8230; <strong>Bluse<\/strong> (Kurzarm und Langarm) <i>mit Schnittmuster im Heft<\/i><\/p>\n<p><iframe loading=\"lazy\" title=\"N\u00e4hanleitung: Bluse mit Kellerfalten (HANDMADE Kultur Magazin 1\/2017\" width=\"980\" height=\"551\" src=\"https:\/\/www.youtube.com\/embed\/N9WwRB9XvMI?feature=oembed\" frameborder=\"0\" allow=\"accelerometer; autoplay; clipboard-write; encrypted-media; gyroscope; picture-in-picture\" allowfullscreen><\/iframe><\/p>\n<p><b>\/\/ <b>WOLLE<\/b><\/b><br \/>\n3. We cheer you up! &#8230; und Kn\u00fcpfen Fransen in die <strong>Weste<\/strong><br \/>\n4. Caribbean Bowl &#8230; Die <strong>Statementkette <\/strong> aus Strick von Blogstar frau liebling<\/p>\n<p><b>\/\/ <b>UPCYCLING<\/b><\/b><br \/>\n5. Das <strong>Bastelbattle<\/strong> &#8230; Seht, was geht! Aus Schraubgl\u00e4sern, alten Magazinen und Plastikverschl\u00fcssen<br \/>\n6. 20.000 Meilen unter dem Meer &#8230; Eine Abdeckhaube wird zum <strong>Lampenschirm<\/strong><br \/>\n7. Heldenhaftes Superglas &#8230; die <strong>Comicvase <\/strong>aus Papiermasch<strong>\u00e9<\/strong><br \/>\n8. Die T\u00fctenmanufaktur &#8230; Coole T\u00fcten aus<strong> Tetrapaks<br \/>\n<\/strong>9. Utensilo auf R\u00e4dern aus <strong>Obstkisten<\/strong><\/p>\n<p><b>\/\/ CUSTOMIZE<\/b><br \/>\n10. Shirt T\u00fct\u00fc &#8230; Mach deinem T-Shirt die Schleife!<\/p>\n<p>\/\/<strong>DIE BAUM\u00c4RKTIN<\/strong><br \/>\n11. the fitting table &#8230; der <strong>Beistelltisch<\/strong> aus Kupferrohr und Fittings aus der Badabteilung<\/p>\n<p><b>\/\/ <b>DIYs<\/b><\/b><br \/>\n12. Sch\u00f6ner Stapeln! &#8230; Wie aus M\u00fcslischalen eine <strong>Vase <\/strong>wird. Von Blogstar Sinnenrausch<strong><br \/>\n<\/strong>13. The world on a plate! &#8230; Das<strong> Reisememory <\/strong>von Blogstar KatiMakeIt<strong><br \/>\n<\/strong><\/p>\n<p><b>\/ SCHMUCK<\/b><br \/>\n12. Eine Homage an den Punk! &#8230; <strong>Collier <\/strong>aus Sicherheitsnadeln<strong><br \/>\n<\/strong><\/p>\n<h2>Und sonst noch? Schaut in das Inhaltsverzeichnis:<\/h2>\n<h2><a class=\"zoom\" href=\"\/shop\/media\/04-05_inhalt_weiss.png\"><img loading=\"lazy\" decoding=\"async\" class=\"alignnone wp-image-42485 size-inhaltsverzeichnis\" src=\"\/shop\/media\/04-05_inhalt_weiss-700x446.png\" width=\"700\" height=\"446\" srcset=\"https:\/\/www.handmadekultur.de\/shop\/media\/04-05_inhalt_weiss-700x446.png 700w, https:\/\/www.handmadekultur.de\/shop\/media\/04-05_inhalt_weiss-416x265.png 416w, https:\/\/www.handmadekultur.de\/shop\/media\/04-05_inhalt_weiss-150x96.png 150w, https:\/\/www.handmadekultur.de\/shop\/media\/04-05_inhalt_weiss-300x191.png 300w, https:\/\/www.handmadekultur.de\/shop\/media\/04-05_inhalt_weiss-768x489.png 768w, https:\/\/www.handmadekultur.de\/shop\/media\/04-05_inhalt_weiss-1024x652.png 1024w, https:\/\/www.handmadekultur.de\/shop\/media\/04-05_inhalt_weiss-36x23.png 36w, https:\/\/www.handmadekultur.de\/shop\/media\/04-05_inhalt_weiss-220x140.png 220w, https:\/\/www.handmadekultur.de\/shop\/media\/04-05_inhalt_weiss-400x255.png 400w, https:\/\/www.handmadekultur.de\/shop\/media\/04-05_inhalt_weiss-32x20.png 32w, https:\/\/www.handmadekultur.de\/shop\/media\/04-05_inhalt_weiss.png 1247w\" sizes=\"auto, (max-width: 700px) 100vw, 700px\" \/><\/a><\/h2>\n","protected":false},"excerpt":{"rendered":"<p><b>2 Schnittmuster<\/b>, viele Styles: N\u00c4H DICH IN DEN FR\u00dcHLING! *** UPCYCLING 3.0: Das gro\u00dfe Handmade Kultur Battle *** Wir wollen uns ver\u00e4ndern! <b>TIPPS ZUM DURCHSTARTEN<\/b><\/p>\n","protected":false},"featured_media":42472,"comment_status":"open","ping_status":"closed","template":"","meta":[],"product_brand":[],"product_cat":[17],"product_tag":[],"class_list":{"0":"post-42470","1":"product","2":"type-product","3":"status-publish","4":"has-post-thumbnail","6":"product_cat-einzelheft","8":"first","9":"instock","10":"taxable","11":"shipping-taxable","12":"product-type-simple"},"_links":{"self":[{"href":"https:\/\/www.handmadekultur.de\/shop\/wp-json\/wp\/v2\/product\/42470","targetHints":{"allow":["GET"]}}],"collection":[{"href":"https:\/\/www.handmadekultur.de\/shop\/wp-json\/wp\/v2\/product"}],"about":[{"href":"https:\/\/www.handmadekultur.de\/shop\/wp-json\/wp\/v2\/types\/product"}],"replies":[{"embeddable":true,"href":"https:\/\/www.handmadekultur.de\/shop\/wp-json\/wp\/v2\/comments?post=42470"}],"wp:featuredmedia":[{"embeddable":true,"href":"https:\/\/www.handmadekultur.de\/shop\/wp-json\/wp\/v2\/media\/42472"}],"wp:attachment":[{"href":"https:\/\/www.handmadekultur.de\/shop\/wp-json\/wp\/v2\/media?parent=42470"}],"wp:term":[{"taxonomy":"product_brand","embeddable":true,"href":"https:\/\/www.handmadekultur.de\/shop\/wp-json\/wp\/v2\/product_brand?post=42470"},{"taxonomy":"product_cat","embeddable":true,"href":"https:\/\/www.handmadekultur.de\/shop\/wp-json\/wp\/v2\/product_cat?post=42470"},{"taxonomy":"product_tag","embeddable":true,"href":"https:\/\/www.handmadekultur.de\/shop\/wp-json\/wp\/v2\/product_tag?post=42470"}],"curies":[{"name":"wp","href":"https:\/\/api.w.org\/{rel}","templated":true}]}}