{"id":43039,"date":"2017-06-27T21:53:35","date_gmt":"2017-06-27T19:53:35","guid":{"rendered":"https:\/\/www.handmadekultur.de\/shop\/?post_type=product&#038;p=43039"},"modified":"2021-03-14T19:16:53","modified_gmt":"2021-03-14T18:16:53","slug":"handmade-kultur-magazin-022017","status":"publish","type":"product","link":"https:\/\/www.handmadekultur.de\/shop\/produkt\/handmade-kultur-magazin-022017","title":{"rendered":"Handmade Kultur Magazin 02\/2017"},"content":{"rendered":"<h2>Anleitungen zum Selbermachen:<\/h2>\n<p><i><\/i><b>\/\/ <b>H\u00c4KELN<\/b><\/b><br \/>\n1. Einhorn Ahoi! &#8230; das <strong>Einhorn-Kissen<\/strong> zum Ankuscheln. Mit H\u00e4kelanleitung<br \/>\n2. Coole Teile f\u00fcr laue Sommerabende &#8230;<br \/>\nder <strong>Pullover f\u00fcr sie <\/strong>im Intasienmuster und<br \/>\nein <strong>Damen-H\u00e4kelmantel<\/strong><\/p>\n<p><b>\/\/ <b>STRICKEN<\/b><\/b><br \/>\n3. Noch mehr coole Teile f\u00fcr laue Sommerabende &#8230;<br \/>\nder <strong>Pullover f\u00fcr sie <\/strong>im Intasienmuster,<br \/>\ndie Strickjacke f\u00fcr ihn,<br \/>\nder Rollkragenpullover f\u00fcr ihn (<a href=\"https:\/\/www.handmadekultur.de\/strickanleitungen\/strickanleitung-herren-rollkragenpullover\">PDF Download<\/a>) und<br \/>\n<strong>das sch\u00f6nste Tuch der Welt<\/strong> (ein Dreiecktuch)!<\/p>\n<p><b>\/\/ BASTELN<br \/>\n<\/b>4. Seht, was geht! &#8230; Aus Schaschlikspie\u00dfen, Eierkartons und Polsterfolie. D\u00f6rte, Greta und Anika treten gegeneinander an!<br \/>\n5. Ein knorke <strong>Kork-Kaktus <\/strong>zum Pinnen!<br \/>\n6. <strong>Sonnenbrillen-Halter<\/strong> aus Flip-Flops<\/p>\n<p><b>\/\/ DIY FASHION<\/b><br \/>\n7. Button Masala &#8230; <strong>Kleider ohne Naht<\/strong>, der neue Trend aus Indien<strong><br \/>\n<\/strong>8. Topping f\u00fcr die F\u00fc\u00dfe &#8230; <strong>Adiletten mit Kuschelhaupt<\/strong><\/p>\n<p><b>\/\/ N\u00c4HEN<\/b><br \/>\n9. Flying Yoga &#8230; <strong>Sport-Leggins, Bustier und Oversize-Shirt<\/strong> mit N\u00e4hanleitung und <em>Schnittmuster zum Downloaden<\/em> <i> <\/i><\/p>\n<p><b>\/\/ CUSTOMIZE<\/b><br \/>\n10. Jogging Rocking &#8230; Seine Hose wird dein<strong> Joggingrock<\/strong>! <em>Mi<\/em><i>t Anleitung, wie man den Zweibeiner umschneidert.<\/i><\/p>\n<p>\/\/<strong>DAS KINDERPROJEKT<\/strong><br \/>\n11. Kommt ihr mit in den Wald? &#8230; zum F\u00e4hrten lesen und<strong> Tierspuren sichern<\/strong><\/p>\n<p><b>\/\/ BLOGSTAR <b>DIYs<\/b><\/b><br \/>\n12. Sommer auf Halmen &#8230; Paula P\u00fcnktchen baut einen <strong>Untersetzer<\/strong> aus Trinkhalmen<strong><br \/>\n<\/strong>13. Hinter Glas &#8230; Eaudecollage baut ein<strong> Terrarium <\/strong>aus Bilderrahmen<strong><br \/>\n<\/strong>14. Innere Sch\u00f6nheit &#8230; Mohntage gestaltet ein<strong> Matrjoschka-Mobile<br \/>\n<\/strong><\/p>\n<p><b>\/\/ WOHNEN<br \/>\n<\/b>15. Reifen im Ruhestand &#8230; Ein alter Mofareifen wird zum <strong>Beistelltisch mit Geheimfach<\/strong><br \/>\n<b><br \/>\n<\/b><\/p>\n<h2>Und sonst noch? Schaut in das Inhaltsverzeichnis:<\/h2>\n<h2><a class=\"zoom\" href=\"\/shop\/media\/2017_02_web-inhalt.png\"><img loading=\"lazy\" decoding=\"async\" class=\" alignnone wp-image-43053 size-inhaltsverzeichnis\" src=\"\/shop\/media\/2017_02_web-inhalt-700x434.png\" width=\"700\" height=\"434\" srcset=\"https:\/\/www.handmadekultur.de\/shop\/media\/2017_02_web-inhalt-700x434.png 700w, https:\/\/www.handmadekultur.de\/shop\/media\/2017_02_web-inhalt-416x258.png 416w, https:\/\/www.handmadekultur.de\/shop\/media\/2017_02_web-inhalt-150x93.png 150w, https:\/\/www.handmadekultur.de\/shop\/media\/2017_02_web-inhalt-300x186.png 300w, https:\/\/www.handmadekultur.de\/shop\/media\/2017_02_web-inhalt-768x477.png 768w, https:\/\/www.handmadekultur.de\/shop\/media\/2017_02_web-inhalt-1024x636.png 1024w, https:\/\/www.handmadekultur.de\/shop\/media\/2017_02_web-inhalt-36x22.png 36w, https:\/\/www.handmadekultur.de\/shop\/media\/2017_02_web-inhalt-220x137.png 220w, https:\/\/www.handmadekultur.de\/shop\/media\/2017_02_web-inhalt-400x248.png 400w, https:\/\/www.handmadekultur.de\/shop\/media\/2017_02_web-inhalt-32x20.png 32w, https:\/\/www.handmadekultur.de\/shop\/media\/2017_02_web-inhalt.png 1247w\" sizes=\"auto, (max-width: 700px) 100vw, 700px\" \/><\/a><\/h2>\n","protected":false},"excerpt":{"rendered":"<p>YOGA-OUTFIT: Leggins, Bustier und Shirt zum Selbern\u00e4hen mit <b>3 Schnittmustern<\/b> zum Download *** H\u00c4KELN UND STRICKEN: Coole Teile f\u00fcr laue Sommerabende<\/p>\n","protected":false},"featured_media":43052,"comment_status":"open","ping_status":"closed","template":"","meta":[],"product_brand":[],"product_cat":[17],"product_tag":[],"class_list":{"0":"post-43039","1":"product","2":"type-product","3":"status-publish","4":"has-post-thumbnail","6":"product_cat-einzelheft","8":"first","9":"instock","10":"taxable","11":"shipping-taxable","12":"product-type-simple"},"_links":{"self":[{"href":"https:\/\/www.handmadekultur.de\/shop\/wp-json\/wp\/v2\/product\/43039","targetHints":{"allow":["GET"]}}],"collection":[{"href":"https:\/\/www.handmadekultur.de\/shop\/wp-json\/wp\/v2\/product"}],"about":[{"href":"https:\/\/www.handmadekultur.de\/shop\/wp-json\/wp\/v2\/types\/product"}],"replies":[{"embeddable":true,"href":"https:\/\/www.handmadekultur.de\/shop\/wp-json\/wp\/v2\/comments?post=43039"}],"wp:featuredmedia":[{"embeddable":true,"href":"https:\/\/www.handmadekultur.de\/shop\/wp-json\/wp\/v2\/media\/43052"}],"wp:attachment":[{"href":"https:\/\/www.handmadekultur.de\/shop\/wp-json\/wp\/v2\/media?parent=43039"}],"wp:term":[{"taxonomy":"product_brand","embeddable":true,"href":"https:\/\/www.handmadekultur.de\/shop\/wp-json\/wp\/v2\/product_brand?post=43039"},{"taxonomy":"product_cat","embeddable":true,"href":"https:\/\/www.handmadekultur.de\/shop\/wp-json\/wp\/v2\/product_cat?post=43039"},{"taxonomy":"product_tag","embeddable":true,"href":"https:\/\/www.handmadekultur.de\/shop\/wp-json\/wp\/v2\/product_tag?post=43039"}],"curies":[{"name":"wp","href":"https:\/\/api.w.org\/{rel}","templated":true}]}}