{"id":44918,"date":"2021-03-14T00:34:32","date_gmt":"2021-03-13T23:34:32","guid":{"rendered":"https:\/\/www.handmadekultur.de\/shop\/?post_type=product&#038;p=44918"},"modified":"2021-03-14T18:56:52","modified_gmt":"2021-03-14T17:56:52","slug":"bluse-evelyn-mit-schnittmuster-und-videoanleitung","status":"publish","type":"product","link":"https:\/\/www.handmadekultur.de\/shop\/produkt\/bluse-evelyn-mit-schnittmuster-und-videoanleitung","title":{"rendered":"Bluse Evelyn (N\u00e4hanleitung mit Schnittmuster und Videoanleitung)"},"content":{"rendered":"<p>Es gibt die Bluse in zwei verschiedenen Versionen: Einmal als Kurzarm-Variante mit gekr\u00e4uselt und einfach eingesetzten \u00c4rmeln und als Langarm-Variante, ebenfalls mit gekr\u00e4uselt und einfach eingesetzten \u00c4rmeln. (In den beiden Modellen auf den Fotos sind die gekr\u00e4uselt eingesetzten \u00c4rmel als Kurz- und Langarmvariante zu sehen.)<\/p>\n<p><strong>Material\/Stoff:<br \/>\n<\/strong><br \/>\nKurzarm XS\u2013M: 130 x 140 cm<br \/>\nLangarm XS\u2013M: 170 x 140 cm<\/p>\n<p>Kurzarm L\u2013XXL: 225 x 140 cm<br \/>\nLangarm L\u2013XXL: 250 x 140 cm<\/p>\n<p>Einlage fu\u0308r Beleg: 20 x 60 cm<\/p>\n<p>Nur fu\u0308r feine Stoffe (z. B. Seide): Vlieseline-Formband (3 m x 1 cm) zur Verst\u00e4rkung der Kanten von Halsloch, Armloch, Schlitz, Schultern, bei der Kurzarmbluse zus\u00e4tzlich fu\u0308r die Saumkante des \u00c4rmels<\/p>\n<p>kleiner Knopf mit Steg<\/p>\n<p>Gummiband: 0,7 x 200 cm (Taillenumfang plus 2 x Handgelenkumfang)<\/p>\n<p>N\u00e4hgarn<\/p>\n<p><strong>Werkzeuge:<br \/>\n<\/strong>N\u00e4hmaschine, ggf. Overlock, Schere, Stecknadeln, N\u00e4hnadel<\/p>\n<p><strong>Zum Anleitungsvideo:<br \/>\n<\/strong><a href=\"https:\/\/youtu.be\/N9WwRB9XvMI\">https:\/\/youtu.be\/N9WwRB9XvMI<\/a><\/p>\n<p><em>Schnittmuster und Anleitung stehen dir als separate PDFs nach Abschluss des Bezahlvorganges sofort als Download zur Verf\u00fcgung.<\/em><\/p>\n","protected":false},"excerpt":{"rendered":"<p><strong>Wir sind begeistert! Madame Evelyn meistert spielend jede Rolle: ob Lolita, Mrs. Rockabilly oder die geheimnisvolle Sch\u00f6ne. Sie ist die perfekte Besetzung f\u00fcr alles, was du schon immer sein wolltest. Voil\u00e0, hier ist das Drehbuch!<\/strong><\/p>\n<p>Die Bluse Evelyn wartet mit zwei modischen Details auf: da sind einmal die<strong> Kellerfalten<\/strong>, ausgehend vom vorderen und hinteren Halsausschnitt, die f\u00fcr einen flie\u00dfenden und fluffigen Fall sorgen. Das zweite Detail ist der <strong>Stegverschluss<\/strong> hinten am Hals. \u00dcbrigens: Wer sich das nicht zutraut, es geht auch ohne! Absolutes Plus: Das Schnittmuster gibt es auch in <strong>\u00dcbergr\u00f6\u00dfen<\/strong>!<\/p>\n<p><strong>Gr\u00f6\u00dfen: <\/strong>Das Schnittmuster ist in den <strong>Gr\u00f6\u00dfen XS bis XXL<\/strong> verf\u00fcgbar.<\/p>\n<p><strong>Schwierigkeitsgrad:<\/strong> <strong>***<\/strong>\/**<\/p>\n","protected":false},"featured_media":44955,"comment_status":"open","ping_status":"closed","template":"","meta":[],"product_brand":[],"product_cat":[227,210,42,221],"product_tag":[228,229,230,231,58,50,232,217],"class_list":{"0":"post-44918","1":"product","2":"type-product","3":"status-publish","4":"has-post-thumbnail","6":"product_cat-blusen","7":"product_cat-damen-schnittmuster","8":"product_cat-schnittmuster","9":"product_cat-startseite","10":"product_tag-bluse","11":"product_tag-kellerfalten","12":"product_tag-kurzarm","13":"product_tag-langarmanleitung","14":"product_tag-naehen","15":"product_tag-schnittmuster","16":"product_tag-steg","17":"product_tag-videoanleitung","19":"first","20":"instock","21":"downloadable","22":"virtual","23":"taxable","24":"purchasable","25":"product-type-simple"},"_links":{"self":[{"href":"https:\/\/www.handmadekultur.de\/shop\/wp-json\/wp\/v2\/product\/44918","targetHints":{"allow":["GET"]}}],"collection":[{"href":"https:\/\/www.handmadekultur.de\/shop\/wp-json\/wp\/v2\/product"}],"about":[{"href":"https:\/\/www.handmadekultur.de\/shop\/wp-json\/wp\/v2\/types\/product"}],"replies":[{"embeddable":true,"href":"https:\/\/www.handmadekultur.de\/shop\/wp-json\/wp\/v2\/comments?post=44918"}],"wp:featuredmedia":[{"embeddable":true,"href":"https:\/\/www.handmadekultur.de\/shop\/wp-json\/wp\/v2\/media\/44955"}],"wp:attachment":[{"href":"https:\/\/www.handmadekultur.de\/shop\/wp-json\/wp\/v2\/media?parent=44918"}],"wp:term":[{"taxonomy":"product_brand","embeddable":true,"href":"https:\/\/www.handmadekultur.de\/shop\/wp-json\/wp\/v2\/product_brand?post=44918"},{"taxonomy":"product_cat","embeddable":true,"href":"https:\/\/www.handmadekultur.de\/shop\/wp-json\/wp\/v2\/product_cat?post=44918"},{"taxonomy":"product_tag","embeddable":true,"href":"https:\/\/www.handmadekultur.de\/shop\/wp-json\/wp\/v2\/product_tag?post=44918"}],"curies":[{"name":"wp","href":"https:\/\/api.w.org\/{rel}","templated":true}]}}