{"id":44923,"date":"2021-03-14T00:34:32","date_gmt":"2021-03-13T23:34:32","guid":{"rendered":"https:\/\/www.handmadekultur.de\/shop\/?post_type=product&#038;p=44923"},"modified":"2021-03-14T18:41:03","modified_gmt":"2021-03-14T17:41:03","slug":"pullover-gunda-mit-schnittmuster","status":"publish","type":"product","link":"https:\/\/www.handmadekultur.de\/shop\/produkt\/pullover-gunda-mit-schnittmuster","title":{"rendered":"Pullover Gunda (N\u00e4hanleitung mit Schnittmuster)"},"content":{"rendered":"<p>Und das ben\u00f6tigt ihr:<\/p>\n<p><strong>Stoffverbrauch:<\/strong><\/p>\n<ul>\n<li>150 cm bei 150 cm Stoffbreite<\/li>\n<li>Zuschnitt im Bruch: 170 cm L\u00e4nge bei 150 cm Stoffbreite<\/li>\n<\/ul>\n<p><strong>Werkzeuge:<\/strong><\/p>\n<ul>\n<li>N\u00e4hmaschine<\/li>\n<li>ggf. Overlock<\/li>\n<li>Schere<\/li>\n<li>Stecknadeln<\/li>\n<li>Garn<\/li>\n<li>Ma\u00dfband<\/li>\n<li>Schneiderkreide<\/li>\n<li>f\u00fcr Jersey und Sweatshirtstoff: Jersey-Nadel f\u00fcr die N\u00e4hmaschine<\/li>\n<\/ul>\n","protected":false},"excerpt":{"rendered":"<p>Das HANDMADE Kultur Schnittmuster \u201eGunda\u201c ist ein Pullover mit <strong>Fledermaus\u00e4rmeln<\/strong>. Der Schnitt eignet sich f\u00fcr die Verwendung von zwei verschiedenen Stoffdesigns. Er ist in den <strong>Gr\u00f6\u00dfe XS, S, M, L, XL und XXL<\/strong> verf\u00fcgbar. Das N\u00e4hen des Pullovers setzt keine besonderen N\u00e4hkenntnisse voraus und ist deshalb <strong>perfekt geeignet f\u00fcr N\u00e4hanf\u00e4nger<\/strong>. ACHTUNG: Dieses Schnittmuster ist auch f\u00fcr<strong> oversized Gr\u00f6\u00dfen!<\/strong><\/p>\n<p><strong>GR\u00d6SSEN:<\/strong> XS bis XXL<\/p>\n<p><strong>SCHWIERIGKEITSGRAD: *<\/strong>\/****<\/p>\n","protected":false},"featured_media":45012,"comment_status":"open","ping_status":"closed","template":"","meta":[],"product_brand":[],"product_cat":[210,253,42],"product_tag":[257,258,58,254,238,50,255,256],"class_list":{"0":"post-44923","1":"product","2":"type-product","3":"status-publish","4":"has-post-thumbnail","6":"product_cat-damen-schnittmuster","7":"product_cat-pullover","8":"product_cat-schnittmuster","9":"product_tag-fledermausaermel","10":"product_tag-mode","11":"product_tag-naehen","12":"product_tag-pullover","13":"product_tag-schneidern","14":"product_tag-schnittmuster","15":"product_tag-selbernaehen","16":"product_tag-shirt","18":"first","19":"instock","20":"downloadable","21":"virtual","22":"taxable","23":"purchasable","24":"product-type-simple"},"_links":{"self":[{"href":"https:\/\/www.handmadekultur.de\/shop\/wp-json\/wp\/v2\/product\/44923","targetHints":{"allow":["GET"]}}],"collection":[{"href":"https:\/\/www.handmadekultur.de\/shop\/wp-json\/wp\/v2\/product"}],"about":[{"href":"https:\/\/www.handmadekultur.de\/shop\/wp-json\/wp\/v2\/types\/product"}],"replies":[{"embeddable":true,"href":"https:\/\/www.handmadekultur.de\/shop\/wp-json\/wp\/v2\/comments?post=44923"}],"wp:featuredmedia":[{"embeddable":true,"href":"https:\/\/www.handmadekultur.de\/shop\/wp-json\/wp\/v2\/media\/45012"}],"wp:attachment":[{"href":"https:\/\/www.handmadekultur.de\/shop\/wp-json\/wp\/v2\/media?parent=44923"}],"wp:term":[{"taxonomy":"product_brand","embeddable":true,"href":"https:\/\/www.handmadekultur.de\/shop\/wp-json\/wp\/v2\/product_brand?post=44923"},{"taxonomy":"product_cat","embeddable":true,"href":"https:\/\/www.handmadekultur.de\/shop\/wp-json\/wp\/v2\/product_cat?post=44923"},{"taxonomy":"product_tag","embeddable":true,"href":"https:\/\/www.handmadekultur.de\/shop\/wp-json\/wp\/v2\/product_tag?post=44923"}],"curies":[{"name":"wp","href":"https:\/\/api.w.org\/{rel}","templated":true}]}}