{"id":44927,"date":"2021-03-14T00:34:33","date_gmt":"2021-03-13T23:34:33","guid":{"rendered":"https:\/\/www.handmadekultur.de\/shop\/?post_type=product&#038;p=44927"},"modified":"2021-03-14T19:12:02","modified_gmt":"2021-03-14T18:12:02","slug":"strickschal-lotta","status":"publish","type":"product","link":"https:\/\/www.handmadekultur.de\/shop\/produkt\/strickschal-lotta","title":{"rendered":"Strickschal Lotta (Anleitung mit Strickmuster)"},"content":{"rendered":"<p>Das ben\u00f6tigt ihr:<\/p>\n<p><strong>Material<\/strong><\/p>\n<ul>\n<li>18 Kn\u00e4uel (100\u2009g\u2009\/170\u2009m Laufl\u00e4nge), z.\u2009B. Rowan Poor Wool Aran<\/li>\n<\/ul>\n<p><strong>Werkzeug<\/strong><\/p>\n<ul>\n<li>Rundstricknadel, St\u00e4rke 4,5<\/li>\n<li>Sicherheitsnadeln<\/li>\n<li>Nadelspiel St\u00e4rke 4,5<\/li>\n<li>ggf. Pompon-Maker<\/li>\n<\/ul>\n<p><strong>Grundtechniken<\/strong><\/p>\n<ul>\n<li>Glatt rechts: Runden re. M stricken.<\/li>\n<li>Der gesamte Schal wird als Schlauch gestrickt. Er beginnt mit vielen d\u00fcnnen Schl\u00e4uchen, die zu immer gr\u00f6\u00dferen zusammengestrickt werden, um sich am anderen Ende wieder zu immer d\u00fcnneren Schl\u00e4uchen zu verzweigen. Die Schl\u00e4uche sind nebeneinander angeordnet (siehe Strickschema). Alle Schl\u00e4uche werden in Runden glatt rechts gestrickt.<\/li>\n<\/ul>\n<p><em>Schnittmuster und Anleitung stehen dir als separate PDFs nach Abschluss des Bezahlvorganges sofort als Download zur Verf\u00fcgung.<\/em><\/p>\n","protected":false},"excerpt":{"rendered":"<p>Dieser Schal ist <strong>Stola<\/strong>, <strong>Kapuze<\/strong>, <strong>w\u00e4rmender Gurt<\/strong> oder einfach nur ein <strong>Schal<\/strong>. Egal wie du ihn tr\u00e4gst, mit ihm siehst du immer gut aus!<\/p>\n","protected":false},"featured_media":45043,"comment_status":"open","ping_status":"closed","template":"","meta":[],"product_brand":[],"product_cat":[184,266,221,161],"product_tag":[267,268,269,270,113,57,271],"class_list":{"0":"post-44927","1":"product","2":"type-product","3":"status-publish","4":"has-post-thumbnail","6":"product_cat-damen-strickanleitungen","7":"product_cat-schals-tuecher","8":"product_cat-startseite","9":"product_cat-strickanleitungen","10":"product_tag-bommelschal","11":"product_tag-pompom","12":"product_tag-pompon","13":"product_tag-schal","14":"product_tag-strickanleitung","15":"product_tag-stricken","16":"product_tag-strickschal","18":"first","19":"instock","20":"downloadable","21":"taxable","22":"shipping-taxable","23":"purchasable","24":"product-type-simple"},"_links":{"self":[{"href":"https:\/\/www.handmadekultur.de\/shop\/wp-json\/wp\/v2\/product\/44927","targetHints":{"allow":["GET"]}}],"collection":[{"href":"https:\/\/www.handmadekultur.de\/shop\/wp-json\/wp\/v2\/product"}],"about":[{"href":"https:\/\/www.handmadekultur.de\/shop\/wp-json\/wp\/v2\/types\/product"}],"replies":[{"embeddable":true,"href":"https:\/\/www.handmadekultur.de\/shop\/wp-json\/wp\/v2\/comments?post=44927"}],"wp:featuredmedia":[{"embeddable":true,"href":"https:\/\/www.handmadekultur.de\/shop\/wp-json\/wp\/v2\/media\/45043"}],"wp:attachment":[{"href":"https:\/\/www.handmadekultur.de\/shop\/wp-json\/wp\/v2\/media?parent=44927"}],"wp:term":[{"taxonomy":"product_brand","embeddable":true,"href":"https:\/\/www.handmadekultur.de\/shop\/wp-json\/wp\/v2\/product_brand?post=44927"},{"taxonomy":"product_cat","embeddable":true,"href":"https:\/\/www.handmadekultur.de\/shop\/wp-json\/wp\/v2\/product_cat?post=44927"},{"taxonomy":"product_tag","embeddable":true,"href":"https:\/\/www.handmadekultur.de\/shop\/wp-json\/wp\/v2\/product_tag?post=44927"}],"curies":[{"name":"wp","href":"https:\/\/api.w.org\/{rel}","templated":true}]}}