{"id":44929,"date":"2021-03-14T00:34:33","date_gmt":"2021-03-13T23:34:33","guid":{"rendered":"https:\/\/www.handmadekultur.de\/shop\/?post_type=product&#038;p=44929"},"modified":"2025-06-03T19:14:33","modified_gmt":"2025-06-03T17:14:33","slug":"lampenschirm-luna-5","status":"publish","type":"product","link":"https:\/\/www.handmadekultur.de\/shop\/produkt\/lampenschirm-luna-5","title":{"rendered":"Lampenschirm Luna 5 (H\u00e4kelanleitung)"},"content":{"rendered":"<p>Das wird ben\u00f6tigt:<\/p>\n<p><strong>Material<\/strong><\/p>\n<ul>\n<li>10er H\u00e4kelgarn<\/li>\n<li>Stoffsteife<\/li>\n<li>Luftballon (keine Tropfenform, sondern eine runde Form, z. B. ein sogenannter Punching-Ball als Luftballon)<\/li>\n<\/ul>\n<p><strong>Werkzeug<\/strong><\/p>\n<ul>\n<li>0,75 H\u00e4kelnadel<\/li>\n<\/ul>\n<p><em>Die Anleitung steht dir als separates PDF nach Abschluss des Bezahlvorganges sofort als Download zur Verf\u00fcgung.<\/em><\/p>\n<p>&nbsp;<\/p>\n","protected":false},"excerpt":{"rendered":"<p>Der Lampenschirm besteht aus 20 geh\u00e4kelten Sechsecken und 12 geh\u00e4kelten F\u00fcnfecken. Das N\u00e4hschema f\u00fcr die LUNA 5 ist identisch mit dem eines Fu\u00dfballs. Die Gr\u00f6\u00dfe betr\u00e4gt ca. 60 cm Durchmesser.<\/p>\n","protected":false},"featured_media":45058,"comment_status":"open","ping_status":"closed","template":"","meta":[],"product_brand":[],"product_cat":[203,164,282,221,204],"product_tag":[283,284,72,285],"class_list":{"0":"post-44929","1":"product","2":"type-product","3":"status-publish","4":"has-post-thumbnail","6":"product_cat-accessoires-haekelanleitungen","7":"product_cat-haekelanleitungen","8":"product_cat-lampen","9":"product_cat-startseite","10":"product_cat-wohnen","11":"product_tag-crocket","12":"product_tag-gehaekelter-lampenschirm","13":"product_tag-haekeln","14":"product_tag-luna-5","16":"first","17":"instock","18":"downloadable","19":"taxable","20":"shipping-taxable","21":"purchasable","22":"product-type-simple"},"_links":{"self":[{"href":"https:\/\/www.handmadekultur.de\/shop\/wp-json\/wp\/v2\/product\/44929","targetHints":{"allow":["GET"]}}],"collection":[{"href":"https:\/\/www.handmadekultur.de\/shop\/wp-json\/wp\/v2\/product"}],"about":[{"href":"https:\/\/www.handmadekultur.de\/shop\/wp-json\/wp\/v2\/types\/product"}],"replies":[{"embeddable":true,"href":"https:\/\/www.handmadekultur.de\/shop\/wp-json\/wp\/v2\/comments?post=44929"}],"wp:featuredmedia":[{"embeddable":true,"href":"https:\/\/www.handmadekultur.de\/shop\/wp-json\/wp\/v2\/media\/45058"}],"wp:attachment":[{"href":"https:\/\/www.handmadekultur.de\/shop\/wp-json\/wp\/v2\/media?parent=44929"}],"wp:term":[{"taxonomy":"product_brand","embeddable":true,"href":"https:\/\/www.handmadekultur.de\/shop\/wp-json\/wp\/v2\/product_brand?post=44929"},{"taxonomy":"product_cat","embeddable":true,"href":"https:\/\/www.handmadekultur.de\/shop\/wp-json\/wp\/v2\/product_cat?post=44929"},{"taxonomy":"product_tag","embeddable":true,"href":"https:\/\/www.handmadekultur.de\/shop\/wp-json\/wp\/v2\/product_tag?post=44929"}],"curies":[{"name":"wp","href":"https:\/\/api.w.org\/{rel}","templated":true}]}}