{"id":45061,"date":"2021-03-14T01:06:04","date_gmt":"2021-03-14T00:06:04","guid":{"rendered":"https:\/\/www.handmadekultur.de\/shop\/?post_type=product&#038;p=45061"},"modified":"2022-08-17T04:34:16","modified_gmt":"2022-08-17T02:34:16","slug":"easy-peasy-haekelmuetze-bo-freebie","status":"publish","type":"product","link":"https:\/\/www.handmadekultur.de\/shop\/produkt\/easy-peasy-haekelmuetze-bo-freebie","title":{"rendered":"Easy Peasy H\u00e4kelm\u00fctze Bo (Freebie)"},"content":{"rendered":"<p>Das ben\u00f6tigt ihr:<\/p>\n<p><strong>Material<\/strong><\/p>\n<ul>\n<li>ca. 100 g mittelstarkes Garn<\/li>\n<\/ul>\n<p><strong>Sonstiges<\/strong><\/p>\n<ul>\n<li>H\u00e4kelnadel, St\u00e4rke 6\u20137<\/li>\n<li>stumpfe Nadel (zum F\u00e4den vern\u00e4hen)<\/li>\n<li>Schere<\/li>\n<\/ul>\n","protected":false},"excerpt":{"rendered":"<p>Diese geh\u00e4kelte M\u00fctze ist super easy anzufertigen und super schnell fertig. \u00dcbrigens: \u201eBo\u201c steht ihr und ihm!<\/p>\n","protected":false},"featured_media":45079,"comment_status":"open","ping_status":"closed","template":"","meta":[],"product_brand":[],"product_cat":[165,164,264,295],"product_tag":[296,72,297,298],"class_list":{"0":"post-45061","1":"product","2":"type-product","3":"status-publish","4":"has-post-thumbnail","6":"product_cat-damen","7":"product_cat-haekelanleitungen","8":"product_cat-herren-2","9":"product_cat-muetzen","10":"product_tag-gehaekelte-muetze","11":"product_tag-haekeln","12":"product_tag-muetze","13":"product_tag-runden-haekeln","15":"first","16":"instock","17":"downloadable","18":"virtual","19":"taxable","20":"purchasable","21":"product-type-simple"},"_links":{"self":[{"href":"https:\/\/www.handmadekultur.de\/shop\/wp-json\/wp\/v2\/product\/45061","targetHints":{"allow":["GET"]}}],"collection":[{"href":"https:\/\/www.handmadekultur.de\/shop\/wp-json\/wp\/v2\/product"}],"about":[{"href":"https:\/\/www.handmadekultur.de\/shop\/wp-json\/wp\/v2\/types\/product"}],"replies":[{"embeddable":true,"href":"https:\/\/www.handmadekultur.de\/shop\/wp-json\/wp\/v2\/comments?post=45061"}],"wp:featuredmedia":[{"embeddable":true,"href":"https:\/\/www.handmadekultur.de\/shop\/wp-json\/wp\/v2\/media\/45079"}],"wp:attachment":[{"href":"https:\/\/www.handmadekultur.de\/shop\/wp-json\/wp\/v2\/media?parent=45061"}],"wp:term":[{"taxonomy":"product_brand","embeddable":true,"href":"https:\/\/www.handmadekultur.de\/shop\/wp-json\/wp\/v2\/product_brand?post=45061"},{"taxonomy":"product_cat","embeddable":true,"href":"https:\/\/www.handmadekultur.de\/shop\/wp-json\/wp\/v2\/product_cat?post=45061"},{"taxonomy":"product_tag","embeddable":true,"href":"https:\/\/www.handmadekultur.de\/shop\/wp-json\/wp\/v2\/product_tag?post=45061"}],"curies":[{"name":"wp","href":"https:\/\/api.w.org\/{rel}","templated":true}]}}