{"id":45066,"date":"2021-03-14T01:06:04","date_gmt":"2021-03-14T00:06:04","guid":{"rendered":"https:\/\/www.handmadekultur.de\/shop\/?post_type=product&#038;p=45066"},"modified":"2021-03-14T18:24:03","modified_gmt":"2021-03-14T17:24:03","slug":"shopper-bea-mit-schnittmuster","status":"publish","type":"product","link":"https:\/\/www.handmadekultur.de\/shop\/produkt\/shopper-bea-mit-schnittmuster","title":{"rendered":"Shopper Bea (mit Schnittmuster)"},"content":{"rendered":"<p>Und das ben\u00f6tigt ihr:<\/p>\n<p><strong>Stoffverbrauch:<\/strong><\/p>\n<ul>\n<li>Au\u00dferstoff: 100 cm bei 140 cm Stoffbreite<\/li>\n<li>Innenfutter: 60 cm L\u00e4nge bei 140 cm Stoffbreite<\/li>\n<li>2 alte Kn\u00f6pfe<\/li>\n<li>Rei\u00dfverschluss: 50 cm<\/li>\n<\/ul>\n<p>HINWEIS: F\u00fcr die Tr\u00e4ger kann auch Gurtband verwendet werden.<\/p>\n<p><strong>Werkzeuge:<\/strong><\/p>\n<ul>\n<li>N\u00e4hmaschine<\/li>\n<li>ggf. Overlock<\/li>\n<li>Schere<\/li>\n<li>Stecknadeln<\/li>\n<li>Garn<\/li>\n<li>Ma\u00dfband<\/li>\n<li>Schneiderkreide<\/li>\n<\/ul>\n","protected":false},"excerpt":{"rendered":"<p>Taschen? K\u00f6nnen wir nie genug haben. In diese passt sogar &#8217;ne Menge rein. Eine Innentasche und zwei volumin\u00f6se Au\u00dfentaschen hat sie au\u00dferdem! Habt ihr Lust?<\/p>\n<p><strong>GR\u00d6SSE:<\/strong> ca. B 46 x H 22 x T 15 cm<\/p>\n<p><strong>SCHWIERIGKEITSGRAD: ***<\/strong>\/**<\/p>\n<p>&nbsp;<\/p>\n","protected":false},"featured_media":45100,"comment_status":"open","ping_status":"closed","template":"","meta":[],"product_brand":[],"product_cat":[42,222],"product_tag":[312,313,314,58,315,316,255,317,318],"class_list":{"0":"post-45066","1":"product","2":"type-product","3":"status-publish","4":"has-post-thumbnail","6":"product_cat-schnittmuster","7":"product_cat-taschen","8":"product_tag-bag","9":"product_tag-bea","10":"product_tag-handtasche","11":"product_tag-naehen","12":"product_tag-patterny","13":"product_tag-schultertasche","14":"product_tag-selbernaehen","15":"product_tag-shopper","16":"product_tag-tasche","18":"first","19":"instock","20":"downloadable","21":"virtual","22":"taxable","23":"purchasable","24":"product-type-simple"},"_links":{"self":[{"href":"https:\/\/www.handmadekultur.de\/shop\/wp-json\/wp\/v2\/product\/45066","targetHints":{"allow":["GET"]}}],"collection":[{"href":"https:\/\/www.handmadekultur.de\/shop\/wp-json\/wp\/v2\/product"}],"about":[{"href":"https:\/\/www.handmadekultur.de\/shop\/wp-json\/wp\/v2\/types\/product"}],"replies":[{"embeddable":true,"href":"https:\/\/www.handmadekultur.de\/shop\/wp-json\/wp\/v2\/comments?post=45066"}],"wp:featuredmedia":[{"embeddable":true,"href":"https:\/\/www.handmadekultur.de\/shop\/wp-json\/wp\/v2\/media\/45100"}],"wp:attachment":[{"href":"https:\/\/www.handmadekultur.de\/shop\/wp-json\/wp\/v2\/media?parent=45066"}],"wp:term":[{"taxonomy":"product_brand","embeddable":true,"href":"https:\/\/www.handmadekultur.de\/shop\/wp-json\/wp\/v2\/product_brand?post=45066"},{"taxonomy":"product_cat","embeddable":true,"href":"https:\/\/www.handmadekultur.de\/shop\/wp-json\/wp\/v2\/product_cat?post=45066"},{"taxonomy":"product_tag","embeddable":true,"href":"https:\/\/www.handmadekultur.de\/shop\/wp-json\/wp\/v2\/product_tag?post=45066"}],"curies":[{"name":"wp","href":"https:\/\/api.w.org\/{rel}","templated":true}]}}