{"id":60,"date":"2011-11-12T00:50:08","date_gmt":"2011-11-11T23:50:08","guid":{"rendered":"http:\/\/www.handmadekultur.de\/shop\/?post_type=product&#038;p=60"},"modified":"2021-03-15T21:34:04","modified_gmt":"2021-03-15T20:34:04","slug":"handmade-kultur-magazin-012012","status":"publish","type":"product","link":"https:\/\/www.handmadekultur.de\/shop\/produkt\/handmade-kultur-magazin-012012","title":{"rendered":"Handmade Kultur Magazin 01\/2012"},"content":{"rendered":"<p><em><strong>Mit sieben tollen DIY-Anleitungen aus den Bereichen N\u00e4hen,<br \/>\nKochen, Basteln mit Kindern, Holzwerken, Stricken und Filzen:<\/strong><\/em><\/p>\n<p>1. <strong>Boxershorts<\/strong>, das sehr pers\u00f6nliche Geschenk f\u00fcr ihn. Mit Schnittmuster<\/p>\n<p>2. <strong>Silverstermen\u00fc<\/strong>. Die Harleyrocker von Hamburg rocken die Pfannen<\/p>\n<p>3. Wir basteln uns einen eigenen <strong>Familienplaner<\/strong> oder: Playing with Folder<\/p>\n<p>4. <strong>Weihnachtsb\u00e4ckerei<\/strong>. Das Bastelprojekt f\u00fcr Kinder, komplett aus Recyclingmaterialien<\/p>\n<p>5. Die <strong>Wechsellampe<\/strong>. Mit Schaufenster zum Umdekorieren<\/p>\n<p>6. Die <strong>Filztasche<\/strong>. Originell gestrickt aus Wash it Filzwolle<\/p>\n<p>7. <strong>Bilderrahmen<\/strong>. Gebastelt von Kindern, perfekt als Geschenk<\/p>\n<p><em><strong>Und au\u00dferdem mit tollen redaktionellen Beitr\u00e4gen \u00fcber Themen wie:<\/strong><\/em><\/p>\n<p>Push up your Site<br \/>\nSEO-Tipps f\u00fcr Blgo- und Shopbetreiber<\/p>\n<p>3D-Drucker: Rapid Technologie<br \/>\nHANDMADE Kultur zu Besuch in einem fablab<\/p>\n<p>Zwischen den St\u00fchlen<br \/>\nZu Gast im Hamburger Atelier von Tom Thiel<\/p>\n<p>Die \u00c4sthetik des Widerstands<br \/>\nDer Schmuck von Marina N\u00f6rren<\/p>\n<p>Crashkurs: Produktfotografie<\/p>\n<p>DIY-Stadtplan: M\u00fcnchen<\/p>\n<p>Tu, was du liebst!<br \/>\nEin Interview mit Catharina Bruns von workisnotajob<\/p>\n<p>Drei Online-Stoffdrucker im Vergleich<br \/>\nspoonflower, stoff-schmiede und stoffn.de<\/p>\n<p>&nbsp;<\/p>\n<p>&nbsp;<\/p>\n<p>&nbsp;<\/p>\n<p>&nbsp;<\/p>\n<p>&nbsp;<\/p>\n<p>&nbsp;<\/p>\n","protected":false},"excerpt":{"rendered":"<p><a class=\"button\" href=\"https:\/\/www.handmadekultur.de\/up\/magazin\/HANDMADE_Kultur_2012_01_web.pdf\" target=\"_blank\" rel=\"noopener\">Magazin Download<\/a><\/p>\n","protected":false},"featured_media":24917,"comment_status":"open","ping_status":"closed","template":"","meta":[],"product_brand":[],"product_cat":[37,17],"product_tag":[],"class_list":{"0":"post-60","1":"product","2":"type-product","3":"status-publish","4":"has-post-thumbnail","6":"product_cat-download","7":"product_cat-einzelheft","9":"first","10":"instock","11":"taxable","12":"shipping-taxable","13":"product-type-simple"},"_links":{"self":[{"href":"https:\/\/www.handmadekultur.de\/shop\/wp-json\/wp\/v2\/product\/60","targetHints":{"allow":["GET"]}}],"collection":[{"href":"https:\/\/www.handmadekultur.de\/shop\/wp-json\/wp\/v2\/product"}],"about":[{"href":"https:\/\/www.handmadekultur.de\/shop\/wp-json\/wp\/v2\/types\/product"}],"replies":[{"embeddable":true,"href":"https:\/\/www.handmadekultur.de\/shop\/wp-json\/wp\/v2\/comments?post=60"}],"wp:featuredmedia":[{"embeddable":true,"href":"https:\/\/www.handmadekultur.de\/shop\/wp-json\/wp\/v2\/media\/24917"}],"wp:attachment":[{"href":"https:\/\/www.handmadekultur.de\/shop\/wp-json\/wp\/v2\/media?parent=60"}],"wp:term":[{"taxonomy":"product_brand","embeddable":true,"href":"https:\/\/www.handmadekultur.de\/shop\/wp-json\/wp\/v2\/product_brand?post=60"},{"taxonomy":"product_cat","embeddable":true,"href":"https:\/\/www.handmadekultur.de\/shop\/wp-json\/wp\/v2\/product_cat?post=60"},{"taxonomy":"product_tag","embeddable":true,"href":"https:\/\/www.handmadekultur.de\/shop\/wp-json\/wp\/v2\/product_tag?post=60"}],"curies":[{"name":"wp","href":"https:\/\/api.w.org\/{rel}","templated":true}]}}